{"id":4207,"date":"2026-03-14T15:41:10","date_gmt":"2026-03-14T15:41:10","guid":{"rendered":"https:\/\/www.akcanada.com\/immigrer-au-canada-depuis-le-cameroun-statut-permanent\/"},"modified":"2026-03-16T14:56:01","modified_gmt":"2026-03-16T14:56:01","slug":"immigrer-au-canada-depuis-le-cameroun-statut-permanent","status":"publish","type":"page","link":"https:\/\/www.akcanada.com\/fr\/immigrer-au-canada-depuis-le-cameroun-statut-permanent\/","title":{"rendered":"Immigrer au Canada depuis le Cameroun &#8211; Statut permanent"},"content":{"rendered":"\t\t<div data-elementor-type=\"wp-page\" data-elementor-id=\"4207\" class=\"elementor elementor-4207 elementor-4182\">\n\t\t\t\t<div class=\"elementor-element elementor-element-740ed673 all-breadcrumbs e-flex e-con-boxed e-con e-parent\" data-id=\"740ed673\" data-element_type=\"container\">\n\t\t\t\t\t<div class=\"e-con-inner\">\n\t\t\t\t<div class=\"elementor-element elementor-element-46af4f8 elementor-widget elementor-widget-shortcode\" data-id=\"46af4f8\" data-element_type=\"widget\" data-widget_type=\"shortcode.default\">\n\t\t\t\t<div class=\"elementor-widget-container\">\n\t\t\t\t\t<div class=\"elementor-shortcode\"><nav aria-label=\"breadcrumbs\" class=\"rank-math-breadcrumb\"><p><span class=\"last\">Home<\/span><\/p><\/nav><\/div>\n\t\t\t\t<\/div>\n\t\t\t\t<\/div>\n\t\t\t\t\t<\/div>\n\t\t\t\t<\/div>\n\t\t<div class=\"elementor-element elementor-element-439defc1 e-flex e-con-boxed e-con e-parent\" data-id=\"439defc1\" data-element_type=\"container\">\n\t\t\t\t\t<div class=\"e-con-inner\">\n\t\t\t\t<div class=\"elementor-element elementor-element-1bd9f877 elementor-widget elementor-widget-heading\" data-id=\"1bd9f877\" data-element_type=\"widget\" data-widget_type=\"heading.default\">\n\t\t\t\t<div class=\"elementor-widget-container\">\n\t\t\t<h1 class=\"elementor-heading-title elementor-size-default\">Immigrer au Canada depuis le Cameroun<br> Statut permanent<\/h1>\t\t<\/div>\n\t\t\t\t<\/div>\n\t\t\t\t<div class=\"elementor-element elementor-element-48f7cfb8 elementor-widget-divider--view-line elementor-widget elementor-widget-divider\" data-id=\"48f7cfb8\" data-element_type=\"widget\" data-widget_type=\"divider.default\">\n\t\t\t\t<div class=\"elementor-widget-container\">\n\t\t\t\t\t<div class=\"elementor-divider\">\n\t\t\t<span class=\"elementor-divider-separator\">\n\t\t\t\t\t\t<\/span>\n\t\t<\/div>\n\t\t\t\t<\/div>\n\t\t\t\t<\/div>\n\t\t\t\t\t<\/div>\n\t\t\t\t<\/div>\n\t\t<div class=\"elementor-element elementor-element-1b97b0f5 e-flex e-con-boxed e-con e-parent\" data-id=\"1b97b0f5\" data-element_type=\"container\">\n\t\t\t\t\t<div class=\"e-con-inner\">\n\t\t<div class=\"elementor-element elementor-element-1a23d424 e-con-full e-flex e-con e-child\" data-id=\"1a23d424\" data-element_type=\"container\">\n\t\t\t\t<div class=\"elementor-element elementor-element-3db9fc8c elementor-widget elementor-widget-text-editor\" data-id=\"3db9fc8c\" data-element_type=\"widget\" data-widget_type=\"text-editor.default\">\n\t\t\t\t<div class=\"elementor-widget-container\">\n\t\t\t\t\t\t\t<p>Chaque ann\u00e9e, de nombreux Camerounais choisissent d&amp;#39;immigrer au Canada en qu\u00eate d&amp;#39;une vie meilleure. Le Canada figurant r\u00e9guli\u00e8rement parmi les meilleurs pays au monde o\u00f9 vivre, l&amp;#39;immigration y est un choix populaire. Nombre d&amp;#39;immigrants camerounais s&amp;#39;installent au Qu\u00e9bec, et plus particuli\u00e8rement dans la r\u00e9gion de Montr\u00e9al. On trouve \u00e9galement d&amp;#39;importantes communaut\u00e9s \u00e0 Toronto et Ottawa (Ontario), \u00e0 Calgary (Alberta) et \u00e0 Halifax (Nouvelle-\u00c9cosse). Des communaut\u00e9s se d\u00e9veloppent aussi \u00e0 Winnipeg (Manitoba) et \u00e0 Vancouver (Colombie-Britannique).    <\/p><p>Depuis 1996, les avocats en immigration canadienne du cabinet torontois Abrams &amp; Krochak, AK Canada, ont accompagn\u00e9 avec succ\u00e8s des dizaines de milliers de personnes dans leurs d\u00e9marches d&#8217;immigration au Canada. En tant qu&#8217;avocats sp\u00e9cialis\u00e9s en immigration canadienne, nous aidons les personnes souhaitant s&#8217;installer au Canada \u00e0 trouver la cat\u00e9gorie d&#8217;immigration appropri\u00e9e et la voie la plus rapide pour venir au pays, conform\u00e9ment \u00e0 la l\u00e9gislation canadienne en mati\u00e8re d&#8217;immigration. <\/p><p>Si vous envisagez d&#8217;immigrer au Canada depuis <span class=\"im\"><span lang=\"EN-US\">le Cameroun<\/span><\/span> , vous devez d&#8217;abord choisir la cat\u00e9gorie d&#8217;immigration la plus appropri\u00e9e et y d\u00e9poser une demande. Cliquez sur les liens \u00e0 droite de cette page pour en savoir plus sur les diff\u00e9rentes cat\u00e9gories d&#8217;immigration canadiennes offertes aux candidats. <\/p><p>Apr\u00e8s avoir d\u00e9termin\u00e9 la cat\u00e9gorie qui correspond le mieux \u00e0 vos objectifs et \u00e0 vos qualifications, veuillez remplir le questionnaire <a href=\"https:\/\/www.akcanada.com\/assessment1.php\">d&#8217;\u00e9valuation d&#8217;admissibilit\u00e9 \u00e0 l&#8217;immigration canadienne<\/a> (gratuit). Cela permettra \u00e0 nos avocats en immigration canadienne chez Abrams &amp; Krochak d&#8217;\u00e9valuer votre admissibilit\u00e9 \u00e0 immigrer au Canada depuis <span class=\"im\"><span lang=\"EN-US\">le Cameroun<\/span><\/span> , conform\u00e9ment \u00e0 la l\u00e9gislation canadienne en mati\u00e8re d&#8217;immigration. Nous r\u00e9pondrons \u00e0 votre questionnaire dans un d\u00e9lai d&#8217;un jour ouvrable et ce service est gratuit. Vous pouvez remplir autant de questionnaires d&#8217;\u00e9valuation en ligne que n\u00e9cessaire. Chaque \u00e9valuation sera examin\u00e9e attentivement par notre \u00e9quipe d&#8217;avocats en immigration canadienne \u00e0 Toronto.    <\/p><h3>Lois canadiennes sur l&#8217;immigration&nbsp;: Statut de r\u00e9sident permanent<\/h3><p>Suite \u00e0 l&#8217;acceptation de votre demande d&#8217;immigration au Canada, vous recevrez un visa d&#8217;immigrant qui vous conf\u00e9rera le statut de r\u00e9sident permanent. En tant que r\u00e9sident permanent, vous b\u00e9n\u00e9ficierez des m\u00eames droits qu&#8217;un citoyen canadien (soins de sant\u00e9 gratuits, enseignement primaire et secondaire gratuit, \u00e9tudes postsecondaires subventionn\u00e9es, droit de <a href=\"https:\/\/www.akcanada.com\/employment\/\">travailler au Canada<\/a> ), \u00e0 quelques exceptions pr\u00e8s. <\/p><p>Contrairement aux citoyens canadiens,<\/p><ol><li>un r\u00e9sident permanent ne peut pas voter ;<\/li><li>Un r\u00e9sident permanent ne peut pas d\u00e9tenir un passeport canadien; et<\/li><li>Un r\u00e9sident permanent peut \u00eatre expuls\u00e9 pour certaines condamnations p\u00e9nales.<\/li><\/ol><h3>Demande de citoyennet\u00e9 canadienne apr\u00e8s avoir \u00e9migr\u00e9 du <span class=\"im\"><span lang=\"EN-US\">Cameroun<\/span><\/span><\/h3><p>Apr\u00e8s avoir immigr\u00e9 au Canada en provenance du <span class=\"im\"><span lang=\"EN-US\">Cameroun,<\/span><\/span> vous pourrez demander la citoyennet\u00e9 canadienne si vous avez r\u00e9sid\u00e9 au Canada de fa\u00e7on permanente pendant au moins 1&nbsp;095 jours au cours d\u2019une p\u00e9riode cons\u00e9cutive de quatre (4) ans suivant l\u2019obtention de votre statut de r\u00e9sident permanent. Une fois la citoyennet\u00e9 canadienne obtenue, vous pourrez demander un passeport canadien. <\/p><p>Conform\u00e9ment \u00e0 la Loi sur l\u2019immigration et la protection des r\u00e9fugi\u00e9s du Canada, pour \u00eatre admissible au renouvellement de la carte de r\u00e9sident permanent, un r\u00e9sident permanent doit r\u00e9sider au Canada pendant un total d\u2019au moins 730 jours au cours des cinq (5) ann\u00e9es pr\u00e9c\u00e9dant la date d\u2019expiration de sa carte de r\u00e9sident permanent, sous r\u00e9serve de certaines exceptions.<\/p><p>Pour obtenir le statut de r\u00e9sident permanent, les personnes titulaires d&#8217;un visa d&#8217;immigrant canadien doivent se pr\u00e9senter \u00e0 un agent d&#8217;immigration canadien \u00e0 l&#8217;un des points d&#8217;entr\u00e9e officiels du Canada.<\/p><p>L\u2019admissibilit\u00e9 \u00e0 devenir r\u00e9sident permanent du Canada est bas\u00e9e sur le respect des exigences de l\u2019une (1) des cinq (5) cat\u00e9gories d\u2019immigration : la cat\u00e9gorie des travailleurs qualifi\u00e9s (f\u00e9d\u00e9ral), la cat\u00e9gorie des m\u00e9tiers sp\u00e9cialis\u00e9s (f\u00e9d\u00e9ral), la cat\u00e9gorie de l\u2019exp\u00e9rience canadienne, la cat\u00e9gorie du regroupement familial ou la cat\u00e9gorie des gens d\u2019affaires OU \u00eatre admissible en tant que candidat provincial.<\/p>\t\t\t\t\t\t<\/div>\n\t\t\t\t<\/div>\n\t\t\t\t<div class=\"elementor-element elementor-element-781fa08 elementor-widget elementor-widget-text-editor\" data-id=\"781fa08\" data-element_type=\"widget\" data-widget_type=\"text-editor.default\">\n\t\t\t\t<div class=\"elementor-widget-container\">\n\t\t\t\t\t\t\t<p><strong>R\u00e9pondez \u00e0 quelques questions simples et nous vous dirons si vous \u00eates admissible \u00e0 l&#8217;immigration au Canada depuis le Cameroun.<\/strong><\/p>\t\t\t\t\t\t<\/div>\n\t\t\t\t<\/div>\n\t\t\t\t<div class=\"elementor-element elementor-element-f5db671 elementor-align-center elementor-widget elementor-widget-button\" data-id=\"f5db671\" data-element_type=\"widget\" data-widget_type=\"button.default\">\n\t\t\t\t<div class=\"elementor-widget-container\">\n\t\t\t\t\t\t\t<div class=\"elementor-button-wrapper\">\n\t\t\t\t\t<a class=\"elementor-button elementor-button-link elementor-size-sm\" href=\"https:\/\/www.akcanada.com\/assessment1.php\" id=\"jamaica-assessment-bottom\">\n\t\t\t\t\t\t<span class=\"elementor-button-content-wrapper\">\n\t\t\t\t\t\t\t\t\t<span class=\"elementor-button-text\">\u00c9valuation gratuite de l'admissibilit\u00e9 \u00e0 l'immigration<\/span>\n\t\t\t\t\t<\/span>\n\t\t\t\t\t<\/a>\n\t\t\t\t<\/div>\n\t\t\t\t\t\t<\/div>\n\t\t\t\t<\/div>\n\t\t\t\t<\/div>\n\t\t<div class=\"elementor-element elementor-element-5df03be6 e-con-full e-flex e-con e-child\" data-id=\"5df03be6\" data-element_type=\"container\">\n\t\t\t\t<div class=\"elementor-element elementor-element-2c291ed elementor-widget elementor-widget-heading\" data-id=\"2c291ed\" data-element_type=\"widget\" data-widget_type=\"heading.default\">\n\t\t\t\t<div class=\"elementor-widget-container\">\n\t\t\t<h2 class=\"elementor-heading-title elementor-size-default\">  V\u00e9rifiez si vous \u00eates admissible&nbsp;:<\/h2>\t\t<\/div>\n\t\t\t\t<\/div>\n\t\t\t\t<div class=\"elementor-element elementor-element-7949123 elementor-widget elementor-widget-text-editor\" data-id=\"7949123\" data-element_type=\"widget\" data-widget_type=\"text-editor.default\">\n\t\t\t\t<div class=\"elementor-widget-container\">\n\t\t\t\t\t\t\t<p>R\u00e9pondez \u00e0 quelques questions simples et nous vous indiquerons si vous \u00eates admissible \u00e0 l&#8217;immigration au Canada.<\/p>\t\t\t\t\t\t<\/div>\n\t\t\t\t<\/div>\n\t\t\t\t<div class=\"elementor-element elementor-element-4fc608b elementor-align-center elementor-widget elementor-widget-button\" data-id=\"4fc608b\" data-element_type=\"widget\" data-widget_type=\"button.default\">\n\t\t\t\t<div class=\"elementor-widget-container\">\n\t\t\t\t\t\t\t<div class=\"elementor-button-wrapper\">\n\t\t\t\t\t<a class=\"elementor-button elementor-button-link elementor-size-sm\" href=\"https:\/\/www.akcanada.com\/assessment1.php\" id=\"jamaica-assessment-top-right\">\n\t\t\t\t\t\t<span class=\"elementor-button-content-wrapper\">\n\t\t\t\t\t\t\t\t\t<span class=\"elementor-button-text\">\u00c9valuation gratuite de l'admissibilit\u00e9 \u00e0 l'immigration<\/span>\n\t\t\t\t\t<\/span>\n\t\t\t\t\t<\/a>\n\t\t\t\t<\/div>\n\t\t\t\t\t\t<\/div>\n\t\t\t\t<\/div>\n\t\t\t\t<div class=\"elementor-element elementor-element-3c5ddff elementor-widget elementor-widget-heading\" data-id=\"3c5ddff\" data-element_type=\"widget\" data-widget_type=\"heading.default\">\n\t\t\t\t<div class=\"elementor-widget-container\">\n\t\t\t<h2 class=\"elementor-heading-title elementor-size-default\">Statut permanent - Cat\u00e9gories d'immigration au Canada&nbsp;:<\/h2>\t\t<\/div>\n\t\t\t\t<\/div>\n\t\t\t\t<div class=\"elementor-element elementor-element-6896e3cc elementor-align-justify elementor-widget elementor-widget-button\" data-id=\"6896e3cc\" data-element_type=\"widget\" data-widget_type=\"button.default\">\n\t\t\t\t<div class=\"elementor-widget-container\">\n\t\t\t\t\t\t\t<div class=\"elementor-button-wrapper\">\n\t\t\t\t\t<a class=\"elementor-button elementor-button-link elementor-size-sm\" href=\"https:\/\/www.akcanada.com\/fr\/immigration-canadienne-categorie-des-travailleurs-qualifies-federal\/\">\n\t\t\t\t\t\t<span class=\"elementor-button-content-wrapper\">\n\t\t\t\t\t\t\t\t\t<span class=\"elementor-button-text\">Cat\u00e9gorie des travailleurs qualifi\u00e9s f\u00e9d\u00e9raux<\/span>\n\t\t\t\t\t<\/span>\n\t\t\t\t\t<\/a>\n\t\t\t\t<\/div>\n\t\t\t\t\t\t<\/div>\n\t\t\t\t<\/div>\n\t\t\t\t<div class=\"elementor-element elementor-element-185c9e7 elementor-align-justify elementor-widget elementor-widget-button\" data-id=\"185c9e7\" data-element_type=\"widget\" data-widget_type=\"button.default\">\n\t\t\t\t<div class=\"elementor-widget-container\">\n\t\t\t\t\t\t\t<div class=\"elementor-button-wrapper\">\n\t\t\t\t\t<a class=\"elementor-button elementor-button-link elementor-size-sm\" href=\"https:\/\/www.akcanada.com\/fr\/immigration-canadienne-programme-des-candidats-des-provinces\/\">\n\t\t\t\t\t\t<span class=\"elementor-button-content-wrapper\">\n\t\t\t\t\t\t\t\t\t<span class=\"elementor-button-text\">Programme des candidats provinciaux<\/span>\n\t\t\t\t\t<\/span>\n\t\t\t\t\t<\/a>\n\t\t\t\t<\/div>\n\t\t\t\t\t\t<\/div>\n\t\t\t\t<\/div>\n\t\t\t\t<div class=\"elementor-element elementor-element-6d5a4056 elementor-align-justify elementor-widget elementor-widget-button\" data-id=\"6d5a4056\" data-element_type=\"widget\" data-widget_type=\"button.default\">\n\t\t\t\t<div class=\"elementor-widget-container\">\n\t\t\t\t\t\t\t<div class=\"elementor-button-wrapper\">\n\t\t\t\t\t<a class=\"elementor-button elementor-button-link elementor-size-sm\" href=\"https:\/\/www.akcanada.com\/fr\/immigration-canadienne-categorie-de-lexperience-canadienne\/\">\n\t\t\t\t\t\t<span class=\"elementor-button-content-wrapper\">\n\t\t\t\t\t\t\t\t\t<span class=\"elementor-button-text\">Classe d'exp\u00e9rience canadienne<\/span>\n\t\t\t\t\t<\/span>\n\t\t\t\t\t<\/a>\n\t\t\t\t<\/div>\n\t\t\t\t\t\t<\/div>\n\t\t\t\t<\/div>\n\t\t\t\t<div class=\"elementor-element elementor-element-1b2bc4e elementor-align-justify elementor-widget elementor-widget-button\" data-id=\"1b2bc4e\" data-element_type=\"widget\" data-widget_type=\"button.default\">\n\t\t\t\t<div class=\"elementor-widget-container\">\n\t\t\t\t\t\t\t<div class=\"elementor-button-wrapper\">\n\t\t\t\t\t<a class=\"elementor-button elementor-button-link elementor-size-sm\" href=\"https:\/\/www.akcanada.com\/fr\/immigration-canadienne-categorie-des-travailleurs-de-metiers-specialises-federal\/\">\n\t\t\t\t\t\t<span class=\"elementor-button-content-wrapper\">\n\t\t\t\t\t\t\t\t\t<span class=\"elementor-button-text\">Classe f\u00e9d\u00e9rale des m\u00e9tiers sp\u00e9cialis\u00e9s<\/span>\n\t\t\t\t\t<\/span>\n\t\t\t\t\t<\/a>\n\t\t\t\t<\/div>\n\t\t\t\t\t\t<\/div>\n\t\t\t\t<\/div>\n\t\t\t\t<div class=\"elementor-element elementor-element-341848c3 elementor-align-justify elementor-widget elementor-widget-button\" data-id=\"341848c3\" data-element_type=\"widget\" data-widget_type=\"button.default\">\n\t\t\t\t<div class=\"elementor-widget-container\">\n\t\t\t\t\t\t\t<div class=\"elementor-button-wrapper\">\n\t\t\t\t\t<a class=\"elementor-button elementor-button-link elementor-size-sm\" href=\"https:\/\/www.akcanada.com\/fr\/immigration-canadienne-categorie-de-la-famille\/\">\n\t\t\t\t\t\t<span class=\"elementor-button-content-wrapper\">\n\t\t\t\t\t\t\t\t\t<span class=\"elementor-button-text\">Classe familiale<\/span>\n\t\t\t\t\t<\/span>\n\t\t\t\t\t<\/a>\n\t\t\t\t<\/div>\n\t\t\t\t\t\t<\/div>\n\t\t\t\t<\/div>\n\t\t\t\t<div class=\"elementor-element elementor-element-2fd95fe9 elementor-align-justify elementor-widget elementor-widget-button\" data-id=\"2fd95fe9\" data-element_type=\"widget\" data-widget_type=\"button.default\">\n\t\t\t\t<div class=\"elementor-widget-container\">\n\t\t\t\t\t\t\t<div class=\"elementor-button-wrapper\">\n\t\t\t\t\t<a class=\"elementor-button elementor-button-link elementor-size-sm\" href=\"https:\/\/www.akcanada.com\/fr\/immigration-canadienne-classe-affaires-travailleurs-autonomes\/\">\n\t\t\t\t\t\t<span class=\"elementor-button-content-wrapper\">\n\t\t\t\t\t\t\t\t\t<span class=\"elementor-button-text\">Entrepreneur ind\u00e9pendant<\/span>\n\t\t\t\t\t<\/span>\n\t\t\t\t\t<\/a>\n\t\t\t\t<\/div>\n\t\t\t\t\t\t<\/div>\n\t\t\t\t<\/div>\n\t\t\t\t<div class=\"elementor-element elementor-element-70923722 elementor-align-justify elementor-widget elementor-widget-button\" data-id=\"70923722\" data-element_type=\"widget\" data-widget_type=\"button.default\">\n\t\t\t\t<div class=\"elementor-widget-container\">\n\t\t\t\t\t\t\t<div class=\"elementor-button-wrapper\">\n\t\t\t\t\t<a class=\"elementor-button elementor-button-link elementor-size-sm\" href=\"https:\/\/www.akcanada.com\/fr\/immigration-canadienne-classe-affaires-visa-de-demarrage\/\">\n\t\t\t\t\t\t<span class=\"elementor-button-content-wrapper\">\n\t\t\t\t\t\t\t\t\t<span class=\"elementor-button-text\">Visa pour la cr\u00e9ation d'entreprise<\/span>\n\t\t\t\t\t<\/span>\n\t\t\t\t\t<\/a>\n\t\t\t\t<\/div>\n\t\t\t\t\t\t<\/div>\n\t\t\t\t<\/div>\n\t\t\t\t<div class=\"elementor-element elementor-element-256cef18 elementor-widget elementor-widget-heading\" data-id=\"256cef18\" data-element_type=\"widget\" data-widget_type=\"heading.default\">\n\t\t\t\t<div class=\"elementor-widget-container\">\n\t\t\t<h2 class=\"elementor-heading-title elementor-size-default\">Statut temporaire au Canada :<\/h2>\t\t<\/div>\n\t\t\t\t<\/div>\n\t\t\t\t<div class=\"elementor-element elementor-element-49d7c9e9 elementor-widget elementor-widget-text-editor\" data-id=\"49d7c9e9\" data-element_type=\"widget\" data-widget_type=\"text-editor.default\">\n\t\t\t\t<div class=\"elementor-widget-container\">\n\t\t\t\t\t\t\t<p>Si vous souhaitez venir au Canada temporairement, vous pouvez le faire en tant que visiteur, \u00e9tudiant ou travailleur, \u00e0 condition, bien s\u00fbr, de remplir les conditions d&#8217;admissibilit\u00e9.<\/p>\t\t\t\t\t\t<\/div>\n\t\t\t\t<\/div>\n\t\t\t\t<div class=\"elementor-element elementor-element-122cbc07 elementor-align-justify elementor-widget elementor-widget-button\" data-id=\"122cbc07\" data-element_type=\"widget\" data-widget_type=\"button.default\">\n\t\t\t\t<div class=\"elementor-widget-container\">\n\t\t\t\t\t\t\t<div class=\"elementor-button-wrapper\">\n\t\t\t\t\t<a class=\"elementor-button elementor-button-link elementor-size-sm\" href=\"https:\/\/www.akcanada.com\/fr\/permis-detudes-canadiens\/\">\n\t\t\t\t\t\t<span class=\"elementor-button-content-wrapper\">\n\t\t\t\t\t\t\t\t\t<span class=\"elementor-button-text\">Permis d'\u00e9tudes<\/span>\n\t\t\t\t\t<\/span>\n\t\t\t\t\t<\/a>\n\t\t\t\t<\/div>\n\t\t\t\t\t\t<\/div>\n\t\t\t\t<\/div>\n\t\t\t\t<div class=\"elementor-element elementor-element-61ca1637 elementor-align-justify elementor-widget elementor-widget-button\" data-id=\"61ca1637\" data-element_type=\"widget\" data-widget_type=\"button.default\">\n\t\t\t\t<div class=\"elementor-widget-container\">\n\t\t\t\t\t\t\t<div class=\"elementor-button-wrapper\">\n\t\t\t\t\t<a class=\"elementor-button elementor-button-link elementor-size-sm\" href=\"https:\/\/www.akcanada.com\/fr\/visas-de-resident-temporaire-visiteur-canadiens\/\">\n\t\t\t\t\t\t<span class=\"elementor-button-content-wrapper\">\n\t\t\t\t\t\t\t\t\t<span class=\"elementor-button-text\">Visas de r\u00e9sident temporaire (visiteur)<\/span>\n\t\t\t\t\t<\/span>\n\t\t\t\t\t<\/a>\n\t\t\t\t<\/div>\n\t\t\t\t\t\t<\/div>\n\t\t\t\t<\/div>\n\t\t\t\t<div class=\"elementor-element elementor-element-1e870ac5 elementor-align-justify elementor-widget elementor-widget-button\" data-id=\"1e870ac5\" data-element_type=\"widget\" data-widget_type=\"button.default\">\n\t\t\t\t<div class=\"elementor-widget-container\">\n\t\t\t\t\t\t\t<div class=\"elementor-button-wrapper\">\n\t\t\t\t\t<a class=\"elementor-button elementor-button-link elementor-size-sm\" href=\"https:\/\/www.akcanada.com\/fr\/permis-de-travail-canadiens\/\">\n\t\t\t\t\t\t<span class=\"elementor-button-content-wrapper\">\n\t\t\t\t\t\t\t\t\t<span class=\"elementor-button-text\">Permis de travail<\/span>\n\t\t\t\t\t<\/span>\n\t\t\t\t\t<\/a>\n\t\t\t\t<\/div>\n\t\t\t\t\t\t<\/div>\n\t\t\t\t<\/div>\n\t\t\t\t<\/div>\n\t\t\t\t\t<\/div>\n\t\t\t\t<\/div>\n\t\t<div class=\"elementor-element elementor-element-c77776d e-flex e-con-boxed e-con e-parent\" data-id=\"c77776d\" data-element_type=\"container\">\n\t\t\t\t\t<div class=\"e-con-inner\">\n\t\t\t\t<div class=\"elementor-element elementor-element-362e55b4 elementor-widget elementor-widget-spacer\" data-id=\"362e55b4\" data-element_type=\"widget\" data-widget_type=\"spacer.default\">\n\t\t\t\t<div class=\"elementor-widget-container\">\n\t\t\t\t\t<div class=\"elementor-spacer\">\n\t\t\t<div class=\"elementor-spacer-inner\"><\/div>\n\t\t<\/div>\n\t\t\t\t<\/div>\n\t\t\t\t<\/div>\n\t\t\t\t\t<\/div>\n\t\t\t\t<\/div>\n\t\t\t\t<\/div>\n\t\t","protected":false},"excerpt":{"rendered":"<p>Immigrer au Canada depuis le Cameroun Statut permanent Chaque ann\u00e9e, de nombreux Camerounais choisissent d&amp;#39;immigrer au Canada en qu\u00eate d&amp;#39;une vie meilleure. Le Canada figurant r\u00e9guli\u00e8rement parmi les meilleurs pays au monde o\u00f9 vivre, l&amp;#39;immigration y est un choix populaire. Nombre d&amp;#39;immigrants camerounais s&amp;#39;installent au Qu\u00e9bec, et plus particuli\u00e8rement dans la r\u00e9gion de Montr\u00e9al. On [&hellip;]<\/p>\n","protected":false},"author":1,"featured_media":0,"parent":0,"menu_order":0,"comment_status":"closed","ping_status":"closed","template":"","meta":{"footnotes":""},"class_list":["post-4207","page","type-page","status-publish","hentry"],"_links":{"self":[{"href":"https:\/\/www.akcanada.com\/fr\/wp-json\/wp\/v2\/pages\/4207"}],"collection":[{"href":"https:\/\/www.akcanada.com\/fr\/wp-json\/wp\/v2\/pages"}],"about":[{"href":"https:\/\/www.akcanada.com\/fr\/wp-json\/wp\/v2\/types\/page"}],"author":[{"embeddable":true,"href":"https:\/\/www.akcanada.com\/fr\/wp-json\/wp\/v2\/users\/1"}],"replies":[{"embeddable":true,"href":"https:\/\/www.akcanada.com\/fr\/wp-json\/wp\/v2\/comments?post=4207"}],"version-history":[{"count":1,"href":"https:\/\/www.akcanada.com\/fr\/wp-json\/wp\/v2\/pages\/4207\/revisions"}],"predecessor-version":[{"id":4208,"href":"https:\/\/www.akcanada.com\/fr\/wp-json\/wp\/v2\/pages\/4207\/revisions\/4208"}],"wp:attachment":[{"href":"https:\/\/www.akcanada.com\/fr\/wp-json\/wp\/v2\/media?parent=4207"}],"curies":[{"name":"wp","href":"https:\/\/api.w.org\/{rel}","templated":true}]}}