{"id":4031,"date":"2023-12-05T17:52:07","date_gmt":"2023-12-05T17:52:07","guid":{"rendered":"https:\/\/www.akcanada.com\/pourquoi-choisir-un-avocat-plutot-quun-consultant\/"},"modified":"2026-01-05T16:07:28","modified_gmt":"2026-01-05T16:07:28","slug":"pourquoi-choisir-un-avocat-plutot-quun-consultant","status":"publish","type":"page","link":"https:\/\/www.akcanada.com\/fr\/pourquoi-choisir-un-avocat-plutot-quun-consultant\/","title":{"rendered":"Pourquoi choisir un avocat plut\u00f4t qu&#8217;un consultant ?"},"content":{"rendered":"\t\t<div data-elementor-type=\"wp-page\" data-elementor-id=\"4031\" class=\"elementor elementor-4031 elementor-1678\">\n\t\t\t\t<div class=\"elementor-element elementor-element-350c314c e-flex e-con-boxed e-con e-parent\" data-id=\"350c314c\" data-element_type=\"container\">\n\t\t\t\t\t<div class=\"e-con-inner\">\n\t\t\t\t<div class=\"elementor-element elementor-element-4b6d6c14 elementor-widget elementor-widget-heading\" data-id=\"4b6d6c14\" data-element_type=\"widget\" data-widget_type=\"heading.default\">\n\t\t\t\t<div class=\"elementor-widget-container\">\n\t\t\t<h1 class=\"elementor-heading-title elementor-size-default\">Pourquoi choisir un avocat plut\u00f4t qu'un consultant ?<\/h1>\t\t<\/div>\n\t\t\t\t<\/div>\n\t\t\t\t<div class=\"elementor-element elementor-element-143194d4 elementor-widget-divider--view-line elementor-widget elementor-widget-divider\" data-id=\"143194d4\" data-element_type=\"widget\" data-widget_type=\"divider.default\">\n\t\t\t\t<div class=\"elementor-widget-container\">\n\t\t\t\t\t<div class=\"elementor-divider\">\n\t\t\t<span class=\"elementor-divider-separator\">\n\t\t\t\t\t\t<\/span>\n\t\t<\/div>\n\t\t\t\t<\/div>\n\t\t\t\t<\/div>\n\t\t\t\t\t<\/div>\n\t\t\t\t<\/div>\n\t\t<div class=\"elementor-element elementor-element-14325e35 e-flex e-con-boxed e-con e-parent\" data-id=\"14325e35\" data-element_type=\"container\">\n\t\t\t\t\t<div class=\"e-con-inner\">\n\t\t\t\t<div class=\"elementor-element elementor-element-27c84658 elementor-widget elementor-widget-heading\" data-id=\"27c84658\" data-element_type=\"widget\" data-widget_type=\"heading.default\">\n\t\t\t\t<div class=\"elementor-widget-container\">\n\t\t\t<h2 class=\"elementor-heading-title elementor-size-default\">Consultants<\/h2>\t\t<\/div>\n\t\t\t\t<\/div>\n\t\t\t\t<div class=\"elementor-element elementor-element-c12c1fa elementor-widget elementor-widget-text-editor\" data-id=\"c12c1fa\" data-element_type=\"widget\" data-widget_type=\"text-editor.default\">\n\t\t\t\t<div class=\"elementor-widget-container\">\n\t\t\t\t\t\t\t<p>Au fil des ans, de nombreux cas de malversations de la part de consultants en immigration ont \u00e9t\u00e9 recens\u00e9s au Canada. Malgr\u00e9 l&#8217;existence de r\u00e9glementations visant \u00e0 dissuader de tels agissements, certains consultants se pr\u00e9sentent comme des experts alors qu&#8217;ils n&#8217;ont aucune formation ni exp\u00e9rience dans le traitement de dossiers complexes. Ils peuvent \u00e9galement abuser de la confiance de leurs clients en leur promettant l&#8217;impossible et en ne tenant pas leurs engagements, et parfois m\u00eame en facturant des honoraires exorbitants. Dans plusieurs cas signal\u00e9s, des consultants peu scrupuleux ont factur\u00e9 des honoraires en se basant sur une promesse non tenue de d\u00e9poser des demandes d&#8217;immigration. Lorsque leurs clients demandent des informations sur l&#8217;\u00e9tat d&#8217;avancement de ces demandes inexistantes, le consultant pr\u00e9tend que le gouvernement canadien a refus\u00e9 la demande et fournit m\u00eame de faux num\u00e9ros de dossier.    <\/p><p>Les agissements de consultants en immigration sans scrupules et l&#8217;absence de r\u00e9glementation de la profession ont nui aux clients, \u00e0 la profession de consultant et \u00e0 la r\u00e9putation du programme d&#8217;immigration canadien, tant au Canada qu&#8217;\u00e0 l&#8217;\u00e9tranger. Par cons\u00e9quent, Citoyennet\u00e9 et Immigration Canada a d\u00e9pos\u00e9 un nouveau r\u00e8glement qui, entre autres&nbsp;: <\/p><ul><li>d\u00e9finir la signification de \u00ab repr\u00e9sentant autoris\u00e9 \u00bb ;<\/li><li>pr\u00e9ciser qu&#8217;une personne facturant des frais qui n&#8217;est pas un repr\u00e9sentant autoris\u00e9 ne peut pas fournir de conseils en mati\u00e8re d&#8217;immigration, repr\u00e9senter ou consulter; et<\/li><li>exiger des demandeurs qui utilisent des repr\u00e9sentants autoris\u00e9s qu&#8217;ils soumettent leurs coordonn\u00e9es, le nom de l&#8217;organisation vis\u00e9e dans la d\u00e9finition de \u00ab repr\u00e9sentant autoris\u00e9 \u00bb et leur num\u00e9ro d&#8217;identification ou de membre, le cas \u00e9ch\u00e9ant, \u00e0 des fins de v\u00e9rification.<\/li><\/ul><p> <\/p><p>Depuis juillet 2011, toute personne se pr\u00e9sentant comme consultant en immigration doit \u00eatre membre du Conseil de r\u00e9glementation des consultants en immigration du Canada (CRCIC) pour pouvoir faire affaire avec Citoyennet\u00e9 et Immigration Canada. Citoyennet\u00e9 et Immigration Canada ne traitera pas avec les consultants qui ne sont pas membres en r\u00e8gle du CRCIC ou d&#8217;un ordre des avocats provincial ou territorial. Les agents d&#8217;immigration v\u00e9rifieront \u00e9lectroniquement si le repr\u00e9sentant du demandeur est un repr\u00e9sentant autoris\u00e9.  <\/p><p>Il est attendu des demandeurs qu\u2019ils fassent appel uniquement \u00e0 des consultants en immigration qualifi\u00e9s et respectueux de l\u2019\u00e9thique. Les pratiques des consultants sans scrupules seront ainsi consid\u00e9rablement r\u00e9duites. Par cons\u00e9quent, cette nouvelle approche r\u00e9glementaire renforcera la confiance du public envers le syst\u00e8me d\u2019immigration canadien et prot\u00e9gera les clients vuln\u00e9rables. De plus, des normes seront \u00e9tablies pour la profession de consultant en immigration, ce qui rehaussera sa cr\u00e9dibilit\u00e9.   <\/p>\t\t\t\t\t\t<\/div>\n\t\t\t\t<\/div>\n\t\t\t\t<div class=\"elementor-element elementor-element-76931f6f elementor-widget elementor-widget-spacer\" data-id=\"76931f6f\" data-element_type=\"widget\" data-widget_type=\"spacer.default\">\n\t\t\t\t<div class=\"elementor-widget-container\">\n\t\t\t\t\t<div class=\"elementor-spacer\">\n\t\t\t<div class=\"elementor-spacer-inner\"><\/div>\n\t\t<\/div>\n\t\t\t\t<\/div>\n\t\t\t\t<\/div>\n\t\t\t\t\t<\/div>\n\t\t\t\t<\/div>\n\t\t\t\t<\/div>\n\t\t","protected":false},"excerpt":{"rendered":"<p>Pourquoi choisir un avocat plut\u00f4t qu&#8217;un consultant ? Consultants Au fil des ans, de nombreux cas de malversations de la part de consultants en immigration ont \u00e9t\u00e9 recens\u00e9s au Canada. Malgr\u00e9 l&#8217;existence de r\u00e9glementations visant \u00e0 dissuader de tels agissements, certains consultants se pr\u00e9sentent comme des experts alors qu&#8217;ils n&#8217;ont aucune formation ni exp\u00e9rience dans [&hellip;]<\/p>\n","protected":false},"author":1,"featured_media":0,"parent":0,"menu_order":0,"comment_status":"closed","ping_status":"closed","template":"","meta":{"footnotes":""},"class_list":["post-4031","page","type-page","status-publish","hentry"],"_links":{"self":[{"href":"https:\/\/www.akcanada.com\/fr\/wp-json\/wp\/v2\/pages\/4031"}],"collection":[{"href":"https:\/\/www.akcanada.com\/fr\/wp-json\/wp\/v2\/pages"}],"about":[{"href":"https:\/\/www.akcanada.com\/fr\/wp-json\/wp\/v2\/types\/page"}],"author":[{"embeddable":true,"href":"https:\/\/www.akcanada.com\/fr\/wp-json\/wp\/v2\/users\/1"}],"replies":[{"embeddable":true,"href":"https:\/\/www.akcanada.com\/fr\/wp-json\/wp\/v2\/comments?post=4031"}],"version-history":[{"count":1,"href":"https:\/\/www.akcanada.com\/fr\/wp-json\/wp\/v2\/pages\/4031\/revisions"}],"predecessor-version":[{"id":4032,"href":"https:\/\/www.akcanada.com\/fr\/wp-json\/wp\/v2\/pages\/4031\/revisions\/4032"}],"wp:attachment":[{"href":"https:\/\/www.akcanada.com\/fr\/wp-json\/wp\/v2\/media?parent=4031"}],"curies":[{"name":"wp","href":"https:\/\/api.w.org\/{rel}","templated":true}]}}