{"id":3776,"date":"2023-12-05T17:51:50","date_gmt":"2023-12-05T17:51:50","guid":{"rendered":"https:\/\/www.akcanada.com\/pourquoi-choisir-lassistance-juridique-pour-limmigration-canadienne\/"},"modified":"2026-01-05T16:09:30","modified_gmt":"2026-01-05T16:09:30","slug":"pourquoi-choisir-lassistance-juridique-pour-limmigration-canadienne","status":"publish","type":"page","link":"https:\/\/www.akcanada.com\/fr\/pourquoi-choisir-lassistance-juridique-pour-limmigration-canadienne\/","title":{"rendered":"Pourquoi choisir l\u2019assistance juridique pour l\u2019immigration canadienne?"},"content":{"rendered":"\t\t<div data-elementor-type=\"wp-page\" data-elementor-id=\"3776\" class=\"elementor elementor-3776 elementor-1675\">\n\t\t\t\t<div class=\"elementor-element elementor-element-74e5804f all-breadcrumbs e-flex e-con-boxed e-con e-parent\" data-id=\"74e5804f\" data-element_type=\"container\">\n\t\t\t\t\t<div class=\"e-con-inner\">\n\t\t\t\t<div class=\"elementor-element elementor-element-63d92d5d elementor-widget elementor-widget-shortcode\" data-id=\"63d92d5d\" data-element_type=\"widget\" data-widget_type=\"shortcode.default\">\n\t\t\t\t<div class=\"elementor-widget-container\">\n\t\t\t\t\t<div class=\"elementor-shortcode\"><nav aria-label=\"breadcrumbs\" class=\"rank-math-breadcrumb\"><p><span class=\"last\">Home<\/span><\/p><\/nav><\/div>\n\t\t\t\t<\/div>\n\t\t\t\t<\/div>\n\t\t\t\t\t<\/div>\n\t\t\t\t<\/div>\n\t\t<div class=\"elementor-element elementor-element-77326e52 e-flex e-con-boxed e-con e-parent\" data-id=\"77326e52\" data-element_type=\"container\">\n\t\t\t\t\t<div class=\"e-con-inner\">\n\t\t\t\t<div class=\"elementor-element elementor-element-5399a41d elementor-widget elementor-widget-heading\" data-id=\"5399a41d\" data-element_type=\"widget\" data-widget_type=\"heading.default\">\n\t\t\t\t<div class=\"elementor-widget-container\">\n\t\t\t<h1 class=\"elementor-heading-title elementor-size-default\">Pourquoi choisir l'assistance juridique\n pour l'immigration canadienne<\/h1>\t\t<\/div>\n\t\t\t\t<\/div>\n\t\t\t\t<div class=\"elementor-element elementor-element-589f6048 elementor-widget-divider--view-line elementor-widget elementor-widget-divider\" data-id=\"589f6048\" data-element_type=\"widget\" data-widget_type=\"divider.default\">\n\t\t\t\t<div class=\"elementor-widget-container\">\n\t\t\t\t\t<div class=\"elementor-divider\">\n\t\t\t<span class=\"elementor-divider-separator\">\n\t\t\t\t\t\t<\/span>\n\t\t<\/div>\n\t\t\t\t<\/div>\n\t\t\t\t<\/div>\n\t\t\t\t<div class=\"elementor-element elementor-element-226dc19 elementor-widget elementor-widget-text-editor\" data-id=\"226dc19\" data-element_type=\"widget\" data-widget_type=\"text-editor.default\">\n\t\t\t\t<div class=\"elementor-widget-container\">\n\t\t\t\t\t\t\t<p>Lorsque vous d\u00e9cidez d\u2019immigrer au Canada, vous devez d\u00e9cider comment obtenir votre statut d\u2019immigration canadien.<br \/> Les trois (3) principales options sont de 1) Faire appel aux services d\u2019un cabinet d\u2019avocats; 2) Employer un consultant; ou 3) Faites-le vous-m\u00eame.<\/p>\n\t\t\t\t\t\t<\/div>\n\t\t\t\t<\/div>\n\t\t\t\t\t<\/div>\n\t\t\t\t<\/div>\n\t\t<div class=\"elementor-element elementor-element-29d38ce e-flex e-con-boxed e-con e-parent\" data-id=\"29d38ce\" data-element_type=\"container\" data-settings=\"{&quot;background_background&quot;:&quot;classic&quot;}\">\n\t\t\t\t\t<div class=\"e-con-inner\">\n\t\t\t\t<div class=\"elementor-element elementor-element-25724dda elementor-widget elementor-widget-text-editor\" data-id=\"25724dda\" data-element_type=\"widget\" data-widget_type=\"text-editor.default\">\n\t\t\t\t<div class=\"elementor-widget-container\">\n\t\t\t\t\t\t\t<h3 class=\"text-center\">La question de savoir pourquoi vous devriez choisir un avocat pour vous aider \u00e0 immigrer au Canada peut \u00eatre mieux r\u00e9pondue si elle est divis\u00e9e en deux (2) questions distinctes mais li\u00e9es :<\/h3>\n\t\t\t\t\t\t<\/div>\n\t\t\t\t<\/div>\n\t\t\t\t\t<\/div>\n\t\t\t\t<\/div>\n\t\t<div class=\"elementor-element elementor-element-d0c12e e-flex e-con-boxed e-con e-parent\" data-id=\"d0c12e\" data-element_type=\"container\" data-settings=\"{&quot;background_background&quot;:&quot;classic&quot;}\">\n\t\t\t\t\t<div class=\"e-con-inner\">\n\t\t<div class=\"elementor-element elementor-element-6dd868fd e-con-full e-flex e-con e-child\" data-id=\"6dd868fd\" data-element_type=\"container\" data-settings=\"{&quot;background_background&quot;:&quot;classic&quot;}\">\n\t\t\t\t<div class=\"elementor-element elementor-element-6240179 elementor-align-center elementor-widget elementor-widget-button\" data-id=\"6240179\" data-element_type=\"widget\" data-widget_type=\"button.default\">\n\t\t\t\t<div class=\"elementor-widget-container\">\n\t\t\t\t\t\t\t<div class=\"elementor-button-wrapper\">\n\t\t\t\t\t<a class=\"elementor-button elementor-button-link elementor-size-lg\" href=\"https:\/\/www.akcanada.com\/fr\/pourquoi-choisir-un-avocat-plutot-quun-consultant\/\">\n\t\t\t\t\t\t<span class=\"elementor-button-content-wrapper\">\n\t\t\t\t\t\t\t\t\t<span class=\"elementor-button-text\">Pourquoi devrais-je choisir un avocat plut\u00f4t qu\u2019un consultant\/agent en immigration ?<\/span>\n\t\t\t\t\t<\/span>\n\t\t\t\t\t<\/a>\n\t\t\t\t<\/div>\n\t\t\t\t\t\t<\/div>\n\t\t\t\t<\/div>\n\t\t\t\t<\/div>\n\t\t<div class=\"elementor-element elementor-element-65f81e7a e-con-full e-flex e-con e-child\" data-id=\"65f81e7a\" data-element_type=\"container\" data-settings=\"{&quot;background_background&quot;:&quot;classic&quot;}\">\n\t\t\t\t<div class=\"elementor-element elementor-element-7f1b1de1 elementor-align-center elementor-widget elementor-widget-button\" data-id=\"7f1b1de1\" data-element_type=\"widget\" data-widget_type=\"button.default\">\n\t\t\t\t<div class=\"elementor-widget-container\">\n\t\t\t\t\t\t\t<div class=\"elementor-button-wrapper\">\n\t\t\t\t\t<a class=\"elementor-button elementor-button-link elementor-size-lg\" href=\"https:\/\/www.akcanada.com\/fr\/avocats-en-immigration-au-canada\/\">\n\t\t\t\t\t\t<span class=\"elementor-button-content-wrapper\">\n\t\t\t\t\t\t\t\t\t<span class=\"elementor-button-text\">Pourquoi devrais-je choisir un avocat pour m\u2019aider dans le processus d\u2019immigration au Canada ?<\/span>\n\t\t\t\t\t<\/span>\n\t\t\t\t\t<\/a>\n\t\t\t\t<\/div>\n\t\t\t\t\t\t<\/div>\n\t\t\t\t<\/div>\n\t\t\t\t<\/div>\n\t\t\t\t\t<\/div>\n\t\t\t\t<\/div>\n\t\t<div class=\"elementor-element elementor-element-471eaab4 e-flex e-con-boxed e-con e-parent\" data-id=\"471eaab4\" data-element_type=\"container\" data-settings=\"{&quot;background_background&quot;:&quot;classic&quot;}\">\n\t\t\t\t\t<div class=\"e-con-inner\">\n\t\t\t\t<div class=\"elementor-element elementor-element-59081b50 elementor-widget elementor-widget-text-editor\" data-id=\"59081b50\" data-element_type=\"widget\" data-widget_type=\"text-editor.default\">\n\t\t\t\t<div class=\"elementor-widget-container\">\n\t\t\t\t\t\t\t<div class=\"row\">\n<div class=\"col-md-12\">\n<div class=\"note\"><small><strong>Remarque :<\/strong> Jeffrey Abrams et Peter Krochak sont membres du Barreau du Haut-Canada, qui est l&#8217;organisme directeur des avocats de la province de l&#8217;Ontario, au Canada, et l&#8217;un (1) des quatorze (14) barreaux du Canada (voir http:\/\/www.flsc.ca), dont les membres sont AUTOMATIQUEMENT reconnus par Citoyennet\u00e9 et Immigration Canada. Les avocats n\u2019ont PAS besoin d\u2019\u00eatre inscrits aupr\u00e8s du Conseil de r\u00e9glementation des consultants en immigration du Canada (CRCIC) pour \u00eatre reconnus par Citoyennet\u00e9 et Immigration Canada.<\/small><\/div>\n<\/div>\n<\/div>\n\t\t\t\t\t\t<\/div>\n\t\t\t\t<\/div>\n\t\t\t\t\t<\/div>\n\t\t\t\t<\/div>\n\t\t<div class=\"elementor-element elementor-element-52820536 e-flex e-con-boxed e-con e-parent\" data-id=\"52820536\" data-element_type=\"container\">\n\t\t\t\t\t<div class=\"e-con-inner\">\n\t\t\t\t<div class=\"elementor-element elementor-element-4b3b5dd5 elementor-widget elementor-widget-spacer\" data-id=\"4b3b5dd5\" data-element_type=\"widget\" data-widget_type=\"spacer.default\">\n\t\t\t\t<div class=\"elementor-widget-container\">\n\t\t\t\t\t<div class=\"elementor-spacer\">\n\t\t\t<div class=\"elementor-spacer-inner\"><\/div>\n\t\t<\/div>\n\t\t\t\t<\/div>\n\t\t\t\t<\/div>\n\t\t\t\t<div class=\"elementor-element elementor-element-2e4a1f30 elementor-widget elementor-widget-heading\" data-id=\"2e4a1f30\" data-element_type=\"widget\" data-widget_type=\"heading.default\">\n\t\t\t\t<div class=\"elementor-widget-container\">\n\t\t\t<h2 class=\"elementor-heading-title elementor-size-default\">Ai-je besoin d\u2019un repr\u00e9sentant?<\/h2>\t\t<\/div>\n\t\t\t\t<\/div>\n\t\t\t\t<div class=\"elementor-element elementor-element-66da40d2 elementor-widget elementor-widget-text-editor\" data-id=\"66da40d2\" data-element_type=\"widget\" data-widget_type=\"text-editor.default\">\n\t\t\t\t<div class=\"elementor-widget-container\">\n\t\t\t\t\t\t\t<div class=\"row\">\n<div class=\"col-md-8 col-md-offset-2\">\n<p>Si vous achetiez votre premi\u00e8re maison, ne serait-il pas prudent de faire appel aux services d\u2019un avocat sp\u00e9cialis\u00e9 en immobilier pour examiner tous les documents connexes afin d\u2019\u00e9viter toute \u00ab surprise \u00bb impr\u00e9vue lors de la prise de possession de la propri\u00e9t\u00e9 ? De m\u00eame, si vous aviez l\u2019intention d\u2019acheter une entreprise, n\u2019envisageriez-vous pas de recourir aux services d\u2019un avocat d\u2019affaires avant de signer votre nom sur tout document pour vous assurer que vos droits sont prot\u00e9g\u00e9s ? La r\u00e9ponse aux deux questions serait probablement \u00ab oui \u00bb. Pourquoi, alors, la r\u00e9ponse devrait-elle \u00eatre diff\u00e9rente lorsqu\u2019il s\u2019agit de d\u00e9cider d\u2019utiliser les services d\u2019un avocat sp\u00e9cialis\u00e9 en immigration canadienne pour vous aider \u00e0 immigrer au Canada ?<\/p>\n<p>La d\u00e9cision de vous d\u00e9raciner, vous et, dans certains cas, votre famille, de votre pays d\u2019origine et de vous \u00e9tablir au Canada est l\u2019une des d\u00e9cisions les plus importantes que vous prendrez dans votre vie. Compte tenu de l\u2019investissement en temps, en ressources et en \u00e9motions que le processus d\u2019immigration au Canada implique, vous souhaiterez peut-\u00eatre l\u2019assistance professionnelle d\u2019un avocat sp\u00e9cialis\u00e9 en immigration canadienne pour garantir que le processus soit aussi simple, direct, sans faille et rapide que possible.<\/p>\n<p>Depuis la cr\u00e9ation d&#8217;Abrams &amp; Krochak en 1996, le cabinet a \u00e9t\u00e9 approch\u00e9 par d&#8217;innombrables personnes qui ont d\u00e9clar\u00e9 qu&#8217;elles savaient qu&#8217;elles \u00e9taient qualifi\u00e9es pour immigrer au Canada et qu&#8217;elles poss\u00e9daient tous les documents n\u00e9cessaires, puis ont fait une demande de r\u00e9sidence permanente au Canada par elles-m\u00eames et n&#8217;ont pas r\u00e9ussi, perdant ainsi un temps et un argent pr\u00e9cieux. M\u00eame si vos qualifications peuvent \u00eatre impressionnantes, si vous ne disposez pas d\u2019une repr\u00e9sentation efficace par laquelle un avocat mettra en \u00e9vidence vos qualifications afin que les fonctionnaires de Citoyennet\u00e9 et Immigration Canada les examinent, vos qualifications pourraient \u00eatre n\u00e9glig\u00e9es.<\/p>\n<p>Parmi les services fournis par le cabinet d&#8217;avocats Abrams &amp; Krochak, on compte la garantie que vos lettres de recommandation sont conformes aux normes de Citoyennet\u00e9 et Immigration Canada; la garantie que vos formulaires de demande ont \u00e9t\u00e9 remplis correctement (d&#8217;ailleurs, les formulaires sont rarement remplis correctement); et la r\u00e9daction d&#8217;arguments juridiques \u00e9crits qui accompagneront votre dossier de demande et qui expliqueront pourquoi vous devriez obtenir un visa d&#8217;immigrant canadien.<\/p>\n<p>De plus, \u00e9tant donn\u00e9 qu&#8217;Abrams &amp; Krochak est situ\u00e9 au Canada, le cabinet est le mieux plac\u00e9 pour vous informer de tout changement apport\u00e9 aux lois, r\u00e8glements, politiques ou proc\u00e9dures d&#8217;immigration canadiennes, qui ont un impact positif ou n\u00e9gatif sur vos projets d&#8217;immigration canadienne propos\u00e9s.<\/p>\n<\/div>\n<\/div>\n\t\t\t\t\t\t<\/div>\n\t\t\t\t<\/div>\n\t\t\t\t<div class=\"elementor-element elementor-element-4050f438 elementor-widget elementor-widget-spacer\" data-id=\"4050f438\" data-element_type=\"widget\" data-widget_type=\"spacer.default\">\n\t\t\t\t<div class=\"elementor-widget-container\">\n\t\t\t\t\t<div class=\"elementor-spacer\">\n\t\t\t<div class=\"elementor-spacer-inner\"><\/div>\n\t\t<\/div>\n\t\t\t\t<\/div>\n\t\t\t\t<\/div>\n\t\t\t\t\t<\/div>\n\t\t\t\t<\/div>\n\t\t\t\t<\/div>\n\t\t","protected":false},"excerpt":{"rendered":"<p>Pourquoi choisir l&#8217;assistance juridique pour l&#8217;immigration canadienne Lorsque vous d\u00e9cidez d\u2019immigrer au Canada, vous devez d\u00e9cider comment obtenir votre statut d\u2019immigration canadien. Les trois (3) principales options sont de 1) Faire appel aux services d\u2019un cabinet d\u2019avocats; 2) Employer un consultant; ou 3) Faites-le vous-m\u00eame. La question de savoir pourquoi vous devriez choisir un avocat [&hellip;]<\/p>\n","protected":false},"author":1,"featured_media":0,"parent":0,"menu_order":0,"comment_status":"closed","ping_status":"closed","template":"","meta":{"footnotes":""},"class_list":["post-3776","page","type-page","status-publish","hentry"],"_links":{"self":[{"href":"https:\/\/www.akcanada.com\/fr\/wp-json\/wp\/v2\/pages\/3776"}],"collection":[{"href":"https:\/\/www.akcanada.com\/fr\/wp-json\/wp\/v2\/pages"}],"about":[{"href":"https:\/\/www.akcanada.com\/fr\/wp-json\/wp\/v2\/types\/page"}],"author":[{"embeddable":true,"href":"https:\/\/www.akcanada.com\/fr\/wp-json\/wp\/v2\/users\/1"}],"replies":[{"embeddable":true,"href":"https:\/\/www.akcanada.com\/fr\/wp-json\/wp\/v2\/comments?post=3776"}],"version-history":[{"count":4,"href":"https:\/\/www.akcanada.com\/fr\/wp-json\/wp\/v2\/pages\/3776\/revisions"}],"predecessor-version":[{"id":4035,"href":"https:\/\/www.akcanada.com\/fr\/wp-json\/wp\/v2\/pages\/3776\/revisions\/4035"}],"wp:attachment":[{"href":"https:\/\/www.akcanada.com\/fr\/wp-json\/wp\/v2\/media?parent=3776"}],"curies":[{"name":"wp","href":"https:\/\/api.w.org\/{rel}","templated":true}]}}