{"id":3772,"date":"2024-04-22T16:22:02","date_gmt":"2024-04-22T16:22:02","guid":{"rendered":"https:\/\/www.akcanada.com\/prolongez-votre-sejour-en-tant-que-visiteur\/"},"modified":"2025-05-22T20:35:17","modified_gmt":"2025-05-22T20:35:17","slug":"prolongez-votre-sejour-en-tant-que-visiteur","status":"publish","type":"page","link":"https:\/\/www.akcanada.com\/fr\/prolongez-votre-sejour-en-tant-que-visiteur\/","title":{"rendered":"Prolongez votre s\u00e9jour en tant que visiteur"},"content":{"rendered":"\t\t<div data-elementor-type=\"wp-page\" data-elementor-id=\"3772\" class=\"elementor elementor-3772 elementor-2889\">\n\t\t\t\t<div class=\"elementor-element elementor-element-09ce6b4 e-flex e-con-boxed e-con e-parent\" data-id=\"09ce6b4\" data-element_type=\"container\">\n\t\t\t\t\t<div class=\"e-con-inner\">\n\t\t\t\t<div class=\"elementor-element elementor-element-ccc901e elementor-widget elementor-widget-heading\" data-id=\"ccc901e\" data-element_type=\"widget\" data-widget_type=\"heading.default\">\n\t\t\t\t<div class=\"elementor-widget-container\">\n\t\t\t<h1 class=\"elementor-heading-title elementor-size-default\">Prolongez votre visa de visiteur<\/h1>\t\t<\/div>\n\t\t\t\t<\/div>\n\t\t\t\t<div class=\"elementor-element elementor-element-a827bb8 elementor-widget-divider--view-line elementor-widget elementor-widget-divider\" data-id=\"a827bb8\" data-element_type=\"widget\" data-widget_type=\"divider.default\">\n\t\t\t\t<div class=\"elementor-widget-container\">\n\t\t\t\t\t<div class=\"elementor-divider\">\n\t\t\t<span class=\"elementor-divider-separator\">\n\t\t\t\t\t\t<\/span>\n\t\t<\/div>\n\t\t\t\t<\/div>\n\t\t\t\t<\/div>\n\t\t\t\t\t<\/div>\n\t\t\t\t<\/div>\n\t\t<div class=\"elementor-element elementor-element-e875625 e-flex e-con-boxed e-con e-parent\" data-id=\"e875625\" data-element_type=\"container\">\n\t\t\t\t\t<div class=\"e-con-inner\">\n\t\t<div class=\"elementor-element elementor-element-f7c3a0e e-con-full e-flex e-con e-child\" data-id=\"f7c3a0e\" data-element_type=\"container\">\n\t\t\t\t<div class=\"elementor-element elementor-element-f1959cb elementor-widget elementor-widget-heading\" data-id=\"f1959cb\" data-element_type=\"widget\" data-widget_type=\"heading.default\">\n\t\t\t\t<div class=\"elementor-widget-container\">\n\t\t\t<h2 class=\"elementor-heading-title elementor-size-default\">Qui peut demander un enregistrement de visiteur<\/h2>\t\t<\/div>\n\t\t\t\t<\/div>\n\t\t\t\t<div class=\"elementor-element elementor-element-646957e elementor-widget elementor-widget-text-editor\" data-id=\"646957e\" data-element_type=\"widget\" data-widget_type=\"text-editor.default\">\n\t\t\t\t<div class=\"elementor-widget-container\">\n\t\t\t\t\t\t\tUn enregistrement de visiteur est destin\u00e9 aux personnes qui souhaitent effectuer l&#8217;une des actions suivantes&nbsp;:\n<ul>\n \t<li>prolonger leur s\u00e9jour au Canada en\n<ul>\n \t<li>un visiteur<\/li>\n \t<li>un travailleur autoris\u00e9 \u00e0 travailler sans permis de travail ou<\/li>\n \t<li>un \u00e9tudiant autoris\u00e9 \u00e0 \u00e9tudier sans permis d&#8217;\u00e9tudes<\/li>\n<\/ul>\n<\/li>\n \t<li>changer leur cat\u00e9gorie de r\u00e9sident temporaire de\n<ul>\n \t<li>un titulaire de permis d&#8217;\u00e9tudes \u00e0 un visiteur<\/li>\n \t<li>un titulaire de permis de travail \u00e0 un visiteur<\/li>\n<\/ul>\n<\/li>\n<\/ul>\nPeu importe que vous soyez entr\u00e9 au Canada avec un visa de visiteur, une autorisation de voyage \u00e9lectronique (AVE) ou un autre document. Vous avez besoin d&#8217;une fiche de visiteur si vous souhaitez prolonger votre s\u00e9jour au Canada, que ce soit en tant que r\u00e9sident permanent ou en tant que r\u00e9sident permanent. \n<ul>\n \t<li>visiteur<\/li>\n \t<li>travailleur autoris\u00e9 \u00e0 travailler sans permis de travail ou<\/li>\n \t<li>\u00e9tudiant autoris\u00e9 \u00e0 \u00e9tudier sans permis d&#8217;\u00e9tudes<\/li>\n<\/ul>\n<h3>Quand postuler<\/h3>\nSi vous souhaitez prolonger votre s\u00e9jour en tant que visiteur ou changer de statut (d&#8217;\u00e9tudiant ou de travailleur international \u00e0 visiteur, par exemple), vous devez faire votre demande au moins <strong>30 jours avant<\/strong> l&#8217;expiration de votre statut actuel.\n\nLa date d&#8217;expiration de votre statut est le\n<ul class=\"mrgn-bttm-xl\">\n \t<li>le tampon sur votre passeport (il ne s&#8217;agit <strong>pas<\/strong> de la date figurant sur votre visa de visiteur).\n<ul>\n \t<li>Si vous n\u2019avez pas de tampon dans votre passeport, la date d\u2019expiration est de 6 mois \u00e0 compter du jour de votre entr\u00e9e au Canada.<\/li>\n<\/ul>\n<\/li>\n \t<li>votre permis d&#8217;\u00e9tudes<\/li>\n \t<li>votre permis de travail ou<\/li>\n \t<li>votre dossier de visiteur (si vous avez d\u00e9j\u00e0 prolong\u00e9 votre s\u00e9jour)<\/li>\n<\/ul>\n<h3>Besoin d&#8217;aide ?<\/h3>\nLes avocats sp\u00e9cialis\u00e9s en immigration du cabinet Abrams et Krochak peuvent pr\u00e9parer et soumettre tous les documents n\u00e9cessaires \u00e0 la prolongation de votre visa de visiteur. Nous avons aid\u00e9 des milliers de clients \u00e0 immigrer au Canada et nous pouvons vous accompagner. Remplissez le formulaire ci-dessous pour nous contacter d\u00e8s aujourd&#8217;hui et d\u00e9couvrir comment nous pouvons vous aider.  \t\t\t\t\t\t<\/div>\n\t\t\t\t<\/div>\n\t\t\t\t<div class=\"elementor-element elementor-element-cfe3254 elementor-widget elementor-widget-heading\" data-id=\"cfe3254\" data-element_type=\"widget\" data-widget_type=\"heading.default\">\n\t\t\t\t<div class=\"elementor-widget-container\">\n\t\t\t<h3 class=\"elementor-heading-title elementor-size-default\">Remplissez ce formulaire si vous \u00eates int\u00e9ress\u00e9 par une prolongation de visa de visiteur<\/h3>\t\t<\/div>\n\t\t\t\t<\/div>\n\t\t\t\t<div class=\"elementor-element elementor-element-594b850 elementor-widget elementor-widget-shortcode\" data-id=\"594b850\" data-element_type=\"widget\" data-widget_type=\"shortcode.default\">\n\t\t\t\t<div class=\"elementor-widget-container\">\n\t\t\t\t\t<div class=\"elementor-shortcode\"><script type=\"text\/javascript\">var gform;gform||(document.addEventListener(\"gform_main_scripts_loaded\",function(){gform.scriptsLoaded=!0}),window.addEventListener(\"DOMContentLoaded\",function(){gform.domLoaded=!0}),gform={domLoaded:!1,scriptsLoaded:!1,initializeOnLoaded:function(o){gform.domLoaded&&gform.scriptsLoaded?o():!gform.domLoaded&&gform.scriptsLoaded?window.addEventListener(\"DOMContentLoaded\",o):document.addEventListener(\"gform_main_scripts_loaded\",o)},hooks:{action:{},filter:{}},addAction:function(o,n,r,t){gform.addHook(\"action\",o,n,r,t)},addFilter:function(o,n,r,t){gform.addHook(\"filter\",o,n,r,t)},doAction:function(o){gform.doHook(\"action\",o,arguments)},applyFilters:function(o){return gform.doHook(\"filter\",o,arguments)},removeAction:function(o,n){gform.removeHook(\"action\",o,n)},removeFilter:function(o,n,r){gform.removeHook(\"filter\",o,n,r)},addHook:function(o,n,r,t,i){null==gform.hooks[o][n]&&(gform.hooks[o][n]=[]);var e=gform.hooks[o][n];null==i&&(i=n+\"_\"+e.length),gform.hooks[o][n].push({tag:i,callable:r,priority:t=null==t?10:t})},doHook:function(n,o,r){var t;if(r=Array.prototype.slice.call(r,1),null!=gform.hooks[n][o]&&((o=gform.hooks[n][o]).sort(function(o,n){return o.priority-n.priority}),o.forEach(function(o){\"function\"!=typeof(t=o.callable)&&(t=window[t]),\"action\"==n?t.apply(null,r):r[0]=t.apply(null,r)})),\"filter\"==n)return r[0]},removeHook:function(o,n,t,i){var r;null!=gform.hooks[o][n]&&(r=(r=gform.hooks[o][n]).filter(function(o,n,r){return!!(null!=i&&i!=o.tag||null!=t&&t!=o.priority)}),gform.hooks[o][n]=r)}});<\/script>\n                <div class='gf_browser_gecko gform_wrapper gravity-theme gform-theme--no-framework' data-form-theme='gravity-theme' data-form-index='0' id='gform_wrapper_5' >\n                        <div class='gform_heading'>\n                            <p class='gform_description'><\/p>\n\t\t\t\t\t\t\t<p class='gform_required_legend'>&quot;<span class=\"gfield_required gfield_required_asterisk\">*<\/span>&quot; indique les champs obligatoires<\/p>\n                        <\/div><form method='post' enctype='multipart\/form-data'  id='gform_5'  action='\/fr\/wp-json\/wp\/v2\/pages\/3772' data-formid='5' novalidate>\n                        <div class='gform-body gform_body'><div id='gform_fields_5' class='gform_fields top_label form_sublabel_below description_below validation_below'><div id=\"field_5_1\" class=\"gfield gfield--type-text field_sublabel_below gfield--no-description field_description_below field_validation_below gfield_visibility_visible\"  data-js-reload=\"field_5_1\" ><label class='gfield_label gform-field-label' for='input_5_1'>Num\u00e9ro de client AK (le cas \u00e9ch\u00e9ant)<\/label><div class='ginput_container ginput_container_text'><input name='input_1' id='input_5_1' type='text' value='' class='large'      aria-invalid=\"false\"   \/> <\/div><\/div><div id=\"field_5_3\" class=\"gfield gfield--type-select gfield_contains_required field_sublabel_below gfield--no-description field_description_below field_validation_below gfield_visibility_visible\"  data-js-reload=\"field_5_3\" ><label class='gfield_label gform-field-label' for='input_5_3'>Titre<span class=\"gfield_required\"><span class=\"gfield_required gfield_required_asterisk\">*<\/span><\/span><\/label><div class='ginput_container ginput_container_select'><select name='input_3' id='input_5_3' class='large gfield_select'    aria-required=\"true\" aria-invalid=\"false\" ><option value='' selected='selected' class='gf_placeholder'>S\u00e9lectionner<\/option><option value='M.' >M.<\/option><option value='Manquer' >Manquer<\/option><option value='Mme.' >Mme.<\/option><option value='MS.' >MS.<\/option><option value='Prof.' >Prof.<\/option><option value='Dr.' >Dr.<\/option><\/select><\/div><\/div><div id=\"field_5_5\" class=\"gfield gfield--type-text gfield_contains_required field_sublabel_below gfield--no-description field_description_below field_validation_below gfield_visibility_visible\"  data-js-reload=\"field_5_5\" ><label class='gfield_label gform-field-label' for='input_5_5'>Pr\u00e9nom<span class=\"gfield_required\"><span class=\"gfield_required gfield_required_asterisk\">*<\/span><\/span><\/label><div class='ginput_container ginput_container_text'><input name='input_5' id='input_5_5' type='text' value='' class='large'     aria-required=\"true\" aria-invalid=\"false\"   \/> <\/div><\/div><div id=\"field_5_6\" class=\"gfield gfield--type-text gfield--width-full gfield_contains_required field_sublabel_below gfield--no-description field_description_below field_validation_below gfield_visibility_visible\"  data-js-reload=\"field_5_6\" ><label class='gfield_label gform-field-label' for='input_5_6'>Nom de famille<span class=\"gfield_required\"><span class=\"gfield_required gfield_required_asterisk\">*<\/span><\/span><\/label><div class='ginput_container ginput_container_text'><input name='input_6' id='input_5_6' type='text' value='' class='large'     aria-required=\"true\" aria-invalid=\"false\"   \/> <\/div><\/div><div id=\"field_5_7\" class=\"gfield gfield--type-email gfield_contains_required field_sublabel_below gfield--no-description field_description_below field_validation_below gfield_visibility_visible\"  data-js-reload=\"field_5_7\" ><label class='gfield_label gform-field-label' for='input_5_7'>E-mail<span class=\"gfield_required\"><span class=\"gfield_required gfield_required_asterisk\">*<\/span><\/span><\/label><div class='ginput_container ginput_container_email'>\n                            <input name='input_7' id='input_5_7' type='email' value='' class='large'    aria-required=\"true\" aria-invalid=\"false\"  \/>\n                        <\/div><\/div><div id=\"field_5_8\" class=\"gfield gfield--type-phone gfield_contains_required field_sublabel_below gfield--no-description field_description_below field_validation_below gfield_visibility_visible\"  data-js-reload=\"field_5_8\" ><label class='gfield_label gform-field-label' for='input_5_8'>T\u00e9l\u00e9phone<span class=\"gfield_required\"><span class=\"gfield_required gfield_required_asterisk\">*<\/span><\/span><\/label><div class='ginput_container ginput_container_phone'><input name='input_8' id='input_5_8' type='tel' value='' class='large'   aria-required=\"true\" aria-invalid=\"false\"   \/><\/div><\/div><div id=\"field_5_11\" class=\"gfield gfield--type-date gfield--input-type-datepicker gfield--datepicker-default-icon gfield--width-full gfield_contains_required field_sublabel_below gfield--no-description field_description_below field_validation_below gfield_visibility_visible\"  data-js-reload=\"field_5_11\" ><label class='gfield_label gform-field-label' for='input_5_11'>Date d&#039;expiration du visa de r\u00e9sident temporaire<span class=\"gfield_required\"><span class=\"gfield_required gfield_required_asterisk\">*<\/span><\/span><\/label><div class='ginput_container ginput_container_date'>\n                            <input name='input_11' id='input_5_11' type='text' value='' class='datepicker gform-datepicker mdy datepicker_with_icon gdatepicker_with_icon'   placeholder='mm\/dd\/yyyy' aria-describedby=\"input_5_11_date_format\" aria-invalid=\"false\" aria-required=\"true\"\/>\n                            <span id='input_5_11_date_format' class='screen-reader-text'>MM slash DD slash YYYY<\/span>\n                        <\/div>\n                        <input type='hidden' id='gforms_calendar_icon_input_5_11' class='gform_hidden' value='https:\/\/www.akcanada.com\/wp-content\/plugins\/gravityforms\/images\/datepicker\/datepicker.svg'\/><\/div><div id=\"field_5_9\" class=\"gfield gfield--type-textarea gfield_contains_required field_sublabel_below gfield--no-description field_description_below field_validation_below gfield_visibility_visible\"  data-js-reload=\"field_5_9\" ><label class='gfield_label gform-field-label' for='input_5_9'>Veuillez saisir votre demande dans la case pr\u00e9vue \u00e0 cet effet ci-dessous&nbsp;:<span class=\"gfield_required\"><span class=\"gfield_required gfield_required_asterisk\">*<\/span><\/span><\/label><div class='ginput_container ginput_container_textarea'><textarea name='input_9' id='input_5_9' class='textarea small'     aria-required=\"true\" aria-invalid=\"false\"   rows='10' cols='50'><\/textarea><\/div><\/div><div id=\"field_5_10\" class=\"gfield gfield--type-captcha gfield--width-full field_sublabel_below gfield--no-description field_description_below hidden_label field_validation_below gfield_visibility_visible\"  data-js-reload=\"field_5_10\" ><label class='gfield_label gform-field-label' for='input_5_10'>CAPTCHA<\/label><div id='input_5_10' class='ginput_container ginput_recaptcha' data-sitekey='6LdIm74pAAAAAHXnCApUOjAeNOzuHW6PJSIvK9DK'  data-theme='light' data-tabindex='0'  data-badge=''><\/div><\/div><div id=\"field_5_12\" class=\"gfield gfield--type-honeypot gform_validation_container field_sublabel_below gfield--has-description field_description_below field_validation_below gfield_visibility_visible\"  data-js-reload=\"field_5_12\" ><label class='gfield_label gform-field-label' for='input_5_12'>Email<\/label><div class='ginput_container'><input name='input_12' id='input_5_12' type='text' value='' autocomplete='new-password'\/><\/div><div class='gfield_description' id='gfield_description_5_12'>This field is for validation purposes and should be left unchanged.<\/div><\/div><\/div><\/div>\n        <div class='gform_footer top_label'> <input type='submit' id='gform_submit_button_5' class='gform_button button' value='Submit'  onclick='if(window[\"gf_submitting_5\"]){return false;}  if( !jQuery(\"#gform_5\")[0].checkValidity || jQuery(\"#gform_5\")[0].checkValidity()){window[\"gf_submitting_5\"]=true;}  ' onkeypress='if( event.keyCode == 13 ){ if(window[\"gf_submitting_5\"]){return false;} if( !jQuery(\"#gform_5\")[0].checkValidity || jQuery(\"#gform_5\")[0].checkValidity()){window[\"gf_submitting_5\"]=true;}  jQuery(\"#gform_5\").trigger(\"submit\",[true]); }' \/> \n            <input type='hidden' class='gform_hidden' name='is_submit_5' value='1' \/>\n            <input type='hidden' class='gform_hidden' name='gform_submit' value='5' \/>\n            \n            <input type='hidden' class='gform_hidden' name='gform_unique_id' value='' \/>\n            <input type='hidden' class='gform_hidden' name='state_5' value='WyJ7XCIzXCI6W1wiZGViNGZmMDU4NThkZjA1ZmE4MDE3MTUxYTAzZWI4OWVcIixcImRmNWNiMDhmOThkMTMyZDkxMWMzMzlkMWYyODVjMzk1XCIsXCIwYTkzYTgxYjE3NDczZDAyMzBhNTM0YjE1MTk5ZTliOFwiLFwiYmU0ZTVhNTc1MjBjY2ViOTM1Njg5OGNhMWQ1Mjg2M2JcIixcIjgwYjMyNGZhM2VkN2E0YzZiNTI3Yjc2NzIxODk1MjMwXCIsXCJiM2VmY2VjZmRiYmNjMGY0ZjliYmY5MTY3MTliN2IzZlwiXX0iLCJlMDM3YzU2ZDE2OWE2NGVjYzUwMzAxZWVlOTI2NWY3MyJd' \/>\n            <input type='hidden' class='gform_hidden' name='gform_target_page_number_5' id='gform_target_page_number_5' value='0' \/>\n            <input type='hidden' class='gform_hidden' name='gform_source_page_number_5' id='gform_source_page_number_5' value='1' \/>\n            <input type='hidden' name='gform_field_values' value='' \/>\n            \n        <\/div>\n                        <p style=\"display: none !important;\" class=\"akismet-fields-container\" data-prefix=\"ak_\"><label>&#916;<textarea name=\"ak_hp_textarea\" cols=\"45\" rows=\"8\" maxlength=\"100\"><\/textarea><\/label><input type=\"hidden\" id=\"ak_js_1\" name=\"ak_js\" value=\"56\"\/><script>document.getElementById( \"ak_js_1\" ).setAttribute( \"value\", ( new Date() ).getTime() );<\/script><\/p><\/form>\n                        <\/div><script>\ngform.initializeOnLoaded( function() {gformInitSpinner( 5, 'https:\/\/www.akcanada.com\/wp-content\/plugins\/gravityforms\/images\/spinner.svg', true );jQuery('#gform_ajax_frame_5').on('load',function(){var contents = jQuery(this).contents().find('*').html();var is_postback = contents.indexOf('GF_AJAX_POSTBACK') >= 0;if(!is_postback){return;}var form_content = jQuery(this).contents().find('#gform_wrapper_5');var is_confirmation = jQuery(this).contents().find('#gform_confirmation_wrapper_5').length > 0;var is_redirect = contents.indexOf('gformRedirect(){') >= 0;var is_form = form_content.length > 0 && ! is_redirect && ! is_confirmation;var mt = parseInt(jQuery('html').css('margin-top'), 10) + parseInt(jQuery('body').css('margin-top'), 10) + 100;if(is_form){jQuery('#gform_wrapper_5').html(form_content.html());if(form_content.hasClass('gform_validation_error')){jQuery('#gform_wrapper_5').addClass('gform_validation_error');} else {jQuery('#gform_wrapper_5').removeClass('gform_validation_error');}setTimeout( function() { \/* delay the scroll by 50 milliseconds to fix a bug in chrome *\/  }, 50 );if(window['gformInitDatepicker']) {gformInitDatepicker();}if(window['gformInitPriceFields']) {gformInitPriceFields();}var current_page = jQuery('#gform_source_page_number_5').val();gformInitSpinner( 5, 'https:\/\/www.akcanada.com\/wp-content\/plugins\/gravityforms\/images\/spinner.svg', true );jQuery(document).trigger('gform_page_loaded', [5, current_page]);window['gf_submitting_5'] = false;}else if(!is_redirect){var confirmation_content = jQuery(this).contents().find('.GF_AJAX_POSTBACK').html();if(!confirmation_content){confirmation_content = contents;}jQuery('#gform_wrapper_5').replaceWith(confirmation_content);jQuery(document).trigger('gform_confirmation_loaded', [5]);window['gf_submitting_5'] = false;wp.a11y.speak(jQuery('#gform_confirmation_message_5').text());}else{jQuery('#gform_5').append(contents);if(window['gformRedirect']) {gformRedirect();}}jQuery(document).trigger(\"gform_pre_post_render\", [{ formId: \"5\", currentPage: \"current_page\", abort: function() { this.preventDefault(); } }]);                if (event && event.defaultPrevented) {                return;         }        const gformWrapperDiv = document.getElementById( \"gform_wrapper_5\" );        if ( gformWrapperDiv ) {            const visibilitySpan = document.createElement( \"span\" );            visibilitySpan.id = \"gform_visibility_test_5\";            gformWrapperDiv.insertAdjacentElement( \"afterend\", visibilitySpan );        }        const visibilityTestDiv = document.getElementById( \"gform_visibility_test_5\" );        let postRenderFired = false;                function triggerPostRender() {            if ( postRenderFired ) {                return;            }            postRenderFired = true;            jQuery( document ).trigger( 'gform_post_render', [5, current_page] );            gform.utils.trigger( { event: 'gform\/postRender', native: false, data: { formId: 5, currentPage: current_page } } );            if ( visibilityTestDiv ) {                visibilityTestDiv.parentNode.removeChild( visibilityTestDiv );            }        }        function debounce( func, wait, immediate ) {            var timeout;            return function() {                var context = this, args = arguments;                var later = function() {                    timeout = null;                    if ( !immediate ) func.apply( context, args );                };                var callNow = immediate && !timeout;                clearTimeout( timeout );                timeout = setTimeout( later, wait );                if ( callNow ) func.apply( context, args );            };        }        const debouncedTriggerPostRender = debounce( function() {            triggerPostRender();        }, 200 );        if ( visibilityTestDiv && visibilityTestDiv.offsetParent === null ) {            const observer = new MutationObserver( ( mutations ) => {                mutations.forEach( ( mutation ) => {                    if ( mutation.type === 'attributes' && visibilityTestDiv.offsetParent !== null ) {                        debouncedTriggerPostRender();                        observer.disconnect();                    }                });            });            observer.observe( document.body, {                attributes: true,                childList: false,                subtree: true,                attributeFilter: [ 'style', 'class' ],            });        } else {            triggerPostRender();        }    } );} );\n<\/script>\n<\/div>\n\t\t\t\t<\/div>\n\t\t\t\t<\/div>\n\t\t\t\t<div class=\"elementor-element elementor-element-bb23bcb elementor-align-center elementor-widget elementor-widget-button\" data-id=\"bb23bcb\" data-element_type=\"widget\" data-widget_type=\"button.default\">\n\t\t\t\t<div class=\"elementor-widget-container\">\n\t\t\t\t\t\t\t<div class=\"elementor-button-wrapper\">\n\t\t\t\t\t<a class=\"elementor-button elementor-button-link elementor-size-sm\" href=\"https:\/\/www.akcanada.com\/fr\/programme-de-referencement-dakcanada\/\">\n\t\t\t\t\t\t<span class=\"elementor-button-content-wrapper\">\n\t\t\t\t\t\t\t\t\t<span class=\"elementor-button-text\">Vous voulez gagner de l'argent suppl\u00e9mentaire ? Cliquez ici pour<br> Renseignez-vous sur le programme de r\u00e9f\u00e9rencement d'AKCanada. <\/span>\n\t\t\t\t\t<\/span>\n\t\t\t\t\t<\/a>\n\t\t\t\t<\/div>\n\t\t\t\t\t\t<\/div>\n\t\t\t\t<\/div>\n\t\t\t\t<\/div>\n\t\t<div class=\"elementor-element elementor-element-b2e4d9d e-con-full e-flex e-con e-child\" data-id=\"b2e4d9d\" data-element_type=\"container\">\n\t\t\t\t<\/div>\n\t\t\t\t\t<\/div>\n\t\t\t\t<\/div>\n\t\t<div class=\"elementor-element elementor-element-d084da9 e-flex e-con-boxed e-con e-parent\" data-id=\"d084da9\" data-element_type=\"container\">\n\t\t\t\t\t<div class=\"e-con-inner\">\n\t\t\t\t<div class=\"elementor-element elementor-element-d58d909 elementor-widget elementor-widget-spacer\" data-id=\"d58d909\" data-element_type=\"widget\" data-widget_type=\"spacer.default\">\n\t\t\t\t<div class=\"elementor-widget-container\">\n\t\t\t\t\t<div class=\"elementor-spacer\">\n\t\t\t<div class=\"elementor-spacer-inner\"><\/div>\n\t\t<\/div>\n\t\t\t\t<\/div>\n\t\t\t\t<\/div>\n\t\t\t\t\t<\/div>\n\t\t\t\t<\/div>\n\t\t\t\t<\/div>\n\t\t","protected":false},"excerpt":{"rendered":"<p>Prolongez votre visa de visiteur Qui peut demander un enregistrement de visiteur Un enregistrement de visiteur est destin\u00e9 aux personnes qui souhaitent effectuer l&#8217;une des actions suivantes&nbsp;: prolonger leur s\u00e9jour au Canada en un visiteur un travailleur autoris\u00e9 \u00e0 travailler sans permis de travail ou un \u00e9tudiant autoris\u00e9 \u00e0 \u00e9tudier sans permis d&#8217;\u00e9tudes changer leur [&hellip;]<\/p>\n","protected":false},"author":1,"featured_media":0,"parent":0,"menu_order":0,"comment_status":"closed","ping_status":"closed","template":"","meta":{"footnotes":""},"class_list":["post-3772","page","type-page","status-publish","hentry"],"_links":{"self":[{"href":"https:\/\/www.akcanada.com\/fr\/wp-json\/wp\/v2\/pages\/3772"}],"collection":[{"href":"https:\/\/www.akcanada.com\/fr\/wp-json\/wp\/v2\/pages"}],"about":[{"href":"https:\/\/www.akcanada.com\/fr\/wp-json\/wp\/v2\/types\/page"}],"author":[{"embeddable":true,"href":"https:\/\/www.akcanada.com\/fr\/wp-json\/wp\/v2\/users\/1"}],"replies":[{"embeddable":true,"href":"https:\/\/www.akcanada.com\/fr\/wp-json\/wp\/v2\/comments?post=3772"}],"version-history":[{"count":1,"href":"https:\/\/www.akcanada.com\/fr\/wp-json\/wp\/v2\/pages\/3772\/revisions"}],"predecessor-version":[{"id":3773,"href":"https:\/\/www.akcanada.com\/fr\/wp-json\/wp\/v2\/pages\/3772\/revisions\/3773"}],"wp:attachment":[{"href":"https:\/\/www.akcanada.com\/fr\/wp-json\/wp\/v2\/media?parent=3772"}],"curies":[{"name":"wp","href":"https:\/\/api.w.org\/{rel}","templated":true}]}}