{"id":3770,"date":"2024-05-02T21:31:35","date_gmt":"2024-05-02T21:31:35","guid":{"rendered":"https:\/\/www.akcanada.com\/prolonger-ou-modifier-les-conditions-de-votre-permis-de-travail\/"},"modified":"2025-05-22T20:35:00","modified_gmt":"2025-05-22T20:35:00","slug":"prolonger-ou-modifier-les-conditions-de-votre-permis-de-travail","status":"publish","type":"page","link":"https:\/\/www.akcanada.com\/fr\/prolonger-ou-modifier-les-conditions-de-votre-permis-de-travail\/","title":{"rendered":"Prolonger ou modifier les conditions de votre permis de travail"},"content":{"rendered":"\t\t<div data-elementor-type=\"wp-page\" data-elementor-id=\"3770\" class=\"elementor elementor-3770 elementor-2881\">\n\t\t\t\t<div class=\"elementor-element elementor-element-93a1334 e-flex e-con-boxed e-con e-parent\" data-id=\"93a1334\" data-element_type=\"container\">\n\t\t\t\t\t<div class=\"e-con-inner\">\n\t\t\t\t<div class=\"elementor-element elementor-element-a66069a elementor-widget elementor-widget-heading\" data-id=\"a66069a\" data-element_type=\"widget\" data-widget_type=\"heading.default\">\n\t\t\t\t<div class=\"elementor-widget-container\">\n\t\t\t<h1 class=\"elementor-heading-title elementor-size-default\">Prolonger ou modifier les conditions du permis de travail<\/h1>\t\t<\/div>\n\t\t\t\t<\/div>\n\t\t\t\t<div class=\"elementor-element elementor-element-a8216d9 elementor-widget-divider--view-line elementor-widget elementor-widget-divider\" data-id=\"a8216d9\" data-element_type=\"widget\" data-widget_type=\"divider.default\">\n\t\t\t\t<div class=\"elementor-widget-container\">\n\t\t\t\t\t<div class=\"elementor-divider\">\n\t\t\t<span class=\"elementor-divider-separator\">\n\t\t\t\t\t\t<\/span>\n\t\t<\/div>\n\t\t\t\t<\/div>\n\t\t\t\t<\/div>\n\t\t\t\t\t<\/div>\n\t\t\t\t<\/div>\n\t\t<div class=\"elementor-element elementor-element-7850ce1 e-flex e-con-boxed e-con e-parent\" data-id=\"7850ce1\" data-element_type=\"container\">\n\t\t\t\t\t<div class=\"e-con-inner\">\n\t\t<div class=\"elementor-element elementor-element-875294e e-con-full e-flex e-con e-child\" data-id=\"875294e\" data-element_type=\"container\">\n\t\t\t\t<div class=\"elementor-element elementor-element-1da1b1d elementor-widget elementor-widget-heading\" data-id=\"1da1b1d\" data-element_type=\"widget\" data-widget_type=\"heading.default\">\n\t\t\t\t<div class=\"elementor-widget-container\">\n\t\t\t<h2 class=\"elementor-heading-title elementor-size-default\">\u00c0 propos du processus<\/h2>\t\t<\/div>\n\t\t\t\t<\/div>\n\t\t\t\t<div class=\"elementor-element elementor-element-e5778c0 elementor-widget elementor-widget-text-editor\" data-id=\"e5778c0\" data-element_type=\"widget\" data-widget_type=\"text-editor.default\">\n\t\t\t\t<div class=\"elementor-widget-container\">\n\t\t\t\t\t\t\tSi vous avez un permis de travail qui est sur le point d\u2019expirer ou un permis de travail que vous devez modifier, vous devez pr\u00e9senter une demande <strong>au moins 30 jours<\/strong> avant l\u2019expiration de votre permis actuel.\n<h3>Maintenez votre statut<\/h3>\nSi vous demandez une prolongation ou une modification des conditions de votre permis de travail avant son expiration, vous \u00eates l\u00e9galement autoris\u00e9 \u00e0 rester au Canada pendant qu\u2019Immigration, R\u00e9fugi\u00e9s et Citoyennet\u00e9 Canada (IRCC) traite votre demande.\n\nSi votre permis de travail expire pendant le traitement de votre demande par IRCC, vous pouvez l\u00e9galement rester au Canada jusqu&#8217;\u00e0 ce qu&#8217;une d\u00e9cision soit prise. Si votre permis expire avant que vous ne pr\u00e9sentiez votre demande, vous pourriez \u00eatre en mesure de demander le r\u00e9tablissement de votre statut de travailleur. \n<h4>Date et heure de votre demande<\/h4>\nPour conserver votre statut, IRCC doit recevoir votre demande <strong>avant<\/strong> l&#8217;expiration de votre permis de travail. IRCC d\u00e9termine la date et l&#8217;heure de r\u00e9ception de votre demande de deux fa\u00e7ons&nbsp;: \n<ol>\n \t<li><strong>Si vous postulez en ligne :<\/strong> Vous devez soumettre votre demande avant minuit UTC le jour de l&#8217;expiration de votre permis de travail.\n<ul>\n \t<li>Le syst\u00e8me de demande en ligne d&#8217;IRCC utilise le temps universel coordonn\u00e9 (UTC). (Assurez-vous de conna\u00eetre le d\u00e9calage entre votre heure locale et l&#8217;UTC.) <\/li>\n<\/ul>\n<\/li>\n \t<li><strong>Si vous pr\u00e9sentez une demande sur papier :<\/strong> IRCC tamponne les demandes papier le jour o\u00f9 elles sont re\u00e7ues au centre de traitement des demandes.\n<ul>\n \t<li>Si IRCC re\u00e7oit une demande apr\u00e8s l\u2019expiration de votre permis de travail, il comptera 7 jours \u00e0 rebours et utilisera cette date comme date de r\u00e9ception.<\/li>\n<\/ul>\n<\/li>\n<\/ol>\n<h3>V\u00e9rifiez la date d&#8217;expiration de votre passeport<\/h3>\nVous ne pouvez pas prolonger votre permis de travail au-del\u00e0 de la date d&#8217;expiration de votre passeport. Assurez-vous que votre passeport n&#8217;expire pas avant la date d&#8217;expiration demand\u00e9e. \t\t\t\t\t\t<\/div>\n\t\t\t\t<\/div>\n\t\t\t\t<div class=\"elementor-element elementor-element-f9ad913 elementor-widget elementor-widget-text-editor\" data-id=\"f9ad913\" data-element_type=\"widget\" data-widget_type=\"text-editor.default\">\n\t\t\t\t<div class=\"elementor-widget-container\">\n\t\t\t\t\t\t\t<h3>Si vous n&#8217;avez pas de permis de travail<\/h3>\n<p>Si vous souhaitez travailler temporairement au Canada, contactez-nous pour savoir ce que vous devez faire.<\/p>\n<\/p>\n<h3>Si vous souhaitez rester au Canada de fa\u00e7on permanente<\/h3>\n<p>Vous devez \u00eatre admissible \u00e0 l\u2019une des cat\u00e9gories de r\u00e9sidents permanents.<\/p>\n<\/p>\n<h3>Besoin d&#8217;aide ?<\/h3>\n<p>Les avocats sp\u00e9cialis\u00e9s en immigration du cabinet Abrams et Krochak ont aid\u00e9 des milliers d&#8217;immigrants \u00e0 venir au Canada et nous pouvons vous aider \u00e0 prolonger votre permis de travail ou \u00e0 en modifier les conditions. Contactez-nous d\u00e8s aujourd&#8217;hui en remplissant le formulaire ci-dessous pour commencer. <\/p>\n\t\t\t\t\t\t<\/div>\n\t\t\t\t<\/div>\n\t\t\t\t<div class=\"elementor-element elementor-element-9413434 elementor-widget elementor-widget-heading\" data-id=\"9413434\" data-element_type=\"widget\" data-widget_type=\"heading.default\">\n\t\t\t\t<div class=\"elementor-widget-container\">\n\t\t\t<h3 class=\"elementor-heading-title elementor-size-default\">Remplissez ce formulaire si vous souhaitez prolonger ou modifier votre permis de travail<\/h3>\t\t<\/div>\n\t\t\t\t<\/div>\n\t\t\t\t<div class=\"elementor-element elementor-element-b1b73fd elementor-widget elementor-widget-shortcode\" data-id=\"b1b73fd\" data-element_type=\"widget\" data-widget_type=\"shortcode.default\">\n\t\t\t\t<div class=\"elementor-widget-container\">\n\t\t\t\t\t<div class=\"elementor-shortcode\"><script type=\"text\/javascript\">var gform;gform||(document.addEventListener(\"gform_main_scripts_loaded\",function(){gform.scriptsLoaded=!0}),window.addEventListener(\"DOMContentLoaded\",function(){gform.domLoaded=!0}),gform={domLoaded:!1,scriptsLoaded:!1,initializeOnLoaded:function(o){gform.domLoaded&&gform.scriptsLoaded?o():!gform.domLoaded&&gform.scriptsLoaded?window.addEventListener(\"DOMContentLoaded\",o):document.addEventListener(\"gform_main_scripts_loaded\",o)},hooks:{action:{},filter:{}},addAction:function(o,n,r,t){gform.addHook(\"action\",o,n,r,t)},addFilter:function(o,n,r,t){gform.addHook(\"filter\",o,n,r,t)},doAction:function(o){gform.doHook(\"action\",o,arguments)},applyFilters:function(o){return gform.doHook(\"filter\",o,arguments)},removeAction:function(o,n){gform.removeHook(\"action\",o,n)},removeFilter:function(o,n,r){gform.removeHook(\"filter\",o,n,r)},addHook:function(o,n,r,t,i){null==gform.hooks[o][n]&&(gform.hooks[o][n]=[]);var e=gform.hooks[o][n];null==i&&(i=n+\"_\"+e.length),gform.hooks[o][n].push({tag:i,callable:r,priority:t=null==t?10:t})},doHook:function(n,o,r){var t;if(r=Array.prototype.slice.call(r,1),null!=gform.hooks[n][o]&&((o=gform.hooks[n][o]).sort(function(o,n){return o.priority-n.priority}),o.forEach(function(o){\"function\"!=typeof(t=o.callable)&&(t=window[t]),\"action\"==n?t.apply(null,r):r[0]=t.apply(null,r)})),\"filter\"==n)return r[0]},removeHook:function(o,n,t,i){var r;null!=gform.hooks[o][n]&&(r=(r=gform.hooks[o][n]).filter(function(o,n,r){return!!(null!=i&&i!=o.tag||null!=t&&t!=o.priority)}),gform.hooks[o][n]=r)}});<\/script>\n                <div class='gf_browser_gecko gform_wrapper gravity-theme gform-theme--no-framework' data-form-theme='gravity-theme' data-form-index='0' id='gform_wrapper_6' >\n                        <div class='gform_heading'>\n                            <p class='gform_description'><\/p>\n\t\t\t\t\t\t\t<p class='gform_required_legend'>&quot;<span class=\"gfield_required gfield_required_asterisk\">*<\/span>&quot; indique les champs obligatoires<\/p>\n                        <\/div><form method='post' enctype='multipart\/form-data'  id='gform_6'  action='\/fr\/wp-json\/wp\/v2\/pages\/3770' data-formid='6' novalidate>\n                        <div class='gform-body gform_body'><div id='gform_fields_6' class='gform_fields top_label form_sublabel_below description_below validation_below'><div id=\"field_6_1\" class=\"gfield gfield--type-text field_sublabel_below gfield--no-description field_description_below field_validation_below gfield_visibility_visible\"  data-js-reload=\"field_6_1\" ><label class='gfield_label gform-field-label' for='input_6_1'>Num\u00e9ro de client AK (le cas \u00e9ch\u00e9ant)<\/label><div class='ginput_container ginput_container_text'><input name='input_1' id='input_6_1' type='text' value='' class='large'      aria-invalid=\"false\"   \/> <\/div><\/div><div id=\"field_6_3\" class=\"gfield gfield--type-select gfield_contains_required field_sublabel_below gfield--no-description field_description_below field_validation_below gfield_visibility_visible\"  data-js-reload=\"field_6_3\" ><label class='gfield_label gform-field-label' for='input_6_3'>Titre<span class=\"gfield_required\"><span class=\"gfield_required gfield_required_asterisk\">*<\/span><\/span><\/label><div class='ginput_container ginput_container_select'><select name='input_3' id='input_6_3' class='large gfield_select'    aria-required=\"true\" aria-invalid=\"false\" ><option value='' selected='selected' class='gf_placeholder'>S\u00e9lectionner<\/option><option value='M.' >M.<\/option><option value='Manquer' >Manquer<\/option><option value='Mme.' >Mme.<\/option><option value='MS.' >MS.<\/option><option value='Prof.' >Prof.<\/option><option value='Dr.' >Dr.<\/option><\/select><\/div><\/div><div id=\"field_6_5\" class=\"gfield gfield--type-text gfield_contains_required field_sublabel_below gfield--no-description field_description_below field_validation_below gfield_visibility_visible\"  data-js-reload=\"field_6_5\" ><label class='gfield_label gform-field-label' for='input_6_5'>Pr\u00e9nom<span class=\"gfield_required\"><span class=\"gfield_required gfield_required_asterisk\">*<\/span><\/span><\/label><div class='ginput_container ginput_container_text'><input name='input_5' id='input_6_5' type='text' value='' class='large'     aria-required=\"true\" aria-invalid=\"false\"   \/> <\/div><\/div><div id=\"field_6_6\" class=\"gfield gfield--type-text gfield--width-full gfield_contains_required field_sublabel_below gfield--no-description field_description_below field_validation_below gfield_visibility_visible\"  data-js-reload=\"field_6_6\" ><label class='gfield_label gform-field-label' for='input_6_6'>Nom de famille<span class=\"gfield_required\"><span class=\"gfield_required gfield_required_asterisk\">*<\/span><\/span><\/label><div class='ginput_container ginput_container_text'><input name='input_6' id='input_6_6' type='text' value='' class='large'     aria-required=\"true\" aria-invalid=\"false\"   \/> <\/div><\/div><div id=\"field_6_7\" class=\"gfield gfield--type-email gfield_contains_required field_sublabel_below gfield--no-description field_description_below field_validation_below gfield_visibility_visible\"  data-js-reload=\"field_6_7\" ><label class='gfield_label gform-field-label' for='input_6_7'>E-mail<span class=\"gfield_required\"><span class=\"gfield_required gfield_required_asterisk\">*<\/span><\/span><\/label><div class='ginput_container ginput_container_email'>\n                            <input name='input_7' id='input_6_7' type='email' value='' class='large'    aria-required=\"true\" aria-invalid=\"false\"  \/>\n                        <\/div><\/div><div id=\"field_6_8\" class=\"gfield gfield--type-phone gfield_contains_required field_sublabel_below gfield--no-description field_description_below field_validation_below gfield_visibility_visible\"  data-js-reload=\"field_6_8\" ><label class='gfield_label gform-field-label' for='input_6_8'>T\u00e9l\u00e9phone<span class=\"gfield_required\"><span class=\"gfield_required gfield_required_asterisk\">*<\/span><\/span><\/label><div class='ginput_container ginput_container_phone'><input name='input_8' id='input_6_8' type='tel' value='' class='large'   aria-required=\"true\" aria-invalid=\"false\"   \/><\/div><\/div><div id=\"field_6_11\" class=\"gfield gfield--type-date gfield--input-type-datepicker gfield--datepicker-default-icon gfield--width-full gfield_contains_required field_sublabel_below gfield--no-description field_description_below field_validation_below gfield_visibility_visible\"  data-js-reload=\"field_6_11\" ><label class='gfield_label gform-field-label' for='input_6_11'>Date d&#039;expiration du permis de travail<span class=\"gfield_required\"><span class=\"gfield_required gfield_required_asterisk\">*<\/span><\/span><\/label><div class='ginput_container ginput_container_date'>\n                            <input name='input_11' id='input_6_11' type='text' value='' class='datepicker gform-datepicker mdy datepicker_with_icon gdatepicker_with_icon'   placeholder='mm\/dd\/yyyy' aria-describedby=\"input_6_11_date_format\" aria-invalid=\"false\" aria-required=\"true\"\/>\n                            <span id='input_6_11_date_format' class='screen-reader-text'>MM slash DD slash YYYY<\/span>\n                        <\/div>\n                        <input type='hidden' id='gforms_calendar_icon_input_6_11' class='gform_hidden' value='https:\/\/www.akcanada.com\/wp-content\/plugins\/gravityforms\/images\/datepicker\/datepicker.svg'\/><\/div><div id=\"field_6_9\" class=\"gfield gfield--type-textarea gfield_contains_required field_sublabel_below gfield--no-description field_description_below field_validation_below gfield_visibility_visible\"  data-js-reload=\"field_6_9\" ><label class='gfield_label gform-field-label' for='input_6_9'>Veuillez saisir votre demande dans la case pr\u00e9vue \u00e0 cet effet ci-dessous&nbsp;:<span class=\"gfield_required\"><span class=\"gfield_required gfield_required_asterisk\">*<\/span><\/span><\/label><div class='ginput_container ginput_container_textarea'><textarea name='input_9' id='input_6_9' class='textarea small'     aria-required=\"true\" aria-invalid=\"false\"   rows='10' cols='50'><\/textarea><\/div><\/div><div id=\"field_6_10\" class=\"gfield gfield--type-captcha gfield--width-full field_sublabel_below gfield--no-description field_description_below hidden_label field_validation_below gfield_visibility_visible\"  data-js-reload=\"field_6_10\" ><label class='gfield_label gform-field-label' for='input_6_10'>CAPTCHA<\/label><div id='input_6_10' class='ginput_container ginput_recaptcha' data-sitekey='6LdIm74pAAAAAHXnCApUOjAeNOzuHW6PJSIvK9DK'  data-theme='light' data-tabindex='0'  data-badge=''><\/div><\/div><div id=\"field_6_12\" class=\"gfield gfield--type-honeypot gform_validation_container field_sublabel_below gfield--has-description field_description_below field_validation_below gfield_visibility_visible\"  data-js-reload=\"field_6_12\" ><label class='gfield_label gform-field-label' for='input_6_12'>Email<\/label><div class='ginput_container'><input name='input_12' id='input_6_12' type='text' value='' autocomplete='new-password'\/><\/div><div class='gfield_description' id='gfield_description_6_12'>This field is for validation purposes and should be left unchanged.<\/div><\/div><\/div><\/div>\n        <div class='gform_footer top_label'> <input type='submit' id='gform_submit_button_6' class='gform_button button' value='Submit'  onclick='if(window[\"gf_submitting_6\"]){return false;}  if( !jQuery(\"#gform_6\")[0].checkValidity || jQuery(\"#gform_6\")[0].checkValidity()){window[\"gf_submitting_6\"]=true;}  ' onkeypress='if( event.keyCode == 13 ){ if(window[\"gf_submitting_6\"]){return false;} if( !jQuery(\"#gform_6\")[0].checkValidity || jQuery(\"#gform_6\")[0].checkValidity()){window[\"gf_submitting_6\"]=true;}  jQuery(\"#gform_6\").trigger(\"submit\",[true]); }' \/> \n            <input type='hidden' class='gform_hidden' name='is_submit_6' value='1' \/>\n            <input type='hidden' class='gform_hidden' name='gform_submit' value='6' \/>\n            \n            <input type='hidden' class='gform_hidden' name='gform_unique_id' value='' \/>\n            <input type='hidden' class='gform_hidden' name='state_6' value='WyJ7XCIzXCI6W1wiZGViNGZmMDU4NThkZjA1ZmE4MDE3MTUxYTAzZWI4OWVcIixcImRmNWNiMDhmOThkMTMyZDkxMWMzMzlkMWYyODVjMzk1XCIsXCIwYTkzYTgxYjE3NDczZDAyMzBhNTM0YjE1MTk5ZTliOFwiLFwiYmU0ZTVhNTc1MjBjY2ViOTM1Njg5OGNhMWQ1Mjg2M2JcIixcIjgwYjMyNGZhM2VkN2E0YzZiNTI3Yjc2NzIxODk1MjMwXCIsXCJiM2VmY2VjZmRiYmNjMGY0ZjliYmY5MTY3MTliN2IzZlwiXX0iLCJlMDM3YzU2ZDE2OWE2NGVjYzUwMzAxZWVlOTI2NWY3MyJd' \/>\n            <input type='hidden' class='gform_hidden' name='gform_target_page_number_6' id='gform_target_page_number_6' value='0' \/>\n            <input type='hidden' class='gform_hidden' name='gform_source_page_number_6' id='gform_source_page_number_6' value='1' \/>\n            <input type='hidden' name='gform_field_values' value='' \/>\n            \n        <\/div>\n                        <p style=\"display: none !important;\" class=\"akismet-fields-container\" data-prefix=\"ak_\"><label>&#916;<textarea name=\"ak_hp_textarea\" cols=\"45\" rows=\"8\" maxlength=\"100\"><\/textarea><\/label><input type=\"hidden\" id=\"ak_js_1\" name=\"ak_js\" value=\"68\"\/><script>document.getElementById( \"ak_js_1\" ).setAttribute( \"value\", ( new Date() ).getTime() );<\/script><\/p><\/form>\n                        <\/div><script>\ngform.initializeOnLoaded( function() {gformInitSpinner( 6, 'https:\/\/www.akcanada.com\/wp-content\/plugins\/gravityforms\/images\/spinner.svg', true );jQuery('#gform_ajax_frame_6').on('load',function(){var contents = jQuery(this).contents().find('*').html();var is_postback = contents.indexOf('GF_AJAX_POSTBACK') >= 0;if(!is_postback){return;}var form_content = jQuery(this).contents().find('#gform_wrapper_6');var is_confirmation = jQuery(this).contents().find('#gform_confirmation_wrapper_6').length > 0;var is_redirect = contents.indexOf('gformRedirect(){') >= 0;var is_form = form_content.length > 0 && ! is_redirect && ! is_confirmation;var mt = parseInt(jQuery('html').css('margin-top'), 10) + parseInt(jQuery('body').css('margin-top'), 10) + 100;if(is_form){jQuery('#gform_wrapper_6').html(form_content.html());if(form_content.hasClass('gform_validation_error')){jQuery('#gform_wrapper_6').addClass('gform_validation_error');} else {jQuery('#gform_wrapper_6').removeClass('gform_validation_error');}setTimeout( function() { \/* delay the scroll by 50 milliseconds to fix a bug in chrome *\/  }, 50 );if(window['gformInitDatepicker']) {gformInitDatepicker();}if(window['gformInitPriceFields']) {gformInitPriceFields();}var current_page = jQuery('#gform_source_page_number_6').val();gformInitSpinner( 6, 'https:\/\/www.akcanada.com\/wp-content\/plugins\/gravityforms\/images\/spinner.svg', true );jQuery(document).trigger('gform_page_loaded', [6, current_page]);window['gf_submitting_6'] = false;}else if(!is_redirect){var confirmation_content = jQuery(this).contents().find('.GF_AJAX_POSTBACK').html();if(!confirmation_content){confirmation_content = contents;}jQuery('#gform_wrapper_6').replaceWith(confirmation_content);jQuery(document).trigger('gform_confirmation_loaded', [6]);window['gf_submitting_6'] = false;wp.a11y.speak(jQuery('#gform_confirmation_message_6').text());}else{jQuery('#gform_6').append(contents);if(window['gformRedirect']) {gformRedirect();}}jQuery(document).trigger(\"gform_pre_post_render\", [{ formId: \"6\", currentPage: \"current_page\", abort: function() { this.preventDefault(); } }]);                if (event && event.defaultPrevented) {                return;         }        const gformWrapperDiv = document.getElementById( \"gform_wrapper_6\" );        if ( gformWrapperDiv ) {            const visibilitySpan = document.createElement( \"span\" );            visibilitySpan.id = \"gform_visibility_test_6\";            gformWrapperDiv.insertAdjacentElement( \"afterend\", visibilitySpan );        }        const visibilityTestDiv = document.getElementById( \"gform_visibility_test_6\" );        let postRenderFired = false;                function triggerPostRender() {            if ( postRenderFired ) {                return;            }            postRenderFired = true;            jQuery( document ).trigger( 'gform_post_render', [6, current_page] );            gform.utils.trigger( { event: 'gform\/postRender', native: false, data: { formId: 6, currentPage: current_page } } );            if ( visibilityTestDiv ) {                visibilityTestDiv.parentNode.removeChild( visibilityTestDiv );            }        }        function debounce( func, wait, immediate ) {            var timeout;            return function() {                var context = this, args = arguments;                var later = function() {                    timeout = null;                    if ( !immediate ) func.apply( context, args );                };                var callNow = immediate && !timeout;                clearTimeout( timeout );                timeout = setTimeout( later, wait );                if ( callNow ) func.apply( context, args );            };        }        const debouncedTriggerPostRender = debounce( function() {            triggerPostRender();        }, 200 );        if ( visibilityTestDiv && visibilityTestDiv.offsetParent === null ) {            const observer = new MutationObserver( ( mutations ) => {                mutations.forEach( ( mutation ) => {                    if ( mutation.type === 'attributes' && visibilityTestDiv.offsetParent !== null ) {                        debouncedTriggerPostRender();                        observer.disconnect();                    }                });            });            observer.observe( document.body, {                attributes: true,                childList: false,                subtree: true,                attributeFilter: [ 'style', 'class' ],            });        } else {            triggerPostRender();        }    } );} );\n<\/script>\n<\/div>\n\t\t\t\t<\/div>\n\t\t\t\t<\/div>\n\t\t\t\t<div class=\"elementor-element elementor-element-6e70c37 elementor-align-center elementor-widget elementor-widget-button\" data-id=\"6e70c37\" data-element_type=\"widget\" data-widget_type=\"button.default\">\n\t\t\t\t<div class=\"elementor-widget-container\">\n\t\t\t\t\t\t\t<div class=\"elementor-button-wrapper\">\n\t\t\t\t\t<a class=\"elementor-button elementor-button-link elementor-size-sm\" href=\"https:\/\/www.akcanada.com\/fr\/programme-de-referencement-dakcanada\/\">\n\t\t\t\t\t\t<span class=\"elementor-button-content-wrapper\">\n\t\t\t\t\t\t\t\t\t<span class=\"elementor-button-text\">Vous voulez gagner de l'argent suppl\u00e9mentaire ? Cliquez ici pour<br> Renseignez-vous sur le programme de r\u00e9f\u00e9rencement d'AKCanada. <\/span>\n\t\t\t\t\t<\/span>\n\t\t\t\t\t<\/a>\n\t\t\t\t<\/div>\n\t\t\t\t\t\t<\/div>\n\t\t\t\t<\/div>\n\t\t\t\t<\/div>\n\t\t<div class=\"elementor-element elementor-element-846ed5d e-con-full e-flex e-con e-child\" data-id=\"846ed5d\" data-element_type=\"container\">\n\t\t\t\t<\/div>\n\t\t\t\t\t<\/div>\n\t\t\t\t<\/div>\n\t\t<div class=\"elementor-element elementor-element-b1f1d85 e-flex e-con-boxed e-con e-parent\" data-id=\"b1f1d85\" data-element_type=\"container\">\n\t\t\t\t\t<div class=\"e-con-inner\">\n\t\t\t\t<div class=\"elementor-element elementor-element-8d4cbea elementor-widget elementor-widget-spacer\" data-id=\"8d4cbea\" data-element_type=\"widget\" data-widget_type=\"spacer.default\">\n\t\t\t\t<div class=\"elementor-widget-container\">\n\t\t\t\t\t<div class=\"elementor-spacer\">\n\t\t\t<div class=\"elementor-spacer-inner\"><\/div>\n\t\t<\/div>\n\t\t\t\t<\/div>\n\t\t\t\t<\/div>\n\t\t\t\t\t<\/div>\n\t\t\t\t<\/div>\n\t\t\t\t<\/div>\n\t\t","protected":false},"excerpt":{"rendered":"<p>Prolonger ou modifier les conditions du permis de travail \u00c0 propos du processus Si vous avez un permis de travail qui est sur le point d\u2019expirer ou un permis de travail que vous devez modifier, vous devez pr\u00e9senter une demande au moins 30 jours avant l\u2019expiration de votre permis actuel. Maintenez votre statut Si vous [&hellip;]<\/p>\n","protected":false},"author":1,"featured_media":0,"parent":0,"menu_order":0,"comment_status":"closed","ping_status":"closed","template":"","meta":{"footnotes":""},"class_list":["post-3770","page","type-page","status-publish","hentry"],"_links":{"self":[{"href":"https:\/\/www.akcanada.com\/fr\/wp-json\/wp\/v2\/pages\/3770"}],"collection":[{"href":"https:\/\/www.akcanada.com\/fr\/wp-json\/wp\/v2\/pages"}],"about":[{"href":"https:\/\/www.akcanada.com\/fr\/wp-json\/wp\/v2\/types\/page"}],"author":[{"embeddable":true,"href":"https:\/\/www.akcanada.com\/fr\/wp-json\/wp\/v2\/users\/1"}],"replies":[{"embeddable":true,"href":"https:\/\/www.akcanada.com\/fr\/wp-json\/wp\/v2\/comments?post=3770"}],"version-history":[{"count":1,"href":"https:\/\/www.akcanada.com\/fr\/wp-json\/wp\/v2\/pages\/3770\/revisions"}],"predecessor-version":[{"id":3771,"href":"https:\/\/www.akcanada.com\/fr\/wp-json\/wp\/v2\/pages\/3770\/revisions\/3771"}],"wp:attachment":[{"href":"https:\/\/www.akcanada.com\/fr\/wp-json\/wp\/v2\/media?parent=3770"}],"curies":[{"name":"wp","href":"https:\/\/api.w.org\/{rel}","templated":true}]}}