{"id":3768,"date":"2023-12-05T20:52:55","date_gmt":"2023-12-05T20:52:55","guid":{"rendered":"https:\/\/www.akcanada.com\/permis-detudes-visas-de-visiteur-et-permis-de-travail-canadiens\/"},"modified":"2025-05-22T20:34:05","modified_gmt":"2025-05-22T20:34:05","slug":"permis-detudes-visas-de-visiteur-et-permis-de-travail-canadiens","status":"publish","type":"page","link":"https:\/\/www.akcanada.com\/fr\/permis-detudes-visas-de-visiteur-et-permis-de-travail-canadiens\/","title":{"rendered":"Permis d&#8217;\u00e9tudes, visas de visiteur et permis de travail canadiens"},"content":{"rendered":"\t\t<div data-elementor-type=\"wp-page\" data-elementor-id=\"3768\" class=\"elementor elementor-3768 elementor-1847\">\n\t\t\t\t<div class=\"elementor-element elementor-element-6d192db0 all-breadcrumbs e-flex e-con-boxed e-con e-parent\" data-id=\"6d192db0\" data-element_type=\"container\">\n\t\t\t\t\t<div class=\"e-con-inner\">\n\t\t\t\t<div class=\"elementor-element elementor-element-4a161df3 elementor-widget elementor-widget-shortcode\" data-id=\"4a161df3\" data-element_type=\"widget\" data-widget_type=\"shortcode.default\">\n\t\t\t\t<div class=\"elementor-widget-container\">\n\t\t\t\t\t<div class=\"elementor-shortcode\"><nav aria-label=\"breadcrumbs\" class=\"rank-math-breadcrumb\"><p><span class=\"last\">Home<\/span><\/p><\/nav><\/div>\n\t\t\t\t<\/div>\n\t\t\t\t<\/div>\n\t\t\t\t\t<\/div>\n\t\t\t\t<\/div>\n\t\t<div class=\"elementor-element elementor-element-618ac9a7 e-flex e-con-boxed e-con e-parent\" data-id=\"618ac9a7\" data-element_type=\"container\">\n\t\t\t\t\t<div class=\"e-con-inner\">\n\t\t\t\t<div class=\"elementor-element elementor-element-38b04172 elementor-widget elementor-widget-heading\" data-id=\"38b04172\" data-element_type=\"widget\" data-widget_type=\"heading.default\">\n\t\t\t\t<div class=\"elementor-widget-container\">\n\t\t\t<h1 class=\"elementor-heading-title elementor-size-default\">Statut temporaire<\/h1>\t\t<\/div>\n\t\t\t\t<\/div>\n\t\t\t\t<div class=\"elementor-element elementor-element-29f5fb76 elementor-widget-divider--view-line elementor-widget elementor-widget-divider\" data-id=\"29f5fb76\" data-element_type=\"widget\" data-widget_type=\"divider.default\">\n\t\t\t\t<div class=\"elementor-widget-container\">\n\t\t\t\t\t<div class=\"elementor-divider\">\n\t\t\t<span class=\"elementor-divider-separator\">\n\t\t\t\t\t\t<\/span>\n\t\t<\/div>\n\t\t\t\t<\/div>\n\t\t\t\t<\/div>\n\t\t\t\t<div class=\"elementor-element elementor-element-73dcf0ef elementor-widget elementor-widget-text-editor\" data-id=\"73dcf0ef\" data-element_type=\"widget\" data-widget_type=\"text-editor.default\">\n\t\t\t\t<div class=\"elementor-widget-container\">\n\t\t\t\t\t\t\t<p>La <em>Loi sur l\u2019immigration et la protection des r\u00e9fugi\u00e9s<\/em> et <em>le R\u00e8glement sur l\u2019immigration<\/em> couvrent non seulement les personnes qui souhaitent vivre au Canada de fa\u00e7on permanente, mais \u00e9galement celles qui souhaitent \u00e9tudier et\/ou travailler temporairement au Canada et les personnes qui souhaitent visiter le pays.<\/p>\n\t\t\t\t\t\t<\/div>\n\t\t\t\t<\/div>\n\t\t\t\t\t<\/div>\n\t\t\t\t<\/div>\n\t\t<div class=\"elementor-element elementor-element-1ecf9a0a e-flex e-con-boxed e-con e-parent\" data-id=\"1ecf9a0a\" data-element_type=\"container\">\n\t\t\t\t\t<div class=\"e-con-inner\">\n\t\t<div class=\"elementor-element elementor-element-401e7259 e-con-full e-flex e-con e-child\" data-id=\"401e7259\" data-element_type=\"container\">\n\t\t\t\t<div class=\"elementor-element elementor-element-57ba6247 elementor-align-justify elementor-widget elementor-widget-button\" data-id=\"57ba6247\" data-element_type=\"widget\" data-widget_type=\"button.default\">\n\t\t\t\t<div class=\"elementor-widget-container\">\n\t\t\t\t\t\t\t<div class=\"elementor-button-wrapper\">\n\t\t\t\t\t<a class=\"elementor-button elementor-button-link elementor-size-sm\" href=\"https:\/\/www.akcanada.com\/fr\/permis-detudes-canadiens\/\">\n\t\t\t\t\t\t<span class=\"elementor-button-content-wrapper\">\n\t\t\t\t\t\t\t\t\t<span class=\"elementor-button-text\">Permis d'\u00e9tudes<\/span>\n\t\t\t\t\t<\/span>\n\t\t\t\t\t<\/a>\n\t\t\t\t<\/div>\n\t\t\t\t\t\t<\/div>\n\t\t\t\t<\/div>\n\t\t\t\t<\/div>\n\t\t<div class=\"elementor-element elementor-element-7d108aee e-con-full e-flex e-con e-child\" data-id=\"7d108aee\" data-element_type=\"container\">\n\t\t\t\t<div class=\"elementor-element elementor-element-16d40fe elementor-align-justify elementor-widget elementor-widget-button\" data-id=\"16d40fe\" data-element_type=\"widget\" data-widget_type=\"button.default\">\n\t\t\t\t<div class=\"elementor-widget-container\">\n\t\t\t\t\t\t\t<div class=\"elementor-button-wrapper\">\n\t\t\t\t\t<a class=\"elementor-button elementor-button-link elementor-size-sm\" href=\"https:\/\/www.akcanada.com\/fr\/visas-de-resident-temporaire-visiteur-canadiens\/\">\n\t\t\t\t\t\t<span class=\"elementor-button-content-wrapper\">\n\t\t\t\t\t\t\t\t\t<span class=\"elementor-button-text\">Visas de r\u00e9sident temporaire (visiteur)<\/span>\n\t\t\t\t\t<\/span>\n\t\t\t\t\t<\/a>\n\t\t\t\t<\/div>\n\t\t\t\t\t\t<\/div>\n\t\t\t\t<\/div>\n\t\t\t\t<div class=\"elementor-element elementor-element-6475c0b elementor-align-justify elementor-widget elementor-widget-button\" data-id=\"6475c0b\" data-element_type=\"widget\" data-widget_type=\"button.default\">\n\t\t\t\t<div class=\"elementor-widget-container\">\n\t\t\t\t\t\t\t<div class=\"elementor-button-wrapper\">\n\t\t\t\t\t<a class=\"elementor-button elementor-button-link elementor-size-sm\" href=\"https:\/\/www.akcanada.com\/fr\/programme-de-referencement-dakcanada\/\">\n\t\t\t\t\t\t<span class=\"elementor-button-content-wrapper\">\n\t\t\t\t\t\t\t\t\t<span class=\"elementor-button-text\">Vous voulez gagner de l\u2019argent suppl\u00e9mentaire ? Cliquez ici pour<br> Renseignez-vous sur le programme de r\u00e9f\u00e9rence d'AKCanada.<\/span>\n\t\t\t\t\t<\/span>\n\t\t\t\t\t<\/a>\n\t\t\t\t<\/div>\n\t\t\t\t\t\t<\/div>\n\t\t\t\t<\/div>\n\t\t\t\t<\/div>\n\t\t<div class=\"elementor-element elementor-element-647dc97d e-con-full e-flex e-con e-child\" data-id=\"647dc97d\" data-element_type=\"container\">\n\t\t\t\t<div class=\"elementor-element elementor-element-44c19406 elementor-align-justify elementor-widget elementor-widget-button\" data-id=\"44c19406\" data-element_type=\"widget\" data-widget_type=\"button.default\">\n\t\t\t\t<div class=\"elementor-widget-container\">\n\t\t\t\t\t\t\t<div class=\"elementor-button-wrapper\">\n\t\t\t\t\t<a class=\"elementor-button elementor-button-link elementor-size-sm\" href=\"https:\/\/www.akcanada.com\/fr\/permis-de-travail-canadiens\/\">\n\t\t\t\t\t\t<span class=\"elementor-button-content-wrapper\">\n\t\t\t\t\t\t\t\t\t<span class=\"elementor-button-text\">Permis de travail<\/span>\n\t\t\t\t\t<\/span>\n\t\t\t\t\t<\/a>\n\t\t\t\t<\/div>\n\t\t\t\t\t\t<\/div>\n\t\t\t\t<\/div>\n\t\t\t\t<\/div>\n\t\t\t\t\t<\/div>\n\t\t\t\t<\/div>\n\t\t<div class=\"elementor-element elementor-element-6068bc7e e-flex e-con-boxed e-con e-parent\" data-id=\"6068bc7e\" data-element_type=\"container\">\n\t\t\t\t\t<div class=\"e-con-inner\">\n\t\t\t\t<div class=\"elementor-element elementor-element-4dabcd31 elementor-widget elementor-widget-spacer\" data-id=\"4dabcd31\" data-element_type=\"widget\" data-widget_type=\"spacer.default\">\n\t\t\t\t<div class=\"elementor-widget-container\">\n\t\t\t\t\t<div class=\"elementor-spacer\">\n\t\t\t<div class=\"elementor-spacer-inner\"><\/div>\n\t\t<\/div>\n\t\t\t\t<\/div>\n\t\t\t\t<\/div>\n\t\t\t\t\t<\/div>\n\t\t\t\t<\/div>\n\t\t\t\t<\/div>\n\t\t","protected":false},"excerpt":{"rendered":"<p>Statut temporaire La Loi sur l\u2019immigration et la protection des r\u00e9fugi\u00e9s et le R\u00e8glement sur l\u2019immigration couvrent non seulement les personnes qui souhaitent vivre au Canada de fa\u00e7on permanente, mais \u00e9galement celles qui souhaitent \u00e9tudier et\/ou travailler temporairement au Canada et les personnes qui souhaitent visiter le pays. Permis d&#8217;\u00e9tudes Visas de r\u00e9sident temporaire (visiteur) [&hellip;]<\/p>\n","protected":false},"author":1,"featured_media":0,"parent":0,"menu_order":0,"comment_status":"closed","ping_status":"closed","template":"","meta":{"footnotes":""},"class_list":["post-3768","page","type-page","status-publish","hentry"],"_links":{"self":[{"href":"https:\/\/www.akcanada.com\/fr\/wp-json\/wp\/v2\/pages\/3768"}],"collection":[{"href":"https:\/\/www.akcanada.com\/fr\/wp-json\/wp\/v2\/pages"}],"about":[{"href":"https:\/\/www.akcanada.com\/fr\/wp-json\/wp\/v2\/types\/page"}],"author":[{"embeddable":true,"href":"https:\/\/www.akcanada.com\/fr\/wp-json\/wp\/v2\/users\/1"}],"replies":[{"embeddable":true,"href":"https:\/\/www.akcanada.com\/fr\/wp-json\/wp\/v2\/comments?post=3768"}],"version-history":[{"count":1,"href":"https:\/\/www.akcanada.com\/fr\/wp-json\/wp\/v2\/pages\/3768\/revisions"}],"predecessor-version":[{"id":3769,"href":"https:\/\/www.akcanada.com\/fr\/wp-json\/wp\/v2\/pages\/3768\/revisions\/3769"}],"wp:attachment":[{"href":"https:\/\/www.akcanada.com\/fr\/wp-json\/wp\/v2\/media?parent=3768"}],"curies":[{"name":"wp","href":"https:\/\/api.w.org\/{rel}","templated":true}]}}