{"id":3766,"date":"2023-12-05T19:26:38","date_gmt":"2023-12-05T19:26:38","guid":{"rendered":"https:\/\/www.akcanada.com\/immigrer-au-canada-statut-permanent\/"},"modified":"2025-05-22T20:31:55","modified_gmt":"2025-05-22T20:31:55","slug":"immigrer-au-canada-statut-permanent","status":"publish","type":"page","link":"https:\/\/www.akcanada.com\/fr\/immigrer-au-canada-statut-permanent\/","title":{"rendered":"Immigrer au Canada \u2013 Statut permanent"},"content":{"rendered":"\t\t<div data-elementor-type=\"wp-page\" data-elementor-id=\"3766\" class=\"elementor elementor-3766 elementor-1747\">\n\t\t\t\t<div class=\"elementor-element elementor-element-740ed673 all-breadcrumbs e-flex e-con-boxed e-con e-parent\" data-id=\"740ed673\" data-element_type=\"container\">\n\t\t\t\t\t<div class=\"e-con-inner\">\n\t\t\t\t<div class=\"elementor-element elementor-element-46af4f8 elementor-widget elementor-widget-shortcode\" data-id=\"46af4f8\" data-element_type=\"widget\" data-widget_type=\"shortcode.default\">\n\t\t\t\t<div class=\"elementor-widget-container\">\n\t\t\t\t\t<div class=\"elementor-shortcode\"><nav aria-label=\"breadcrumbs\" class=\"rank-math-breadcrumb\"><p><span class=\"last\">Home<\/span><\/p><\/nav><\/div>\n\t\t\t\t<\/div>\n\t\t\t\t<\/div>\n\t\t\t\t\t<\/div>\n\t\t\t\t<\/div>\n\t\t<div class=\"elementor-element elementor-element-439defc1 e-flex e-con-boxed e-con e-parent\" data-id=\"439defc1\" data-element_type=\"container\">\n\t\t\t\t\t<div class=\"e-con-inner\">\n\t\t\t\t<div class=\"elementor-element elementor-element-1bd9f877 elementor-widget elementor-widget-heading\" data-id=\"1bd9f877\" data-element_type=\"widget\" data-widget_type=\"heading.default\">\n\t\t\t\t<div class=\"elementor-widget-container\">\n\t\t\t<h1 class=\"elementor-heading-title elementor-size-default\">Immigrer au Canada :<br> Statut permanent<\/h1>\t\t<\/div>\n\t\t\t\t<\/div>\n\t\t\t\t<div class=\"elementor-element elementor-element-48f7cfb8 elementor-widget-divider--view-line elementor-widget elementor-widget-divider\" data-id=\"48f7cfb8\" data-element_type=\"widget\" data-widget_type=\"divider.default\">\n\t\t\t\t<div class=\"elementor-widget-container\">\n\t\t\t\t\t<div class=\"elementor-divider\">\n\t\t\t<span class=\"elementor-divider-separator\">\n\t\t\t\t\t\t<\/span>\n\t\t<\/div>\n\t\t\t\t<\/div>\n\t\t\t\t<\/div>\n\t\t\t\t\t<\/div>\n\t\t\t\t<\/div>\n\t\t<div class=\"elementor-element elementor-element-1b97b0f5 e-flex e-con-boxed e-con e-parent\" data-id=\"1b97b0f5\" data-element_type=\"container\">\n\t\t\t\t\t<div class=\"e-con-inner\">\n\t\t<div class=\"elementor-element elementor-element-1a23d424 e-con-full e-flex e-con e-child\" data-id=\"1a23d424\" data-element_type=\"container\">\n\t\t\t\t<div class=\"elementor-element elementor-element-3db9fc8c elementor-widget elementor-widget-text-editor\" data-id=\"3db9fc8c\" data-element_type=\"widget\" data-widget_type=\"text-editor.default\">\n\t\t\t\t<div class=\"elementor-widget-container\">\n\t\t\t\t\t\t\tChaque ann\u00e9e, de nombreuses personnes venues du monde entier, en qu\u00eate d&#8217;une vie meilleure, choisissent d&#8217;immigrer au Canada pour atteindre leurs objectifs. Le Canada est un choix populaire, car il figure r\u00e9guli\u00e8rement parmi les pays o\u00f9 il fait bon vivre. Si vous envisagez d&#8217;immigrer au Canada, l&#8217;une de vos premi\u00e8res consid\u00e9rations sera la cat\u00e9gorie d&#8217;immigration dans laquelle vous postulez.  \n\nDepuis 1996, le cabinet d&#8217;avocats sp\u00e9cialis\u00e9 en immigration canadienne Abrams &amp; Krochak a aid\u00e9 des dizaines de milliers de personnes \u00e0 choisir la cat\u00e9gorie d&#8217;immigration appropri\u00e9e et le moyen le plus rapide d&#8217;entrer au pays, conform\u00e9ment aux lois canadiennes sur l&#8217;immigration. Cliquez sur les liens \u00e0 droite de la page pour obtenir un aper\u00e7u des diff\u00e9rentes cat\u00e9gories d&#8217;immigration canadiennes ouvertes aux candidats. \n\nUne fois que vous avez d\u00e9termin\u00e9 la cat\u00e9gorie qui correspond le mieux \u00e0 vos objectifs et \u00e0 vos qualifications, veuillez remplir le questionnaire gratuit <a href=\"https:\/\/www.akcanada.com\/assessment1.php\">d&#8217;\u00e9valuation de l&#8217;admissibilit\u00e9 \u00e0 l&#8217;immigration au Canada<\/a> . Ce questionnaire permettra \u00e0 Abrams &amp; Krochak d&#8217;\u00e9valuer gratuitement votre admissibilit\u00e9 \u00e0 immigrer au Canada, conform\u00e9ment aux lois canadiennes sur l&#8217;immigration, dans un d\u00e9lai d&#8217;un jour ouvrable. N&#8217;h\u00e9sitez pas \u00e0 remplir autant de questionnaires d&#8217;\u00e9valuation en ligne que vous le jugez pertinent compte tenu de votre situation personnelle. Chaque \u00e9valuation est soigneusement examin\u00e9e par notre \u00e9quipe d&#8217;avocats sp\u00e9cialis\u00e9s en immigration au Canada.  \n<h3>Lois canadiennes sur l&#8217;immigration&nbsp;: statut de r\u00e9sident permanent<\/h3>\nL&#8217;obtention du statut de r\u00e9sident permanent du Canada est \u00e9galement appel\u00e9e \u00ab &nbsp;immigration au Canada&nbsp; \u00bb ou \u00ab &nbsp;immigrant re\u00e7u du Canada&nbsp; \u00bb. Le succ\u00e8s du processus de demande d&#8217;immigration au Canada se traduit par la d\u00e9livrance d&#8217;un visa d&#8217;immigrant canadien, qui conf\u00e8re le statut permanent au demandeur. Ce dernier, en tant que r\u00e9sident permanent, b\u00e9n\u00e9ficiera des m\u00eames droits et privil\u00e8ges qu&#8217;un citoyen canadien (soins de sant\u00e9 gratuits, \u00e9ducation primaire et secondaire gratuite, \u00e9tudes postsecondaires subventionn\u00e9es, droit de <a href=\"https:\/\/www.akcanada.com\/fr\/emplois-au-canada\/\">travailler au Canada<\/a> ), \u00e0 quelques exceptions pr\u00e8s. \n\nContrairement aux citoyens canadiens,\n<ol>\n \t<li>un r\u00e9sident permanent ne peut pas voter;<\/li>\n \t<li>un r\u00e9sident permanent ne peut pas d\u00e9tenir un passeport canadien; et<\/li>\n \t<li>un r\u00e9sident permanent peut \u00eatre expuls\u00e9 pour certaines condamnations p\u00e9nales.<\/li>\n<\/ol>\nUn r\u00e9sident permanent canadien peut demander la citoyennet\u00e9 canadienne apr\u00e8s avoir r\u00e9sid\u00e9 au Canada pendant au moins 1&nbsp;095 jours au cours d&#8217;une p\u00e9riode cons\u00e9cutive de quatre (4) ans suivant l&#8217;obtention de la r\u00e9sidence permanente. Il peut \u00e9galement demander un passeport canadien apr\u00e8s avoir obtenu la citoyennet\u00e9 canadienne. \n\nConform\u00e9ment \u00e0 la <em>Loi sur l\u2019immigration et la protection des r\u00e9fugi\u00e9s<\/em> du Canada, un r\u00e9sident permanent doit r\u00e9sider au Canada pendant un total d\u2019au moins 730 jours au cours des cinq (5) ann\u00e9es pr\u00e9c\u00e9dant la date d\u2019expiration de sa carte de r\u00e9sident permanent afin d\u2019\u00eatre admissible au renouvellement de sa carte de r\u00e9sident permanent, sous r\u00e9serve de certaines exceptions.\n\nLes personnes \u00e0 qui un visa d\u2019immigrant canadien a \u00e9t\u00e9 d\u00e9livr\u00e9 doivent se pr\u00e9senter \u00e0 un agent d\u2019immigration canadien \u00e0 l\u2019un des points d\u2019entr\u00e9e officiels du Canada afin de devenir r\u00e9sident permanent.\n\nPour \u00eatre admissible \u00e0 devenir r\u00e9sident permanent du Canada, l&#8217;aspirant r\u00e9sident doit satisfaire aux exigences d&#8217;une (1) des cinq (5) cat\u00e9gories d&#8217;immigration : la cat\u00e9gorie des travailleurs qualifi\u00e9s (f\u00e9d\u00e9ral), la cat\u00e9gorie des travailleurs de m\u00e9tiers sp\u00e9cialis\u00e9s (f\u00e9d\u00e9ral), la cat\u00e9gorie de l&#8217;exp\u00e9rience canadienne, la cat\u00e9gorie du regroupement familial ou la cat\u00e9gorie des gens d&#8217;affaires OU se qualifier comme candidat provincial.\t\t\t\t\t\t<\/div>\n\t\t\t\t<\/div>\n\t\t\t\t<div class=\"elementor-element elementor-element-d142060 elementor-align-center elementor-widget elementor-widget-button\" data-id=\"d142060\" data-element_type=\"widget\" data-widget_type=\"button.default\">\n\t\t\t\t<div class=\"elementor-widget-container\">\n\t\t\t\t\t\t\t<div class=\"elementor-button-wrapper\">\n\t\t\t\t\t<a class=\"elementor-button elementor-button-link elementor-size-sm\" href=\"https:\/\/www.akcanada.com\/fr\/programme-de-referencement-dakcanada\/\">\n\t\t\t\t\t\t<span class=\"elementor-button-content-wrapper\">\n\t\t\t\t\t\t\t\t\t<span class=\"elementor-button-text\">Vous voulez gagner de l'argent suppl\u00e9mentaire ? Cliquez ici pour<br> Renseignez-vous sur le programme de r\u00e9f\u00e9rencement d'AKCanada. <\/span>\n\t\t\t\t\t<\/span>\n\t\t\t\t\t<\/a>\n\t\t\t\t<\/div>\n\t\t\t\t\t\t<\/div>\n\t\t\t\t<\/div>\n\t\t\t\t<\/div>\n\t\t<div class=\"elementor-element elementor-element-5df03be6 e-con-full e-flex e-con e-child\" data-id=\"5df03be6\" data-element_type=\"container\">\n\t\t\t\t<div class=\"elementor-element elementor-element-9265aa9 elementor-widget elementor-widget-heading\" data-id=\"9265aa9\" data-element_type=\"widget\" data-widget_type=\"heading.default\">\n\t\t\t\t<div class=\"elementor-widget-container\">\n\t\t\t<h2 class=\"elementor-heading-title elementor-size-default\">  V\u00e9rifiez si vous \u00eates admissible&nbsp;:<\/h2>\t\t<\/div>\n\t\t\t\t<\/div>\n\t\t\t\t<div class=\"elementor-element elementor-element-405df0d elementor-widget elementor-widget-text-editor\" data-id=\"405df0d\" data-element_type=\"widget\" data-widget_type=\"text-editor.default\">\n\t\t\t\t<div class=\"elementor-widget-container\">\n\t\t\t\t\t\t\t<p>R\u00e9pondez \u00e0 quelques questions simples et nous vous ferons savoir si vous \u00eates admissible \u00e0 l\u2019immigration au Canada.<\/p>\n\t\t\t\t\t\t<\/div>\n\t\t\t\t<\/div>\n\t\t\t\t<div class=\"elementor-element elementor-element-0b1b27c elementor-align-center elementor-widget elementor-widget-button\" data-id=\"0b1b27c\" data-element_type=\"widget\" data-widget_type=\"button.default\">\n\t\t\t\t<div class=\"elementor-widget-container\">\n\t\t\t\t\t\t\t<div class=\"elementor-button-wrapper\">\n\t\t\t\t\t<a class=\"elementor-button elementor-button-link elementor-size-sm\" href=\"https:\/\/www.akcanada.com\/assessment1.php\" id=\"general-permanent-status-assessment-top-right\">\n\t\t\t\t\t\t<span class=\"elementor-button-content-wrapper\">\n\t\t\t\t\t\t\t\t\t<span class=\"elementor-button-text\">\u00c9valuation gratuite de l'admissibilit\u00e9 \u00e0 l'immigration<\/span>\n\t\t\t\t\t<\/span>\n\t\t\t\t\t<\/a>\n\t\t\t\t<\/div>\n\t\t\t\t\t\t<\/div>\n\t\t\t\t<\/div>\n\t\t\t\t<div class=\"elementor-element elementor-element-3c5ddff elementor-widget elementor-widget-heading\" data-id=\"3c5ddff\" data-element_type=\"widget\" data-widget_type=\"heading.default\">\n\t\t\t\t<div class=\"elementor-widget-container\">\n\t\t\t<h2 class=\"elementor-heading-title elementor-size-default\">Statut permanent \u2013 Cat\u00e9gories d\u2019immigration au Canada :<\/h2>\t\t<\/div>\n\t\t\t\t<\/div>\n\t\t\t\t<div class=\"elementor-element elementor-element-6896e3cc elementor-align-justify elementor-widget elementor-widget-button\" data-id=\"6896e3cc\" data-element_type=\"widget\" data-widget_type=\"button.default\">\n\t\t\t\t<div class=\"elementor-widget-container\">\n\t\t\t\t\t\t\t<div class=\"elementor-button-wrapper\">\n\t\t\t\t\t<a class=\"elementor-button elementor-button-link elementor-size-sm\" href=\"https:\/\/www.akcanada.com\/fr\/immigration-canadienne-categorie-des-travailleurs-qualifies-federal\/\">\n\t\t\t\t\t\t<span class=\"elementor-button-content-wrapper\">\n\t\t\t\t\t\t\t\t\t<span class=\"elementor-button-text\">Cat\u00e9gorie des travailleurs qualifi\u00e9s (f\u00e9d\u00e9ral)<\/span>\n\t\t\t\t\t<\/span>\n\t\t\t\t\t<\/a>\n\t\t\t\t<\/div>\n\t\t\t\t\t\t<\/div>\n\t\t\t\t<\/div>\n\t\t\t\t<div class=\"elementor-element elementor-element-185c9e7 elementor-align-justify elementor-widget elementor-widget-button\" data-id=\"185c9e7\" data-element_type=\"widget\" data-widget_type=\"button.default\">\n\t\t\t\t<div class=\"elementor-widget-container\">\n\t\t\t\t\t\t\t<div class=\"elementor-button-wrapper\">\n\t\t\t\t\t<a class=\"elementor-button elementor-button-link elementor-size-sm\" href=\"https:\/\/www.akcanada.com\/fr\/immigration-canadienne-programme-des-candidats-des-provinces\/\">\n\t\t\t\t\t\t<span class=\"elementor-button-content-wrapper\">\n\t\t\t\t\t\t\t\t\t<span class=\"elementor-button-text\">Programme des candidats des provinces<\/span>\n\t\t\t\t\t<\/span>\n\t\t\t\t\t<\/a>\n\t\t\t\t<\/div>\n\t\t\t\t\t\t<\/div>\n\t\t\t\t<\/div>\n\t\t\t\t<div class=\"elementor-element elementor-element-6d5a4056 elementor-align-justify elementor-widget elementor-widget-button\" data-id=\"6d5a4056\" data-element_type=\"widget\" data-widget_type=\"button.default\">\n\t\t\t\t<div class=\"elementor-widget-container\">\n\t\t\t\t\t\t\t<div class=\"elementor-button-wrapper\">\n\t\t\t\t\t<a class=\"elementor-button elementor-button-link elementor-size-sm\" href=\"https:\/\/www.akcanada.com\/fr\/immigration-canadienne-categorie-de-lexperience-canadienne\/\">\n\t\t\t\t\t\t<span class=\"elementor-button-content-wrapper\">\n\t\t\t\t\t\t\t\t\t<span class=\"elementor-button-text\">Cat\u00e9gorie de l\u2019exp\u00e9rience canadienne<\/span>\n\t\t\t\t\t<\/span>\n\t\t\t\t\t<\/a>\n\t\t\t\t<\/div>\n\t\t\t\t\t\t<\/div>\n\t\t\t\t<\/div>\n\t\t\t\t<div class=\"elementor-element elementor-element-1b2bc4e elementor-align-justify elementor-widget elementor-widget-button\" data-id=\"1b2bc4e\" data-element_type=\"widget\" data-widget_type=\"button.default\">\n\t\t\t\t<div class=\"elementor-widget-container\">\n\t\t\t\t\t\t\t<div class=\"elementor-button-wrapper\">\n\t\t\t\t\t<a class=\"elementor-button elementor-button-link elementor-size-sm\" href=\"https:\/\/www.akcanada.com\/fr\/immigration-canadienne-categorie-des-travailleurs-de-metiers-specialises-federal\/\">\n\t\t\t\t\t\t<span class=\"elementor-button-content-wrapper\">\n\t\t\t\t\t\t\t\t\t<span class=\"elementor-button-text\">Cat\u00e9gorie des travailleurs de m\u00e9tiers sp\u00e9cialis\u00e9s f\u00e9d\u00e9raux<\/span>\n\t\t\t\t\t<\/span>\n\t\t\t\t\t<\/a>\n\t\t\t\t<\/div>\n\t\t\t\t\t\t<\/div>\n\t\t\t\t<\/div>\n\t\t\t\t<div class=\"elementor-element elementor-element-341848c3 elementor-align-justify elementor-widget elementor-widget-button\" data-id=\"341848c3\" data-element_type=\"widget\" data-widget_type=\"button.default\">\n\t\t\t\t<div class=\"elementor-widget-container\">\n\t\t\t\t\t\t\t<div class=\"elementor-button-wrapper\">\n\t\t\t\t\t<a class=\"elementor-button elementor-button-link elementor-size-sm\" href=\"https:\/\/www.akcanada.com\/fr\/immigration-canadienne-categorie-de-la-famille\/\">\n\t\t\t\t\t\t<span class=\"elementor-button-content-wrapper\">\n\t\t\t\t\t\t\t\t\t<span class=\"elementor-button-text\">Classe familiale<\/span>\n\t\t\t\t\t<\/span>\n\t\t\t\t\t<\/a>\n\t\t\t\t<\/div>\n\t\t\t\t\t\t<\/div>\n\t\t\t\t<\/div>\n\t\t\t\t<div class=\"elementor-element elementor-element-2fd95fe9 elementor-align-justify elementor-widget elementor-widget-button\" data-id=\"2fd95fe9\" data-element_type=\"widget\" data-widget_type=\"button.default\">\n\t\t\t\t<div class=\"elementor-widget-container\">\n\t\t\t\t\t\t\t<div class=\"elementor-button-wrapper\">\n\t\t\t\t\t<a class=\"elementor-button elementor-button-link elementor-size-sm\" href=\"https:\/\/www.akcanada.com\/fr\/immigration-canadienne-classe-affaires-travailleurs-autonomes\/\">\n\t\t\t\t\t\t<span class=\"elementor-button-content-wrapper\">\n\t\t\t\t\t\t\t\t\t<span class=\"elementor-button-text\">Entreprise Travailleur ind\u00e9pendant<\/span>\n\t\t\t\t\t<\/span>\n\t\t\t\t\t<\/a>\n\t\t\t\t<\/div>\n\t\t\t\t\t\t<\/div>\n\t\t\t\t<\/div>\n\t\t\t\t<div class=\"elementor-element elementor-element-70923722 elementor-align-justify elementor-widget elementor-widget-button\" data-id=\"70923722\" data-element_type=\"widget\" data-widget_type=\"button.default\">\n\t\t\t\t<div class=\"elementor-widget-container\">\n\t\t\t\t\t\t\t<div class=\"elementor-button-wrapper\">\n\t\t\t\t\t<a class=\"elementor-button elementor-button-link elementor-size-sm\" href=\"https:\/\/www.akcanada.com\/fr\/immigration-canadienne-classe-affaires-visa-de-demarrage\/\">\n\t\t\t\t\t\t<span class=\"elementor-button-content-wrapper\">\n\t\t\t\t\t\t\t\t\t<span class=\"elementor-button-text\">Visa de cr\u00e9ation d'entreprise<\/span>\n\t\t\t\t\t<\/span>\n\t\t\t\t\t<\/a>\n\t\t\t\t<\/div>\n\t\t\t\t\t\t<\/div>\n\t\t\t\t<\/div>\n\t\t\t\t<div class=\"elementor-element elementor-element-256cef18 elementor-widget elementor-widget-heading\" data-id=\"256cef18\" data-element_type=\"widget\" data-widget_type=\"heading.default\">\n\t\t\t\t<div class=\"elementor-widget-container\">\n\t\t\t<h2 class=\"elementor-heading-title elementor-size-default\">Statut temporaire au Canada :<\/h2>\t\t<\/div>\n\t\t\t\t<\/div>\n\t\t\t\t<div class=\"elementor-element elementor-element-49d7c9e9 elementor-widget elementor-widget-text-editor\" data-id=\"49d7c9e9\" data-element_type=\"widget\" data-widget_type=\"text-editor.default\">\n\t\t\t\t<div class=\"elementor-widget-container\">\n\t\t\t\t\t\t\t<p>Si vous souhaitez venir au Canada de fa\u00e7on temporaire, vous pouvez venir en tant que visiteur, \u00e9tudiant ou travailleur, \u00e0 condition, bien s\u00fbr, que vous r\u00e9pondiez aux crit\u00e8res d\u2019admissibilit\u00e9.<\/p>\n\t\t\t\t\t\t<\/div>\n\t\t\t\t<\/div>\n\t\t\t\t<div class=\"elementor-element elementor-element-122cbc07 elementor-align-justify elementor-widget elementor-widget-button\" data-id=\"122cbc07\" data-element_type=\"widget\" data-widget_type=\"button.default\">\n\t\t\t\t<div class=\"elementor-widget-container\">\n\t\t\t\t\t\t\t<div class=\"elementor-button-wrapper\">\n\t\t\t\t\t<a class=\"elementor-button elementor-button-link elementor-size-sm\" href=\"https:\/\/www.akcanada.com\/fr\/permis-detudes-canadiens\/\">\n\t\t\t\t\t\t<span class=\"elementor-button-content-wrapper\">\n\t\t\t\t\t\t\t\t\t<span class=\"elementor-button-text\">Permis d'\u00e9tudes<\/span>\n\t\t\t\t\t<\/span>\n\t\t\t\t\t<\/a>\n\t\t\t\t<\/div>\n\t\t\t\t\t\t<\/div>\n\t\t\t\t<\/div>\n\t\t\t\t<div class=\"elementor-element elementor-element-61ca1637 elementor-align-justify elementor-widget elementor-widget-button\" data-id=\"61ca1637\" data-element_type=\"widget\" data-widget_type=\"button.default\">\n\t\t\t\t<div class=\"elementor-widget-container\">\n\t\t\t\t\t\t\t<div class=\"elementor-button-wrapper\">\n\t\t\t\t\t<a class=\"elementor-button elementor-button-link elementor-size-sm\" href=\"https:\/\/www.akcanada.com\/fr\/visas-de-resident-temporaire-visiteur-canadiens\/\">\n\t\t\t\t\t\t<span class=\"elementor-button-content-wrapper\">\n\t\t\t\t\t\t\t\t\t<span class=\"elementor-button-text\">Visas de r\u00e9sident temporaire (visiteur)<\/span>\n\t\t\t\t\t<\/span>\n\t\t\t\t\t<\/a>\n\t\t\t\t<\/div>\n\t\t\t\t\t\t<\/div>\n\t\t\t\t<\/div>\n\t\t\t\t<div class=\"elementor-element elementor-element-1e870ac5 elementor-align-justify elementor-widget elementor-widget-button\" data-id=\"1e870ac5\" data-element_type=\"widget\" data-widget_type=\"button.default\">\n\t\t\t\t<div class=\"elementor-widget-container\">\n\t\t\t\t\t\t\t<div class=\"elementor-button-wrapper\">\n\t\t\t\t\t<a class=\"elementor-button elementor-button-link elementor-size-sm\" href=\"https:\/\/www.akcanada.com\/fr\/permis-de-travail-canadiens\/\">\n\t\t\t\t\t\t<span class=\"elementor-button-content-wrapper\">\n\t\t\t\t\t\t\t\t\t<span class=\"elementor-button-text\">Permis de travail<\/span>\n\t\t\t\t\t<\/span>\n\t\t\t\t\t<\/a>\n\t\t\t\t<\/div>\n\t\t\t\t\t\t<\/div>\n\t\t\t\t<\/div>\n\t\t\t\t<\/div>\n\t\t\t\t\t<\/div>\n\t\t\t\t<\/div>\n\t\t<div class=\"elementor-element elementor-element-c77776d e-flex e-con-boxed e-con e-parent\" data-id=\"c77776d\" data-element_type=\"container\">\n\t\t\t\t\t<div class=\"e-con-inner\">\n\t\t\t\t<div class=\"elementor-element elementor-element-362e55b4 elementor-widget elementor-widget-spacer\" data-id=\"362e55b4\" data-element_type=\"widget\" data-widget_type=\"spacer.default\">\n\t\t\t\t<div class=\"elementor-widget-container\">\n\t\t\t\t\t<div class=\"elementor-spacer\">\n\t\t\t<div class=\"elementor-spacer-inner\"><\/div>\n\t\t<\/div>\n\t\t\t\t<\/div>\n\t\t\t\t<\/div>\n\t\t\t\t\t<\/div>\n\t\t\t\t<\/div>\n\t\t\t\t<\/div>\n\t\t","protected":false},"excerpt":{"rendered":"<p>Immigrer au Canada : Statut permanent Chaque ann\u00e9e, de nombreuses personnes venues du monde entier, en qu\u00eate d&#8217;une vie meilleure, choisissent d&#8217;immigrer au Canada pour atteindre leurs objectifs. Le Canada est un choix populaire, car il figure r\u00e9guli\u00e8rement parmi les pays o\u00f9 il fait bon vivre. Si vous envisagez d&#8217;immigrer au Canada, l&#8217;une de vos [&hellip;]<\/p>\n","protected":false},"author":1,"featured_media":0,"parent":0,"menu_order":0,"comment_status":"closed","ping_status":"closed","template":"","meta":{"footnotes":""},"class_list":["post-3766","page","type-page","status-publish","hentry"],"_links":{"self":[{"href":"https:\/\/www.akcanada.com\/fr\/wp-json\/wp\/v2\/pages\/3766"}],"collection":[{"href":"https:\/\/www.akcanada.com\/fr\/wp-json\/wp\/v2\/pages"}],"about":[{"href":"https:\/\/www.akcanada.com\/fr\/wp-json\/wp\/v2\/types\/page"}],"author":[{"embeddable":true,"href":"https:\/\/www.akcanada.com\/fr\/wp-json\/wp\/v2\/users\/1"}],"replies":[{"embeddable":true,"href":"https:\/\/www.akcanada.com\/fr\/wp-json\/wp\/v2\/comments?post=3766"}],"version-history":[{"count":1,"href":"https:\/\/www.akcanada.com\/fr\/wp-json\/wp\/v2\/pages\/3766\/revisions"}],"predecessor-version":[{"id":3767,"href":"https:\/\/www.akcanada.com\/fr\/wp-json\/wp\/v2\/pages\/3766\/revisions\/3767"}],"wp:attachment":[{"href":"https:\/\/www.akcanada.com\/fr\/wp-json\/wp\/v2\/media?parent=3766"}],"curies":[{"name":"wp","href":"https:\/\/api.w.org\/{rel}","templated":true}]}}