{"id":3537,"date":"2023-12-05T20:35:51","date_gmt":"2023-12-05T20:35:51","guid":{"rendered":"https:\/\/www.akcanada.com\/immigration-canadienne-classe-affaires-visa-de-demarrage\/"},"modified":"2025-01-27T16:11:54","modified_gmt":"2025-01-27T16:11:54","slug":"immigration-canadienne-classe-affaires-visa-de-demarrage","status":"publish","type":"page","link":"https:\/\/www.akcanada.com\/fr\/immigration-canadienne-classe-affaires-visa-de-demarrage\/","title":{"rendered":"Immigration canadienne \u2013 Classe affaires (Visa de d\u00e9marrage)"},"content":{"rendered":"\t\t<div data-elementor-type=\"wp-page\" data-elementor-id=\"3537\" class=\"elementor elementor-3537 elementor-1807\">\n\t\t\t\t<div class=\"elementor-element elementor-element-5d26c48c e-flex e-con-boxed e-con e-parent\" data-id=\"5d26c48c\" data-element_type=\"container\">\n\t\t\t\t\t<div class=\"e-con-inner\">\n\t\t\t\t<div class=\"elementor-element elementor-element-13800143 elementor-widget elementor-widget-heading\" data-id=\"13800143\" data-element_type=\"widget\" data-widget_type=\"heading.default\">\n\t\t\t\t<div class=\"elementor-widget-container\">\n\t\t\t<h1 class=\"elementor-heading-title elementor-size-default\">Immigrer au Canada :<br> Visa de d\u00e9marrage (classe affaires)<\/h1>\t\t<\/div>\n\t\t\t\t<\/div>\n\t\t\t\t<div class=\"elementor-element elementor-element-983b22a elementor-widget-divider--view-line elementor-widget elementor-widget-divider\" data-id=\"983b22a\" data-element_type=\"widget\" data-widget_type=\"divider.default\">\n\t\t\t\t<div class=\"elementor-widget-container\">\n\t\t\t\t\t<div class=\"elementor-divider\">\n\t\t\t<span class=\"elementor-divider-separator\">\n\t\t\t\t\t\t<\/span>\n\t\t<\/div>\n\t\t\t\t<\/div>\n\t\t\t\t<\/div>\n\t\t\t\t\t<\/div>\n\t\t\t\t<\/div>\n\t\t<div class=\"elementor-element elementor-element-5283e31c e-flex e-con-boxed e-con e-parent\" data-id=\"5283e31c\" data-element_type=\"container\">\n\t\t\t\t\t<div class=\"e-con-inner\">\n\t\t<div class=\"elementor-element elementor-element-6a2debc5 e-con-full e-flex e-con e-child\" data-id=\"6a2debc5\" data-element_type=\"container\">\n\t\t\t\t<div class=\"elementor-element elementor-element-6232ae84 elementor-widget elementor-widget-heading\" data-id=\"6232ae84\" data-element_type=\"widget\" data-widget_type=\"heading.default\">\n\t\t\t\t<div class=\"elementor-widget-container\">\n\t\t\t<h2 class=\"elementor-heading-title elementor-size-default\">Immigration au Canada : classe affaires (visa pour d\u00e9marrage d'entreprise)<\/h2>\t\t<\/div>\n\t\t\t\t<\/div>\n\t\t\t\t<div class=\"elementor-element elementor-element-7899a334 elementor-widget elementor-widget-text-editor\" data-id=\"7899a334\" data-element_type=\"widget\" data-widget_type=\"text-editor.default\">\n\t\t\t\t<div class=\"elementor-widget-container\">\n\t\t\t\t\t\t\t<p>D&#8217;une mani\u00e8re g\u00e9n\u00e9rale, le programme de visa de d\u00e9marrage (SUV) est le programme d&#8217;immigration le plus rapide et le plus simple propos\u00e9 par le gouvernement f\u00e9d\u00e9ral aux entrepreneurs. Dans le cadre de ce programme, les permis de travail sont initialement d\u00e9livr\u00e9s \u00e0 l&#8217;entrepreneur, et leur traitement prend g\u00e9n\u00e9ralement dix (10) jours ouvrables. Par la suite, les visas de r\u00e9sident permanent sont g\u00e9n\u00e9ralement trait\u00e9s et d\u00e9livr\u00e9s dans un d\u00e9lai de deux (2) \u00e0 six (6) mois.  <\/p>\n<p>Il existe un certain nombre d\u2019exigences pour cette cat\u00e9gorie, telles que prescrites par Citoyennet\u00e9 et Immigration Canada (CIC).<\/p>\n<p>Ces exigences sont les suivantes :<\/p>\n<p>1. L&#8217;entrepreneur doit parler anglais OU fran\u00e7ais et doit obtenir un score au test de langue d&#8217;au moins le niveau 5 du Canada Language Benchmark;<\/p>\n<p>2. L&#8217;entrepreneur doit r\u00e9ellement vouloir d\u00e9marrer et d\u00e9velopper une entreprise en d\u00e9marrage \u00e0 fort potentiel qui se fixe comme objectif de vendre \u00e0 des clients dans au moins cinq (5) pays entre vingt-quatre (24) et trente-six (36) mois ;<\/p>\n<p>3. L&#8217;entrepreneur doit disposer de solides canaux de vente et de distribution disponibles \u00e0 l&#8217;\u00e9chelle internationale, ou doit \u00eatre un expert dans un domaine, ou doit avoir une exp\u00e9rience significative en gestion ;<\/p>\n<p>4. L&#8217;entrepreneur doit avoir un patrimoine net \u00e9lev\u00e9 car il\/elle sera responsable du financement de l&#8217;\u00e9tape de R&amp;D\/d\u00e9veloppement depuis l&#8217;id\u00e9ation jusqu&#8217;\u00e0 l&#8217;acquisition du premier client ;<\/p>\n<p>5. L&#8217;entrepreneur travaillera en collaboration avec l&#8217;une de nos entreprises partenaires (un incubateur d&#8217;entreprises d\u00e9sign\u00e9 par le CIC pour aider les entrepreneurs SUV). Cette entreprise partenaire fournira aux candidats un programme d&#8217;incubation pour rechercher les premiers clients adoptants, le premier objectif \u00e9tant d&#8217;obtenir un apprentissage valid\u00e9 sur le probl\u00e8me suppos\u00e9 et la solution \u00e0 r\u00e9soudre, ainsi que des hypoth\u00e8ses sur les premiers clients adoptants \u00e0 qui l&#8217;incubateur d&#8217;entreprises offre la solution ; <\/p>\n<p>6. Ce programme d\u2019immigration d\u2019affaires n\u2019autorise pas les plans d\u2019investissement \u00ab passifs \u00bb. Il s\u2019agit d\u2019un programme de d\u00e9marrage \u00ab actif \u00bb qui exige que l\u2019entrepreneur participe \u00e0 la cr\u00e9ation de la start-up. <\/p>\n<p>En ce qui concerne le temps que doit consacrer l&#8217;entrepreneur, le programme SUV avec l&#8217;incubateur d&#8217;entreprises lui permet d&#8217;\u00e9quilibrer les exigences concurrentes de la gestion de ses entreprises existantes \u00e0 l&#8217;international, de la transition de sa famille au Canada et du lancement de sa nouvelle entreprise au Canada. En s&#8217;associant \u00e0 l&#8217;incubateur d&#8217;entreprises, l&#8217;entrepreneur constitue une \u00e9quipe de d\u00e9marrage pour atteindre ses objectifs. <\/p>\n<p>Le montant du fonds de d\u00e9marrage pour amorcer l\u2019entreprise est d\u00e9termin\u00e9 en fonction (a) de ce qui est requis, (b) de ce que l\u2019entreprise propos\u00e9e (sur la base de l\u2019entreprise propos\u00e9e) doit vendre \u00e0 des clients dans cinq (5) pays entre les mois vingt-quatre (24) et trente-six (36). Il n\u2019y a pas de \u00ab prix standard \u00bb pour ce programme d\u2019immigration d\u2019affaires car aucun fonds n\u2019est vers\u00e9 en lien avec l\u2019obtention de l\u2019immigration. Les fonds sont utilis\u00e9s pour amorcer la start-up et poursuivre les objectifs d\u2019incubation.    <\/p>\n\t\t\t\t\t\t<\/div>\n\t\t\t\t<\/div>\n\t\t\t\t<div class=\"elementor-element elementor-element-8315a40 elementor-widget elementor-widget-text-editor\" data-id=\"8315a40\" data-element_type=\"widget\" data-widget_type=\"text-editor.default\">\n\t\t\t\t<div class=\"elementor-widget-container\">\n\t\t\t\t\t\t\t<p><strong>R\u00e9pondez \u00e0 quelques questions simples et nous vous dirons si vous \u00eates admissible au visa de d\u00e9marrage d&#8217;entreprise pour immigrants  <\/strong><\/p>\n\t\t\t\t\t\t<\/div>\n\t\t\t\t<\/div>\n\t\t\t\t<div class=\"elementor-element elementor-element-c2b2716 elementor-align-center elementor-widget elementor-widget-button\" data-id=\"c2b2716\" data-element_type=\"widget\" data-widget_type=\"button.default\">\n\t\t\t\t<div class=\"elementor-widget-container\">\n\t\t\t\t\t\t\t<div class=\"elementor-button-wrapper\">\n\t\t\t\t\t<a class=\"elementor-button elementor-button-link elementor-size-sm\" href=\"https:\/\/www.akcanada.com\/assessment2.php\" id=\"bsuv-assessment-bottom-button-bsuv-page\">\n\t\t\t\t\t\t<span class=\"elementor-button-content-wrapper\">\n\t\t\t\t\t\t\t\t\t<span class=\"elementor-button-text\">\u00c9valuation gratuite de la classe d'affaires (start-up)<\/span>\n\t\t\t\t\t<\/span>\n\t\t\t\t\t<\/a>\n\t\t\t\t<\/div>\n\t\t\t\t\t\t<\/div>\n\t\t\t\t<\/div>\n\t\t\t\t<\/div>\n\t\t<div class=\"elementor-element elementor-element-71fe75e e-con-full e-flex e-con e-child\" data-id=\"71fe75e\" data-element_type=\"container\">\n\t\t\t\t<div class=\"elementor-element elementor-element-1482496 elementor-widget elementor-widget-heading\" data-id=\"1482496\" data-element_type=\"widget\" data-widget_type=\"heading.default\">\n\t\t\t\t<div class=\"elementor-widget-container\">\n\t\t\t<h2 class=\"elementor-heading-title elementor-size-default\">Statut permanent \u2013 Cat\u00e9gories d\u2019immigration au Canada :<\/h2>\t\t<\/div>\n\t\t\t\t<\/div>\n\t\t\t\t<div class=\"elementor-element elementor-element-b1d4d9a elementor-align-justify elementor-widget elementor-widget-button\" data-id=\"b1d4d9a\" data-element_type=\"widget\" data-widget_type=\"button.default\">\n\t\t\t\t<div class=\"elementor-widget-container\">\n\t\t\t\t\t\t\t<div class=\"elementor-button-wrapper\">\n\t\t\t\t\t<a class=\"elementor-button elementor-button-link elementor-size-sm\" href=\"https:\/\/www.akcanada.com\/fr\/immigration-canadienne-categorie-des-travailleurs-qualifies-federal\/\" id=\"fsw-top-right-bsuv-page\">\n\t\t\t\t\t\t<span class=\"elementor-button-content-wrapper\">\n\t\t\t\t\t\t\t\t\t<span class=\"elementor-button-text\">Cat\u00e9gorie des travailleurs qualifi\u00e9s (f\u00e9d\u00e9ral)<\/span>\n\t\t\t\t\t<\/span>\n\t\t\t\t\t<\/a>\n\t\t\t\t<\/div>\n\t\t\t\t\t\t<\/div>\n\t\t\t\t<\/div>\n\t\t\t\t<div class=\"elementor-element elementor-element-515aa4f elementor-align-justify elementor-widget elementor-widget-button\" data-id=\"515aa4f\" data-element_type=\"widget\" data-widget_type=\"button.default\">\n\t\t\t\t<div class=\"elementor-widget-container\">\n\t\t\t\t\t\t\t<div class=\"elementor-button-wrapper\">\n\t\t\t\t\t<a class=\"elementor-button elementor-button-link elementor-size-sm\" href=\"https:\/\/www.akcanada.com\/fr\/immigration-canadienne-programme-des-candidats-des-provinces\/\" id=\"pnp-top-right-bsuv-page\">\n\t\t\t\t\t\t<span class=\"elementor-button-content-wrapper\">\n\t\t\t\t\t\t\t\t\t<span class=\"elementor-button-text\">Programme des candidats des provinces<\/span>\n\t\t\t\t\t<\/span>\n\t\t\t\t\t<\/a>\n\t\t\t\t<\/div>\n\t\t\t\t\t\t<\/div>\n\t\t\t\t<\/div>\n\t\t\t\t<div class=\"elementor-element elementor-element-cda9489 elementor-align-justify elementor-widget elementor-widget-button\" data-id=\"cda9489\" data-element_type=\"widget\" data-widget_type=\"button.default\">\n\t\t\t\t<div class=\"elementor-widget-container\">\n\t\t\t\t\t\t\t<div class=\"elementor-button-wrapper\">\n\t\t\t\t\t<a class=\"elementor-button elementor-button-link elementor-size-sm\" href=\"https:\/\/www.akcanada.com\/fr\/immigration-canadienne-categorie-de-lexperience-canadienne\/\" id=\"cec-top-right-bsuv-page\">\n\t\t\t\t\t\t<span class=\"elementor-button-content-wrapper\">\n\t\t\t\t\t\t\t\t\t<span class=\"elementor-button-text\">Cat\u00e9gorie de l\u2019exp\u00e9rience canadienne<\/span>\n\t\t\t\t\t<\/span>\n\t\t\t\t\t<\/a>\n\t\t\t\t<\/div>\n\t\t\t\t\t\t<\/div>\n\t\t\t\t<\/div>\n\t\t\t\t<div class=\"elementor-element elementor-element-ddf4315 elementor-align-justify elementor-widget elementor-widget-button\" data-id=\"ddf4315\" data-element_type=\"widget\" data-widget_type=\"button.default\">\n\t\t\t\t<div class=\"elementor-widget-container\">\n\t\t\t\t\t\t\t<div class=\"elementor-button-wrapper\">\n\t\t\t\t\t<a class=\"elementor-button elementor-button-link elementor-size-sm\" href=\"https:\/\/www.akcanada.com\/fr\/immigration-canadienne-categorie-des-travailleurs-de-metiers-specialises-federal\/\" id=\"fst-top-right-bsuv-page\">\n\t\t\t\t\t\t<span class=\"elementor-button-content-wrapper\">\n\t\t\t\t\t\t\t\t\t<span class=\"elementor-button-text\">Cat\u00e9gorie des travailleurs de m\u00e9tiers sp\u00e9cialis\u00e9s f\u00e9d\u00e9raux<\/span>\n\t\t\t\t\t<\/span>\n\t\t\t\t\t<\/a>\n\t\t\t\t<\/div>\n\t\t\t\t\t\t<\/div>\n\t\t\t\t<\/div>\n\t\t\t\t<div class=\"elementor-element elementor-element-c23405e elementor-align-justify elementor-widget elementor-widget-button\" data-id=\"c23405e\" data-element_type=\"widget\" data-widget_type=\"button.default\">\n\t\t\t\t<div class=\"elementor-widget-container\">\n\t\t\t\t\t\t\t<div class=\"elementor-button-wrapper\">\n\t\t\t\t\t<a class=\"elementor-button elementor-button-link elementor-size-sm\" href=\"https:\/\/www.akcanada.com\/fr\/immigration-canadienne-categorie-de-la-famille\/\" id=\"fc-top-right-bsuv-page\">\n\t\t\t\t\t\t<span class=\"elementor-button-content-wrapper\">\n\t\t\t\t\t\t\t\t\t<span class=\"elementor-button-text\">Classe familiale<\/span>\n\t\t\t\t\t<\/span>\n\t\t\t\t\t<\/a>\n\t\t\t\t<\/div>\n\t\t\t\t\t\t<\/div>\n\t\t\t\t<\/div>\n\t\t\t\t<div class=\"elementor-element elementor-element-50a6566 elementor-align-justify elementor-widget elementor-widget-button\" data-id=\"50a6566\" data-element_type=\"widget\" data-widget_type=\"button.default\">\n\t\t\t\t<div class=\"elementor-widget-container\">\n\t\t\t\t\t\t\t<div class=\"elementor-button-wrapper\">\n\t\t\t\t\t<a class=\"elementor-button elementor-button-link elementor-size-sm\" href=\"https:\/\/www.akcanada.com\/fr\/immigration-canadienne-classe-affaires-travailleurs-autonomes\/\" id=\"bse-top-right-bsuv-page\">\n\t\t\t\t\t\t<span class=\"elementor-button-content-wrapper\">\n\t\t\t\t\t\t\t\t\t<span class=\"elementor-button-text\">Entreprise Travailleur ind\u00e9pendant<\/span>\n\t\t\t\t\t<\/span>\n\t\t\t\t\t<\/a>\n\t\t\t\t<\/div>\n\t\t\t\t\t\t<\/div>\n\t\t\t\t<\/div>\n\t\t\t\t<div class=\"elementor-element elementor-element-383ceb9 elementor-align-justify elementor-widget elementor-widget-button\" data-id=\"383ceb9\" data-element_type=\"widget\" data-widget_type=\"button.default\">\n\t\t\t\t<div class=\"elementor-widget-container\">\n\t\t\t\t\t\t\t<div class=\"elementor-button-wrapper\">\n\t\t\t\t\t<a class=\"elementor-button elementor-button-link elementor-size-sm\" href=\"https:\/\/www.akcanada.com\/canadian-immigration-business-class-start-up-visa\/\" id=\"bsuv-top-right-bsuv-page\">\n\t\t\t\t\t\t<span class=\"elementor-button-content-wrapper\">\n\t\t\t\t\t\t\t\t\t<span class=\"elementor-button-text\">Visa de cr\u00e9ation d'entreprise<\/span>\n\t\t\t\t\t<\/span>\n\t\t\t\t\t<\/a>\n\t\t\t\t<\/div>\n\t\t\t\t\t\t<\/div>\n\t\t\t\t<\/div>\n\t\t\t\t<div class=\"elementor-element elementor-element-2024f10 elementor-widget elementor-widget-heading\" data-id=\"2024f10\" data-element_type=\"widget\" data-widget_type=\"heading.default\">\n\t\t\t\t<div class=\"elementor-widget-container\">\n\t\t\t<h2 class=\"elementor-heading-title elementor-size-default\">Statut temporaire au Canada :<\/h2>\t\t<\/div>\n\t\t\t\t<\/div>\n\t\t\t\t<div class=\"elementor-element elementor-element-e133c82 elementor-widget elementor-widget-text-editor\" data-id=\"e133c82\" data-element_type=\"widget\" data-widget_type=\"text-editor.default\">\n\t\t\t\t<div class=\"elementor-widget-container\">\n\t\t\t\t\t\t\t<p>Si vous souhaitez venir au Canada de fa\u00e7on temporaire, vous pouvez venir en tant que visiteur, \u00e9tudiant ou travailleur, \u00e0 condition, bien s\u00fbr, que vous r\u00e9pondiez aux crit\u00e8res d\u2019admissibilit\u00e9.<\/p>\n\t\t\t\t\t\t<\/div>\n\t\t\t\t<\/div>\n\t\t\t\t<div class=\"elementor-element elementor-element-3c973d3 elementor-align-justify elementor-widget elementor-widget-button\" data-id=\"3c973d3\" data-element_type=\"widget\" data-widget_type=\"button.default\">\n\t\t\t\t<div class=\"elementor-widget-container\">\n\t\t\t\t\t\t\t<div class=\"elementor-button-wrapper\">\n\t\t\t\t\t<a class=\"elementor-button elementor-button-link elementor-size-sm\" href=\"https:\/\/www.akcanada.com\/fr\/permis-detudes-canadiens\/\">\n\t\t\t\t\t\t<span class=\"elementor-button-content-wrapper\">\n\t\t\t\t\t\t\t\t\t<span class=\"elementor-button-text\">Permis d'\u00e9tudes<\/span>\n\t\t\t\t\t<\/span>\n\t\t\t\t\t<\/a>\n\t\t\t\t<\/div>\n\t\t\t\t\t\t<\/div>\n\t\t\t\t<\/div>\n\t\t\t\t<div class=\"elementor-element elementor-element-4d69405 elementor-align-justify elementor-widget elementor-widget-button\" data-id=\"4d69405\" data-element_type=\"widget\" data-widget_type=\"button.default\">\n\t\t\t\t<div class=\"elementor-widget-container\">\n\t\t\t\t\t\t\t<div class=\"elementor-button-wrapper\">\n\t\t\t\t\t<a class=\"elementor-button elementor-button-link elementor-size-sm\" href=\"https:\/\/www.akcanada.com\/canadian-temporary-resident-visitor-visas\/\">\n\t\t\t\t\t\t<span class=\"elementor-button-content-wrapper\">\n\t\t\t\t\t\t\t\t\t<span class=\"elementor-button-text\">Visas de r\u00e9sident temporaire (visiteur)<\/span>\n\t\t\t\t\t<\/span>\n\t\t\t\t\t<\/a>\n\t\t\t\t<\/div>\n\t\t\t\t\t\t<\/div>\n\t\t\t\t<\/div>\n\t\t\t\t<div class=\"elementor-element elementor-element-b212193 elementor-align-justify elementor-widget elementor-widget-button\" data-id=\"b212193\" data-element_type=\"widget\" data-widget_type=\"button.default\">\n\t\t\t\t<div class=\"elementor-widget-container\">\n\t\t\t\t\t\t\t<div class=\"elementor-button-wrapper\">\n\t\t\t\t\t<a class=\"elementor-button elementor-button-link elementor-size-sm\" href=\"https:\/\/www.akcanada.com\/fr\/permis-de-travail-canadiens\/\">\n\t\t\t\t\t\t<span class=\"elementor-button-content-wrapper\">\n\t\t\t\t\t\t\t\t\t<span class=\"elementor-button-text\">Permis de travail<\/span>\n\t\t\t\t\t<\/span>\n\t\t\t\t\t<\/a>\n\t\t\t\t<\/div>\n\t\t\t\t\t\t<\/div>\n\t\t\t\t<\/div>\n\t\t\t\t<\/div>\n\t\t\t\t\t<\/div>\n\t\t\t\t<\/div>\n\t\t<div class=\"elementor-element elementor-element-6fd65bb0 e-flex e-con-boxed e-con e-parent\" data-id=\"6fd65bb0\" data-element_type=\"container\">\n\t\t\t\t\t<div class=\"e-con-inner\">\n\t\t\t\t<div class=\"elementor-element elementor-element-12af1fd4 elementor-widget elementor-widget-spacer\" data-id=\"12af1fd4\" data-element_type=\"widget\" data-widget_type=\"spacer.default\">\n\t\t\t\t<div class=\"elementor-widget-container\">\n\t\t\t\t\t<div class=\"elementor-spacer\">\n\t\t\t<div class=\"elementor-spacer-inner\"><\/div>\n\t\t<\/div>\n\t\t\t\t<\/div>\n\t\t\t\t<\/div>\n\t\t\t\t\t<\/div>\n\t\t\t\t<\/div>\n\t\t\t\t<\/div>\n\t\t","protected":false},"excerpt":{"rendered":"<p>Immigrer au Canada : Visa de d\u00e9marrage (classe affaires) Immigration au Canada : classe affaires (visa pour d\u00e9marrage d&#8217;entreprise) D&#8217;une mani\u00e8re g\u00e9n\u00e9rale, le programme de visa de d\u00e9marrage (SUV) est le programme d&#8217;immigration le plus rapide et le plus simple propos\u00e9 par le gouvernement f\u00e9d\u00e9ral aux entrepreneurs. Dans le cadre de ce programme, les permis [&hellip;]<\/p>\n","protected":false},"author":1,"featured_media":0,"parent":0,"menu_order":0,"comment_status":"closed","ping_status":"closed","template":"","meta":{"footnotes":""},"class_list":["post-3537","page","type-page","status-publish","hentry"],"_links":{"self":[{"href":"https:\/\/www.akcanada.com\/fr\/wp-json\/wp\/v2\/pages\/3537"}],"collection":[{"href":"https:\/\/www.akcanada.com\/fr\/wp-json\/wp\/v2\/pages"}],"about":[{"href":"https:\/\/www.akcanada.com\/fr\/wp-json\/wp\/v2\/types\/page"}],"author":[{"embeddable":true,"href":"https:\/\/www.akcanada.com\/fr\/wp-json\/wp\/v2\/users\/1"}],"replies":[{"embeddable":true,"href":"https:\/\/www.akcanada.com\/fr\/wp-json\/wp\/v2\/comments?post=3537"}],"version-history":[{"count":1,"href":"https:\/\/www.akcanada.com\/fr\/wp-json\/wp\/v2\/pages\/3537\/revisions"}],"predecessor-version":[{"id":3538,"href":"https:\/\/www.akcanada.com\/fr\/wp-json\/wp\/v2\/pages\/3537\/revisions\/3538"}],"wp:attachment":[{"href":"https:\/\/www.akcanada.com\/fr\/wp-json\/wp\/v2\/media?parent=3537"}],"curies":[{"name":"wp","href":"https:\/\/api.w.org\/{rel}","templated":true}]}}