{"id":3530,"date":"2023-12-05T17:54:05","date_gmt":"2023-12-05T17:54:05","guid":{"rendered":"https:\/\/www.akcanada.com\/avocats-en-immigration-au-canada\/"},"modified":"2025-01-27T14:35:59","modified_gmt":"2025-01-27T14:35:59","slug":"avocats-en-immigration-au-canada","status":"publish","type":"page","link":"https:\/\/www.akcanada.com\/fr\/avocats-en-immigration-au-canada\/","title":{"rendered":"Avocats en immigration au Canada"},"content":{"rendered":"\t\t<div data-elementor-type=\"wp-page\" data-elementor-id=\"3530\" class=\"elementor elementor-3530 elementor-1686\">\n\t\t\t\t<div class=\"elementor-element elementor-element-174bc2f7 e-flex e-con-boxed e-con e-parent\" data-id=\"174bc2f7\" data-element_type=\"container\">\n\t\t\t\t\t<div class=\"e-con-inner\">\n\t\t\t\t<div class=\"elementor-element elementor-element-12419b3b elementor-widget elementor-widget-heading\" data-id=\"12419b3b\" data-element_type=\"widget\" data-widget_type=\"heading.default\">\n\t\t\t\t<div class=\"elementor-widget-container\">\n\t\t\t<h1 class=\"elementor-heading-title elementor-size-default\">Avocats en immigration au Canada<\/h1>\t\t<\/div>\n\t\t\t\t<\/div>\n\t\t\t\t<div class=\"elementor-element elementor-element-21239e47 elementor-widget-divider--view-line elementor-widget elementor-widget-divider\" data-id=\"21239e47\" data-element_type=\"widget\" data-widget_type=\"divider.default\">\n\t\t\t\t<div class=\"elementor-widget-container\">\n\t\t\t\t\t<div class=\"elementor-divider\">\n\t\t\t<span class=\"elementor-divider-separator\">\n\t\t\t\t\t\t<\/span>\n\t\t<\/div>\n\t\t\t\t<\/div>\n\t\t\t\t<\/div>\n\t\t\t\t<div class=\"elementor-element elementor-element-46b1f446 elementor-widget elementor-widget-text-editor\" data-id=\"46b1f446\" data-element_type=\"widget\" data-widget_type=\"text-editor.default\">\n\t\t\t\t<div class=\"elementor-widget-container\">\n\t\t\t\t\t\t\t<p>Les renseignements concernant les consultants en immigration ne s&#8217;appliquent pas aux avocats. \u00c9tant donn\u00e9 que les barreaux provinciaux et territoriaux (les organismes professionnels qui r\u00e9gissent la pratique du droit au Canada) r\u00e9glementent d\u00e9j\u00e0 leur profession au moyen de normes d&#8217;adh\u00e9sion \u00e9tablies de longue date, de codes de conduite et de m\u00e9canismes de plainte efficaces et qu&#8217;ils sont d\u00e9j\u00e0 en mesure de s&#8217;attaquer aux activit\u00e9s contraires \u00e0 l&#8217;\u00e9thique ou ill\u00e9gales de leurs membres, les avocats ne sont pas tenus d&#8217;\u00eatre membres du CRCIC. Ils sont reconnus par Citoyennet\u00e9 et Immigration Canada et autoris\u00e9s \u00e0 traiter avec le Minist\u00e8re.  <\/p>\n<p>Si vous souhaitez v\u00e9rifier l&#8217;authenticit\u00e9 du cabinet Abrams &amp; Krochak et sa capacit\u00e9 \u00e0 vous repr\u00e9senter devant Citoyennet\u00e9 et Immigration Canada, vous pouvez contacter le Barreau du Haut-Canada, l&#8217;organisme r\u00e9gissant les avocats de la province de l&#8217;Ontario, au Canada. Son num\u00e9ro de t\u00e9l\u00e9phone est le suivant : (416) 947-3300; son adresse \u00e9lectronique est : lawsociety@lsuc.on.ca et son site Web est le suivant : http:\/\/www.lsuc.on.ca. En tant qu&#8217;avocats professionnels, Abrams &amp; Krochak a l&#8217;obligation professionnelle d&#8217;agir dans l&#8217;int\u00e9r\u00eat sup\u00e9rieur de ses clients et peut faire l&#8217;objet de mesures disciplinaires professionnelles en cas de manquement \u00e0 cette obligation. <\/p>\n\t\t\t\t\t\t<\/div>\n\t\t\t\t<\/div>\n\t\t\t\t<div class=\"elementor-element elementor-element-71ee5538 elementor-widget elementor-widget-spacer\" data-id=\"71ee5538\" data-element_type=\"widget\" data-widget_type=\"spacer.default\">\n\t\t\t\t<div class=\"elementor-widget-container\">\n\t\t\t\t\t<div class=\"elementor-spacer\">\n\t\t\t<div class=\"elementor-spacer-inner\"><\/div>\n\t\t<\/div>\n\t\t\t\t<\/div>\n\t\t\t\t<\/div>\n\t\t\t\t\t<\/div>\n\t\t\t\t<\/div>\n\t\t\t\t<\/div>\n\t\t","protected":false},"excerpt":{"rendered":"<p>Avocats en immigration au Canada Les renseignements concernant les consultants en immigration ne s&#8217;appliquent pas aux avocats. \u00c9tant donn\u00e9 que les barreaux provinciaux et territoriaux (les organismes professionnels qui r\u00e9gissent la pratique du droit au Canada) r\u00e9glementent d\u00e9j\u00e0 leur profession au moyen de normes d&#8217;adh\u00e9sion \u00e9tablies de longue date, de codes de conduite et de [&hellip;]<\/p>\n","protected":false},"author":1,"featured_media":0,"parent":0,"menu_order":0,"comment_status":"closed","ping_status":"closed","template":"","meta":{"footnotes":""},"class_list":["post-3530","page","type-page","status-publish","hentry"],"_links":{"self":[{"href":"https:\/\/www.akcanada.com\/fr\/wp-json\/wp\/v2\/pages\/3530"}],"collection":[{"href":"https:\/\/www.akcanada.com\/fr\/wp-json\/wp\/v2\/pages"}],"about":[{"href":"https:\/\/www.akcanada.com\/fr\/wp-json\/wp\/v2\/types\/page"}],"author":[{"embeddable":true,"href":"https:\/\/www.akcanada.com\/fr\/wp-json\/wp\/v2\/users\/1"}],"replies":[{"embeddable":true,"href":"https:\/\/www.akcanada.com\/fr\/wp-json\/wp\/v2\/comments?post=3530"}],"version-history":[{"count":1,"href":"https:\/\/www.akcanada.com\/fr\/wp-json\/wp\/v2\/pages\/3530\/revisions"}],"predecessor-version":[{"id":3531,"href":"https:\/\/www.akcanada.com\/fr\/wp-json\/wp\/v2\/pages\/3530\/revisions\/3531"}],"wp:attachment":[{"href":"https:\/\/www.akcanada.com\/fr\/wp-json\/wp\/v2\/media?parent=3530"}],"curies":[{"name":"wp","href":"https:\/\/api.w.org\/{rel}","templated":true}]}}