{"id":3524,"date":"2024-12-17T18:08:53","date_gmt":"2024-12-17T18:08:53","guid":{"rendered":"https:\/\/www.akcanada.com\/programme-de-referencement-dakcanada\/"},"modified":"2025-01-20T20:20:45","modified_gmt":"2025-01-20T20:20:45","slug":"programme-de-referencement-dakcanada","status":"publish","type":"page","link":"https:\/\/www.akcanada.com\/fr\/programme-de-referencement-dakcanada\/","title":{"rendered":"Programme de r\u00e9f\u00e9rencement d&#8217;AKCanada"},"content":{"rendered":"\t\t<div data-elementor-type=\"wp-page\" data-elementor-id=\"3524\" class=\"elementor elementor-3524 elementor-3419\">\n\t\t\t\t<div class=\"elementor-element elementor-element-8079c33 all-breadcrumbs e-flex e-con-boxed e-con e-parent\" data-id=\"8079c33\" data-element_type=\"container\">\n\t\t\t\t\t<div class=\"e-con-inner\">\n\t\t\t\t<div class=\"elementor-element elementor-element-6daa16b elementor-widget elementor-widget-shortcode\" data-id=\"6daa16b\" data-element_type=\"widget\" data-widget_type=\"shortcode.default\">\n\t\t\t\t<div class=\"elementor-widget-container\">\n\t\t\t\t\t<div class=\"elementor-shortcode\"><nav aria-label=\"breadcrumbs\" class=\"rank-math-breadcrumb\"><p><span class=\"last\">Home<\/span><\/p><\/nav><\/div>\n\t\t\t\t<\/div>\n\t\t\t\t<\/div>\n\t\t\t\t\t<\/div>\n\t\t\t\t<\/div>\n\t\t<div class=\"elementor-element elementor-element-bfba793 e-flex e-con-boxed e-con e-parent\" data-id=\"bfba793\" data-element_type=\"container\">\n\t\t\t\t\t<div class=\"e-con-inner\">\n\t\t\t\t<div class=\"elementor-element elementor-element-9ff53cf elementor-widget elementor-widget-heading\" data-id=\"9ff53cf\" data-element_type=\"widget\" data-widget_type=\"heading.default\">\n\t\t\t\t<div class=\"elementor-widget-container\">\n\t\t\t<h1 class=\"elementor-heading-title elementor-size-default\">Programme de r\u00e9f\u00e9rencement d'AKCanada<\/h1>\t\t<\/div>\n\t\t\t\t<\/div>\n\t\t\t\t<div class=\"elementor-element elementor-element-86e93f8 elementor-widget-divider--view-line elementor-widget elementor-widget-divider\" data-id=\"86e93f8\" data-element_type=\"widget\" data-widget_type=\"divider.default\">\n\t\t\t\t<div class=\"elementor-widget-container\">\n\t\t\t\t\t<div class=\"elementor-divider\">\n\t\t\t<span class=\"elementor-divider-separator\">\n\t\t\t\t\t\t<\/span>\n\t\t<\/div>\n\t\t\t\t<\/div>\n\t\t\t\t<\/div>\n\t\t\t\t\t<\/div>\n\t\t\t\t<\/div>\n\t\t<div class=\"elementor-element elementor-element-951d256 e-flex e-con-boxed e-con e-parent\" data-id=\"951d256\" data-element_type=\"container\">\n\t\t\t\t\t<div class=\"e-con-inner\">\n\t\t<div class=\"elementor-element elementor-element-819cb92 e-con-full e-flex e-con e-child\" data-id=\"819cb92\" data-element_type=\"container\">\n\t\t\t\t<div class=\"elementor-element elementor-element-3a835e3 elementor-widget elementor-widget-text-editor\" data-id=\"3a835e3\" data-element_type=\"widget\" data-widget_type=\"text-editor.default\">\n\t\t\t\t<div class=\"elementor-widget-container\">\n\t\t\t\t\t\t\t<p>Avez-vous des parents\/amis\/connaissances au Canada ou \u00e0 l\u2019\u00e9tranger qui ont besoin de services juridiques en mati\u00e8re d\u2019immigration canadienne ?<\/p>\n<p>\u00cates-vous int\u00e9ress\u00e9 \u00e0 gagner un revenu suppl\u00e9mentaire sans frais pour vous et avec tr\u00e8s peu d&#8217;effort de votre part ?<\/p>\n<p>Abrams &amp; Krochak est un cabinet d&#8217;avocats sp\u00e9cialis\u00e9 en droit de l&#8217;immigration de la r\u00e9gion de Toronto qui aide des personnes du monde entier \u00e0 s&#8217;installer au Canada depuis pr\u00e8s de trente (30) ans. Nous cherchons toujours \u00e0 acqu\u00e9rir de nouveaux clients. <\/p>\n<h3>Si vous connaissez quelqu&#8217;un qui a besoin d&#8217;assistance juridique concernant l&#8217;une des questions d&#8217;immigration canadiennes suivantes&nbsp;:<\/h3>\n<p>\u2022 Permis de travail\/Prolongations de permis de travail<br \/> \u2022 Permis de travail post-dipl\u00f4me<br \/> \u2022 Permis d&#8217;\u00e9tudes\/Prolongations de permis d&#8217;\u00e9tudes<br \/> \u2022 Visas de visiteur\/Prolongations de visa de visiteur<br \/> \u2022 Parrainages familiaux<br \/> \u2022 Demandes de r\u00e9sidence permanente (Entr\u00e9e express\/Immigration d&#8217;affaires\/PNP)<br \/> \u2022 Documents de voyage\/Renonciation au statut<br \/> \u2022 Demandes de citoyennet\u00e9<br \/> \u2022 Demandes d\u2019asile<\/p>\n<p>Nous vous verserons entre 10 et 25 % des honoraires juridiques pour votre assistance en mati\u00e8re d&#8217;interpr\u00e9tation\/traduction\/traitement pour chaque personne que vous nous recommandez et qui devient par la suite cliente du cabinet. Les honoraires juridiques varient d&#8217;un cas \u00e0 l&#8217;autre ; mais, \u00e0 titre d&#8217;exemple, pour un cas o\u00f9 les honoraires juridiques s&#8217;\u00e9l\u00e8vent \u00e0 1 000 $, vous pourriez gagner jusqu&#8217;\u00e0 250 $. Plus vous nous pr\u00e9sentez de cas et que nous pouvons en accepter, plus vous gagnez d&#8217;argent.  <\/p>\n<p>Si vous avez des r\u00e9f\u00e9rences ou si vous avez besoin de plus amples informations, veuillez appeler le +1-416-482-3387 entre 9h et 15h, heure de l&#8217;Est, du lundi au vendredi, et demandez Peter Krochak ou<br \/><a href=\"mailto:askus@akcanada.com\">Courriel<\/a> . Nous avons h\u00e2te de travailler avec vous ! <\/p>\n\t\t\t\t\t\t<\/div>\n\t\t\t\t<\/div>\n\t\t\t\t<\/div>\n\t\t\t\t\t<\/div>\n\t\t\t\t<\/div>\n\t\t\t\t<\/div>\n\t\t","protected":false},"excerpt":{"rendered":"<p>Programme de r\u00e9f\u00e9rencement d&#8217;AKCanada Avez-vous des parents\/amis\/connaissances au Canada ou \u00e0 l\u2019\u00e9tranger qui ont besoin de services juridiques en mati\u00e8re d\u2019immigration canadienne ? \u00cates-vous int\u00e9ress\u00e9 \u00e0 gagner un revenu suppl\u00e9mentaire sans frais pour vous et avec tr\u00e8s peu d&#8217;effort de votre part ? Abrams &amp; Krochak est un cabinet d&#8217;avocats sp\u00e9cialis\u00e9 en droit de l&#8217;immigration [&hellip;]<\/p>\n","protected":false},"author":1,"featured_media":0,"parent":0,"menu_order":0,"comment_status":"closed","ping_status":"closed","template":"","meta":{"footnotes":""},"class_list":["post-3524","page","type-page","status-publish","hentry"],"_links":{"self":[{"href":"https:\/\/www.akcanada.com\/fr\/wp-json\/wp\/v2\/pages\/3524"}],"collection":[{"href":"https:\/\/www.akcanada.com\/fr\/wp-json\/wp\/v2\/pages"}],"about":[{"href":"https:\/\/www.akcanada.com\/fr\/wp-json\/wp\/v2\/types\/page"}],"author":[{"embeddable":true,"href":"https:\/\/www.akcanada.com\/fr\/wp-json\/wp\/v2\/users\/1"}],"replies":[{"embeddable":true,"href":"https:\/\/www.akcanada.com\/fr\/wp-json\/wp\/v2\/comments?post=3524"}],"version-history":[{"count":1,"href":"https:\/\/www.akcanada.com\/fr\/wp-json\/wp\/v2\/pages\/3524\/revisions"}],"predecessor-version":[{"id":3526,"href":"https:\/\/www.akcanada.com\/fr\/wp-json\/wp\/v2\/pages\/3524\/revisions\/3526"}],"wp:attachment":[{"href":"https:\/\/www.akcanada.com\/fr\/wp-json\/wp\/v2\/media?parent=3524"}],"curies":[{"name":"wp","href":"https:\/\/api.w.org\/{rel}","templated":true}]}}