{"id":3522,"date":"2023-12-05T20:33:51","date_gmt":"2023-12-05T20:33:51","guid":{"rendered":"https:\/\/www.akcanada.com\/immigration-canadienne-classe-affaires-travailleurs-autonomes\/"},"modified":"2025-01-20T20:20:44","modified_gmt":"2025-01-20T20:20:44","slug":"immigration-canadienne-classe-affaires-travailleurs-autonomes","status":"publish","type":"page","link":"https:\/\/www.akcanada.com\/fr\/immigration-canadienne-classe-affaires-travailleurs-autonomes\/","title":{"rendered":"Immigration canadienne \u2013 Classe affaires (travailleurs autonomes)"},"content":{"rendered":"\t\t<div data-elementor-type=\"wp-page\" data-elementor-id=\"3522\" class=\"elementor elementor-3522 elementor-1801\">\n\t\t\t\t<div class=\"elementor-element elementor-element-191d67b e-flex e-con-boxed e-con e-parent\" data-id=\"191d67b\" data-element_type=\"container\">\n\t\t\t\t\t<div class=\"e-con-inner\">\n\t\t\t\t<div class=\"elementor-element elementor-element-76f1045e elementor-widget elementor-widget-heading\" data-id=\"76f1045e\" data-element_type=\"widget\" data-widget_type=\"heading.default\">\n\t\t\t\t<div class=\"elementor-widget-container\">\n\t\t\t<h1 class=\"elementor-heading-title elementor-size-default\">Immigrer au Canada :<br> Travailleur ind\u00e9pendant (classe affaires)<\/h1>\t\t<\/div>\n\t\t\t\t<\/div>\n\t\t\t\t<div class=\"elementor-element elementor-element-5764acfe elementor-widget-divider--view-line elementor-widget elementor-widget-divider\" data-id=\"5764acfe\" data-element_type=\"widget\" data-widget_type=\"divider.default\">\n\t\t\t\t<div class=\"elementor-widget-container\">\n\t\t\t\t\t<div class=\"elementor-divider\">\n\t\t\t<span class=\"elementor-divider-separator\">\n\t\t\t\t\t\t<\/span>\n\t\t<\/div>\n\t\t\t\t<\/div>\n\t\t\t\t<\/div>\n\t\t\t\t\t<\/div>\n\t\t\t\t<\/div>\n\t\t<div class=\"elementor-element elementor-element-278f0140 e-flex e-con-boxed e-con e-parent\" data-id=\"278f0140\" data-element_type=\"container\">\n\t\t\t\t\t<div class=\"e-con-inner\">\n\t\t<div class=\"elementor-element elementor-element-4cc739ec e-con-full e-flex e-con e-child\" data-id=\"4cc739ec\" data-element_type=\"container\">\n\t\t\t\t<div class=\"elementor-element elementor-element-144aeffc elementor-widget elementor-widget-heading\" data-id=\"144aeffc\" data-element_type=\"widget\" data-widget_type=\"heading.default\">\n\t\t\t\t<div class=\"elementor-widget-container\">\n\t\t\t<h2 class=\"elementor-heading-title elementor-size-default\">Immigration au Canada : cat\u00e9gorie des gens d'affaires (travailleurs autonomes)<\/h2>\t\t<\/div>\n\t\t\t\t<\/div>\n\t\t\t\t<div class=\"elementor-element elementor-element-5fd959a8 elementor-widget elementor-widget-text-editor\" data-id=\"5fd959a8\" data-element_type=\"widget\" data-widget_type=\"text-editor.default\">\n\t\t\t\t<div class=\"elementor-widget-container\">\n\t\t\t\t\t\t\t<p>L&#8217;immigration de cat\u00e9gorie affaires permet aux travailleurs ind\u00e9pendants qui ont l&#8217;intention et la capacit\u00e9 de cr\u00e9er leur propre emploi et d&#8217;apporter une contribution significative \u00e0 la vie culturelle, artistique ou sportive du Canada d&#8217;immigrer au Canada. Les travailleurs ind\u00e9pendants titulaires d\u2019un visa d\u2019immigration au Canada ont \u00e9galement la possibilit\u00e9 d\u2019acheter et de g\u00e9rer une ferme au Canada.<\/p>\n<p>Seuls les immigrants qui ont travaill\u00e9 \u00e0 leur compte dans des activit\u00e9s culturelles ou sportives, ou qui ont particip\u00e9 \u00e0 des activit\u00e9s culturelles ou sportives de niveau international, ou qui ont une exp\u00e9rience en gestion agricole sont admissibles au sein de la cat\u00e9gorie.<\/p>\n\t\t\t\t\t\t<\/div>\n\t\t\t\t<\/div>\n\t\t\t\t<div class=\"elementor-element elementor-element-d768937 elementor-widget elementor-widget-text-editor\" data-id=\"d768937\" data-element_type=\"widget\" data-widget_type=\"text-editor.default\">\n\t\t\t\t<div class=\"elementor-widget-container\">\n\t\t\t\t\t\t\t<p><strong>R\u00e9pondez \u00e0 quelques questions simples et nous vous dirons si vous \u00eates admissible en tant qu&#8217;immigrant d&#8217;affaires ind\u00e9pendant<\/strong><\/p>\n\t\t\t\t\t\t<\/div>\n\t\t\t\t<\/div>\n\t\t\t\t<div class=\"elementor-element elementor-element-96c01ab elementor-align-center elementor-widget elementor-widget-button\" data-id=\"96c01ab\" data-element_type=\"widget\" data-widget_type=\"button.default\">\n\t\t\t\t<div class=\"elementor-widget-container\">\n\t\t\t\t\t\t\t<div class=\"elementor-button-wrapper\">\n\t\t\t\t\t<a class=\"elementor-button elementor-button-link elementor-size-sm\" href=\"https:\/\/www.akcanada.com\/assessment2.php\" id=\"bse-assessment-bottom-bse-page\">\n\t\t\t\t\t\t<span class=\"elementor-button-content-wrapper\">\n\t\t\t\t\t\t\t\t\t<span class=\"elementor-button-text\">\u00c9valuation gratuite de la classe affaires (travailleurs ind\u00e9pendants)<\/span>\n\t\t\t\t\t<\/span>\n\t\t\t\t\t<\/a>\n\t\t\t\t<\/div>\n\t\t\t\t\t\t<\/div>\n\t\t\t\t<\/div>\n\t\t\t\t<\/div>\n\t\t<div class=\"elementor-element elementor-element-d0bafd5 e-con-full e-flex e-con e-child\" data-id=\"d0bafd5\" data-element_type=\"container\">\n\t\t\t\t<div class=\"elementor-element elementor-element-9225865 elementor-widget elementor-widget-heading\" data-id=\"9225865\" data-element_type=\"widget\" data-widget_type=\"heading.default\">\n\t\t\t\t<div class=\"elementor-widget-container\">\n\t\t\t<h2 class=\"elementor-heading-title elementor-size-default\">Statut permanent \u2013 Cat\u00e9gories d\u2019immigration au Canada :<\/h2>\t\t<\/div>\n\t\t\t\t<\/div>\n\t\t\t\t<div class=\"elementor-element elementor-element-7b89d68 elementor-align-justify elementor-widget elementor-widget-button\" data-id=\"7b89d68\" data-element_type=\"widget\" data-widget_type=\"button.default\">\n\t\t\t\t<div class=\"elementor-widget-container\">\n\t\t\t\t\t\t\t<div class=\"elementor-button-wrapper\">\n\t\t\t\t\t<a class=\"elementor-button elementor-button-link elementor-size-sm\" href=\"https:\/\/www.akcanada.com\/fr\/immigration-canadienne-categorie-des-travailleurs-qualifies-federal\/\" id=\"fsw-top-right-bse-page\">\n\t\t\t\t\t\t<span class=\"elementor-button-content-wrapper\">\n\t\t\t\t\t\t\t\t\t<span class=\"elementor-button-text\">Cat\u00e9gorie des travailleurs qualifi\u00e9s (f\u00e9d\u00e9ral)<\/span>\n\t\t\t\t\t<\/span>\n\t\t\t\t\t<\/a>\n\t\t\t\t<\/div>\n\t\t\t\t\t\t<\/div>\n\t\t\t\t<\/div>\n\t\t\t\t<div class=\"elementor-element elementor-element-928da08 elementor-align-justify elementor-widget elementor-widget-button\" data-id=\"928da08\" data-element_type=\"widget\" data-widget_type=\"button.default\">\n\t\t\t\t<div class=\"elementor-widget-container\">\n\t\t\t\t\t\t\t<div class=\"elementor-button-wrapper\">\n\t\t\t\t\t<a class=\"elementor-button elementor-button-link elementor-size-sm\" href=\"https:\/\/www.akcanada.com\/fr\/immigration-canadienne-programme-des-candidats-des-provinces\/\" id=\"pnp-top-right-bse-page\">\n\t\t\t\t\t\t<span class=\"elementor-button-content-wrapper\">\n\t\t\t\t\t\t\t\t\t<span class=\"elementor-button-text\">Programme des candidats des provinces<\/span>\n\t\t\t\t\t<\/span>\n\t\t\t\t\t<\/a>\n\t\t\t\t<\/div>\n\t\t\t\t\t\t<\/div>\n\t\t\t\t<\/div>\n\t\t\t\t<div class=\"elementor-element elementor-element-6f92d9e elementor-align-justify elementor-widget elementor-widget-button\" data-id=\"6f92d9e\" data-element_type=\"widget\" data-widget_type=\"button.default\">\n\t\t\t\t<div class=\"elementor-widget-container\">\n\t\t\t\t\t\t\t<div class=\"elementor-button-wrapper\">\n\t\t\t\t\t<a class=\"elementor-button elementor-button-link elementor-size-sm\" href=\"https:\/\/www.akcanada.com\/fr\/immigration-canadienne-categorie-de-lexperience-canadienne\/\" id=\"cec-top-right-bse-page\">\n\t\t\t\t\t\t<span class=\"elementor-button-content-wrapper\">\n\t\t\t\t\t\t\t\t\t<span class=\"elementor-button-text\">Cat\u00e9gorie de l\u2019exp\u00e9rience canadienne<\/span>\n\t\t\t\t\t<\/span>\n\t\t\t\t\t<\/a>\n\t\t\t\t<\/div>\n\t\t\t\t\t\t<\/div>\n\t\t\t\t<\/div>\n\t\t\t\t<div class=\"elementor-element elementor-element-7c0fecb elementor-align-justify elementor-widget elementor-widget-button\" data-id=\"7c0fecb\" data-element_type=\"widget\" data-widget_type=\"button.default\">\n\t\t\t\t<div class=\"elementor-widget-container\">\n\t\t\t\t\t\t\t<div class=\"elementor-button-wrapper\">\n\t\t\t\t\t<a class=\"elementor-button elementor-button-link elementor-size-sm\" href=\"https:\/\/www.akcanada.com\/fr\/immigration-canadienne-categorie-des-travailleurs-de-metiers-specialises-federal\/\" id=\"fst-top-right-bse-page\">\n\t\t\t\t\t\t<span class=\"elementor-button-content-wrapper\">\n\t\t\t\t\t\t\t\t\t<span class=\"elementor-button-text\">Cat\u00e9gorie des travailleurs de m\u00e9tiers sp\u00e9cialis\u00e9s f\u00e9d\u00e9raux<\/span>\n\t\t\t\t\t<\/span>\n\t\t\t\t\t<\/a>\n\t\t\t\t<\/div>\n\t\t\t\t\t\t<\/div>\n\t\t\t\t<\/div>\n\t\t\t\t<div class=\"elementor-element elementor-element-fcd2d1c elementor-align-justify elementor-widget elementor-widget-button\" data-id=\"fcd2d1c\" data-element_type=\"widget\" data-widget_type=\"button.default\">\n\t\t\t\t<div class=\"elementor-widget-container\">\n\t\t\t\t\t\t\t<div class=\"elementor-button-wrapper\">\n\t\t\t\t\t<a class=\"elementor-button elementor-button-link elementor-size-sm\" href=\"https:\/\/www.akcanada.com\/fr\/immigration-canadienne-categorie-de-la-famille\/\" id=\"fc-top-right-bse-page\">\n\t\t\t\t\t\t<span class=\"elementor-button-content-wrapper\">\n\t\t\t\t\t\t\t\t\t<span class=\"elementor-button-text\">Classe familiale<\/span>\n\t\t\t\t\t<\/span>\n\t\t\t\t\t<\/a>\n\t\t\t\t<\/div>\n\t\t\t\t\t\t<\/div>\n\t\t\t\t<\/div>\n\t\t\t\t<div class=\"elementor-element elementor-element-16dc156 elementor-align-justify elementor-widget elementor-widget-button\" data-id=\"16dc156\" data-element_type=\"widget\" data-widget_type=\"button.default\">\n\t\t\t\t<div class=\"elementor-widget-container\">\n\t\t\t\t\t\t\t<div class=\"elementor-button-wrapper\">\n\t\t\t\t\t<a class=\"elementor-button elementor-button-link elementor-size-sm\" href=\"https:\/\/www.akcanada.com\/fr\/immigration-canadienne-classe-affaires-travailleurs-autonomes\/\" id=\"bse-top-right-bse-page\">\n\t\t\t\t\t\t<span class=\"elementor-button-content-wrapper\">\n\t\t\t\t\t\t\t\t\t<span class=\"elementor-button-text\">Entreprise Travailleur ind\u00e9pendant<\/span>\n\t\t\t\t\t<\/span>\n\t\t\t\t\t<\/a>\n\t\t\t\t<\/div>\n\t\t\t\t\t\t<\/div>\n\t\t\t\t<\/div>\n\t\t\t\t<div class=\"elementor-element elementor-element-0747883 elementor-align-justify elementor-widget elementor-widget-button\" data-id=\"0747883\" data-element_type=\"widget\" data-widget_type=\"button.default\">\n\t\t\t\t<div class=\"elementor-widget-container\">\n\t\t\t\t\t\t\t<div class=\"elementor-button-wrapper\">\n\t\t\t\t\t<a class=\"elementor-button elementor-button-link elementor-size-sm\" href=\"https:\/\/www.akcanada.com\/canadian-immigration-business-class-start-up-visa\/\" id=\"bsuv-top-right-bse-page\">\n\t\t\t\t\t\t<span class=\"elementor-button-content-wrapper\">\n\t\t\t\t\t\t\t\t\t<span class=\"elementor-button-text\">Visa de cr\u00e9ation d'entreprise<\/span>\n\t\t\t\t\t<\/span>\n\t\t\t\t\t<\/a>\n\t\t\t\t<\/div>\n\t\t\t\t\t\t<\/div>\n\t\t\t\t<\/div>\n\t\t\t\t<div class=\"elementor-element elementor-element-47f14eb elementor-widget elementor-widget-heading\" data-id=\"47f14eb\" data-element_type=\"widget\" data-widget_type=\"heading.default\">\n\t\t\t\t<div class=\"elementor-widget-container\">\n\t\t\t<h2 class=\"elementor-heading-title elementor-size-default\">Statut temporaire au Canada :<\/h2>\t\t<\/div>\n\t\t\t\t<\/div>\n\t\t\t\t<div class=\"elementor-element elementor-element-2181327 elementor-widget elementor-widget-text-editor\" data-id=\"2181327\" data-element_type=\"widget\" data-widget_type=\"text-editor.default\">\n\t\t\t\t<div class=\"elementor-widget-container\">\n\t\t\t\t\t\t\t<p>Si vous souhaitez venir au Canada de fa\u00e7on temporaire, vous pouvez venir en tant que visiteur, \u00e9tudiant ou travailleur, \u00e0 condition, bien s\u00fbr, que vous r\u00e9pondiez aux crit\u00e8res d\u2019admissibilit\u00e9.<\/p>\n\t\t\t\t\t\t<\/div>\n\t\t\t\t<\/div>\n\t\t\t\t<div class=\"elementor-element elementor-element-3caabdd elementor-align-justify elementor-widget elementor-widget-button\" data-id=\"3caabdd\" data-element_type=\"widget\" data-widget_type=\"button.default\">\n\t\t\t\t<div class=\"elementor-widget-container\">\n\t\t\t\t\t\t\t<div class=\"elementor-button-wrapper\">\n\t\t\t\t\t<a class=\"elementor-button elementor-button-link elementor-size-sm\" href=\"https:\/\/www.akcanada.com\/fr\/permis-detudes-canadiens\/\">\n\t\t\t\t\t\t<span class=\"elementor-button-content-wrapper\">\n\t\t\t\t\t\t\t\t\t<span class=\"elementor-button-text\">Permis d'\u00e9tudes<\/span>\n\t\t\t\t\t<\/span>\n\t\t\t\t\t<\/a>\n\t\t\t\t<\/div>\n\t\t\t\t\t\t<\/div>\n\t\t\t\t<\/div>\n\t\t\t\t<div class=\"elementor-element elementor-element-f321084 elementor-align-justify elementor-widget elementor-widget-button\" data-id=\"f321084\" data-element_type=\"widget\" data-widget_type=\"button.default\">\n\t\t\t\t<div class=\"elementor-widget-container\">\n\t\t\t\t\t\t\t<div class=\"elementor-button-wrapper\">\n\t\t\t\t\t<a class=\"elementor-button elementor-button-link elementor-size-sm\" href=\"https:\/\/www.akcanada.com\/canadian-temporary-resident-visitor-visas\/\">\n\t\t\t\t\t\t<span class=\"elementor-button-content-wrapper\">\n\t\t\t\t\t\t\t\t\t<span class=\"elementor-button-text\">Visas de r\u00e9sident temporaire (visiteur)<\/span>\n\t\t\t\t\t<\/span>\n\t\t\t\t\t<\/a>\n\t\t\t\t<\/div>\n\t\t\t\t\t\t<\/div>\n\t\t\t\t<\/div>\n\t\t\t\t<div class=\"elementor-element elementor-element-d17ca0e elementor-align-justify elementor-widget elementor-widget-button\" data-id=\"d17ca0e\" data-element_type=\"widget\" data-widget_type=\"button.default\">\n\t\t\t\t<div class=\"elementor-widget-container\">\n\t\t\t\t\t\t\t<div class=\"elementor-button-wrapper\">\n\t\t\t\t\t<a class=\"elementor-button elementor-button-link elementor-size-sm\" href=\"https:\/\/www.akcanada.com\/fr\/permis-de-travail-canadiens\/\">\n\t\t\t\t\t\t<span class=\"elementor-button-content-wrapper\">\n\t\t\t\t\t\t\t\t\t<span class=\"elementor-button-text\">Permis de travail<\/span>\n\t\t\t\t\t<\/span>\n\t\t\t\t\t<\/a>\n\t\t\t\t<\/div>\n\t\t\t\t\t\t<\/div>\n\t\t\t\t<\/div>\n\t\t\t\t<\/div>\n\t\t\t\t\t<\/div>\n\t\t\t\t<\/div>\n\t\t<div class=\"elementor-element elementor-element-7663eb77 e-flex e-con-boxed e-con e-parent\" data-id=\"7663eb77\" data-element_type=\"container\">\n\t\t\t\t\t<div class=\"e-con-inner\">\n\t\t\t\t<div class=\"elementor-element elementor-element-23a31f09 elementor-widget elementor-widget-spacer\" data-id=\"23a31f09\" data-element_type=\"widget\" data-widget_type=\"spacer.default\">\n\t\t\t\t<div class=\"elementor-widget-container\">\n\t\t\t\t\t<div class=\"elementor-spacer\">\n\t\t\t<div class=\"elementor-spacer-inner\"><\/div>\n\t\t<\/div>\n\t\t\t\t<\/div>\n\t\t\t\t<\/div>\n\t\t\t\t\t<\/div>\n\t\t\t\t<\/div>\n\t\t\t\t<\/div>\n\t\t","protected":false},"excerpt":{"rendered":"<p>Immigrer au Canada : Travailleur ind\u00e9pendant (classe affaires) Immigration au Canada : cat\u00e9gorie des gens d&#8217;affaires (travailleurs autonomes) L&#8217;immigration de cat\u00e9gorie affaires permet aux travailleurs ind\u00e9pendants qui ont l&#8217;intention et la capacit\u00e9 de cr\u00e9er leur propre emploi et d&#8217;apporter une contribution significative \u00e0 la vie culturelle, artistique ou sportive du Canada d&#8217;immigrer au Canada. Les [&hellip;]<\/p>\n","protected":false},"author":1,"featured_media":0,"parent":0,"menu_order":0,"comment_status":"closed","ping_status":"closed","template":"","meta":{"footnotes":""},"class_list":["post-3522","page","type-page","status-publish","hentry"],"_links":{"self":[{"href":"https:\/\/www.akcanada.com\/fr\/wp-json\/wp\/v2\/pages\/3522"}],"collection":[{"href":"https:\/\/www.akcanada.com\/fr\/wp-json\/wp\/v2\/pages"}],"about":[{"href":"https:\/\/www.akcanada.com\/fr\/wp-json\/wp\/v2\/types\/page"}],"author":[{"embeddable":true,"href":"https:\/\/www.akcanada.com\/fr\/wp-json\/wp\/v2\/users\/1"}],"replies":[{"embeddable":true,"href":"https:\/\/www.akcanada.com\/fr\/wp-json\/wp\/v2\/comments?post=3522"}],"version-history":[{"count":2,"href":"https:\/\/www.akcanada.com\/fr\/wp-json\/wp\/v2\/pages\/3522\/revisions"}],"predecessor-version":[{"id":3525,"href":"https:\/\/www.akcanada.com\/fr\/wp-json\/wp\/v2\/pages\/3522\/revisions\/3525"}],"wp:attachment":[{"href":"https:\/\/www.akcanada.com\/fr\/wp-json\/wp\/v2\/media?parent=3522"}],"curies":[{"name":"wp","href":"https:\/\/api.w.org\/{rel}","templated":true}]}}