{"id":3520,"date":"2023-12-05T20:51:15","date_gmt":"2023-12-05T20:51:15","guid":{"rendered":"https:\/\/www.akcanada.com\/processus-dimmigration-au-canada\/"},"modified":"2026-01-05T15:52:34","modified_gmt":"2026-01-05T15:52:34","slug":"processus-dimmigration-au-canada","status":"publish","type":"page","link":"https:\/\/www.akcanada.com\/fr\/processus-dimmigration-au-canada\/","title":{"rendered":"Processus d&#8217;immigration au Canada"},"content":{"rendered":"\t\t<div data-elementor-type=\"wp-page\" data-elementor-id=\"3520\" class=\"elementor elementor-3520 elementor-1841\">\n\t\t\t\t<div class=\"elementor-element elementor-element-32ee866d all-breadcrumbs e-flex e-con-boxed e-con e-parent\" data-id=\"32ee866d\" data-element_type=\"container\">\n\t\t\t\t\t<div class=\"e-con-inner\">\n\t\t\t\t<div class=\"elementor-element elementor-element-4ff521cd elementor-widget elementor-widget-shortcode\" data-id=\"4ff521cd\" data-element_type=\"widget\" data-widget_type=\"shortcode.default\">\n\t\t\t\t<div class=\"elementor-widget-container\">\n\t\t\t\t\t<div class=\"elementor-shortcode\"><nav aria-label=\"breadcrumbs\" class=\"rank-math-breadcrumb\"><p><span class=\"last\">Home<\/span><\/p><\/nav><\/div>\n\t\t\t\t<\/div>\n\t\t\t\t<\/div>\n\t\t\t\t\t<\/div>\n\t\t\t\t<\/div>\n\t\t<div class=\"elementor-element elementor-element-13a5525e e-flex e-con-boxed e-con e-parent\" data-id=\"13a5525e\" data-element_type=\"container\">\n\t\t\t\t\t<div class=\"e-con-inner\">\n\t\t\t\t<div class=\"elementor-element elementor-element-43a2dd2d elementor-widget elementor-widget-heading\" data-id=\"43a2dd2d\" data-element_type=\"widget\" data-widget_type=\"heading.default\">\n\t\t\t\t<div class=\"elementor-widget-container\">\n\t\t\t<h1 class=\"elementor-heading-title elementor-size-default\">Comment immigrer au Canada :<br> \u00c9tapes cl\u00e9s de l\u2019immigration canadienne<br> Processus<\/h1>\t\t<\/div>\n\t\t\t\t<\/div>\n\t\t\t\t<div class=\"elementor-element elementor-element-1b5c96dd elementor-widget-divider--view-line elementor-widget elementor-widget-divider\" data-id=\"1b5c96dd\" data-element_type=\"widget\" data-widget_type=\"divider.default\">\n\t\t\t\t<div class=\"elementor-widget-container\">\n\t\t\t\t\t<div class=\"elementor-divider\">\n\t\t\t<span class=\"elementor-divider-separator\">\n\t\t\t\t\t\t<\/span>\n\t\t<\/div>\n\t\t\t\t<\/div>\n\t\t\t\t<\/div>\n\t\t\t\t\t<\/div>\n\t\t\t\t<\/div>\n\t\t<div class=\"elementor-element elementor-element-5a114b01 e-flex e-con-boxed e-con e-parent\" data-id=\"5a114b01\" data-element_type=\"container\">\n\t\t\t\t\t<div class=\"e-con-inner\">\n\t\t\t\t<div class=\"elementor-element elementor-element-17a9946b elementor-widget elementor-widget-text-editor\" data-id=\"17a9946b\" data-element_type=\"widget\" data-widget_type=\"text-editor.default\">\n\t\t\t\t<div class=\"elementor-widget-container\">\n\t\t\t\t\t\t\t<p>Lorsqu&#8217;un demandeur d&#8217;immigration au Canada devient client d&#8217;Abrams &amp; Krochak, la toute premi\u00e8re chose qu&#8217;il recevra du cabinet est le dossier pr\u00e9liminaire d&#8217;immigration au Canada du cabinet, qui contient tous les formulaires, listes de contr\u00f4le des documents, instructions et informations n\u00e9cessaires pour permettre au client de commencer le processus de demande d&#8217;immigration au Canada avec l&#8217;aide d&#8217;Abrams &amp; Krochak. Vous trouverez ci-dessous les \u00e9tapes suivantes que les clients doivent suivre pour assurer un processus de demande d&#8217;immigration au Canada fluide et r\u00e9ussi. <\/p>\n\t\t\t\t\t\t<\/div>\n\t\t\t\t<\/div>\n\t\t\t\t\t<\/div>\n\t\t\t\t<\/div>\n\t\t<div class=\"elementor-element elementor-element-47b6ce63 e-flex e-con-boxed e-con e-parent\" data-id=\"47b6ce63\" data-element_type=\"container\" data-settings=\"{&quot;background_background&quot;:&quot;classic&quot;}\">\n\t\t\t\t\t<div class=\"e-con-inner\">\n\t\t\t\t<div class=\"elementor-element elementor-element-580e1c0d elementor-widget elementor-widget-heading\" data-id=\"580e1c0d\" data-element_type=\"widget\" data-widget_type=\"heading.default\">\n\t\t\t\t<div class=\"elementor-widget-container\">\n\t\t\t<h2 class=\"elementor-heading-title elementor-size-default\">1<\/h2>\t\t<\/div>\n\t\t\t\t<\/div>\n\t\t\t\t<div class=\"elementor-element elementor-element-618917c3 key-steps elementor-widget elementor-widget-text-editor\" data-id=\"618917c3\" data-element_type=\"widget\" data-widget_type=\"text-editor.default\">\n\t\t\t\t<div class=\"elementor-widget-container\">\n\t\t\t\t\t\t\t<h3>Introduction<\/h3>\n<p>Le client lit attentivement le dossier pr\u00e9liminaire d\u2019immigration au Canada et suit les instructions qui y sont contenues.<\/p>\n\t\t\t\t\t\t<\/div>\n\t\t\t\t<\/div>\n\t\t\t\t\t<\/div>\n\t\t\t\t<\/div>\n\t\t<div class=\"elementor-element elementor-element-4cc38ea e-flex e-con-boxed e-con e-parent\" data-id=\"4cc38ea\" data-element_type=\"container\" data-settings=\"{&quot;background_background&quot;:&quot;classic&quot;}\">\n\t\t\t\t\t<div class=\"e-con-inner\">\n\t\t\t\t<div class=\"elementor-element elementor-element-b86e51c elementor-widget elementor-widget-heading\" data-id=\"b86e51c\" data-element_type=\"widget\" data-widget_type=\"heading.default\">\n\t\t\t\t<div class=\"elementor-widget-container\">\n\t\t\t<h2 class=\"elementor-heading-title elementor-size-default\">2<\/h2>\t\t<\/div>\n\t\t\t\t<\/div>\n\t\t\t\t<div class=\"elementor-element elementor-element-5b41490f key-steps elementor-widget elementor-widget-text-editor\" data-id=\"5b41490f\" data-element_type=\"widget\" data-widget_type=\"text-editor.default\">\n\t\t\t\t<div class=\"elementor-widget-container\">\n\t\t\t\t\t\t\t<h3>Formulaires de demande<\/h3>\n<p>Le client remplit les formulaires de demande du gouvernement du Canada tels que transmis avec le dossier pr\u00e9liminaire d&#8217;Abrams &amp; Krochak.<\/p>\n\t\t\t\t\t\t<\/div>\n\t\t\t\t<\/div>\n\t\t\t\t\t<\/div>\n\t\t\t\t<\/div>\n\t\t<div class=\"elementor-element elementor-element-63d4bf63 e-flex e-con-boxed e-con e-parent\" data-id=\"63d4bf63\" data-element_type=\"container\" data-settings=\"{&quot;background_background&quot;:&quot;classic&quot;}\">\n\t\t\t\t\t<div class=\"e-con-inner\">\n\t\t\t\t<div class=\"elementor-element elementor-element-6199539c elementor-widget elementor-widget-heading\" data-id=\"6199539c\" data-element_type=\"widget\" data-widget_type=\"heading.default\">\n\t\t\t\t<div class=\"elementor-widget-container\">\n\t\t\t<h2 class=\"elementor-heading-title elementor-size-default\">3<\/h2>\t\t<\/div>\n\t\t\t\t<\/div>\n\t\t\t\t<div class=\"elementor-element elementor-element-44d27429 key-steps elementor-widget elementor-widget-text-editor\" data-id=\"44d27429\" data-element_type=\"widget\" data-widget_type=\"text-editor.default\">\n\t\t\t\t<div class=\"elementor-widget-container\">\n\t\t\t\t\t\t\t<div class=\"col-xs-10 col-md-11\">\n<div class=\"col-xs-10 col-md-11\">\n<h3>Formulaires de demande complets<\/h3>\n<p>Le client envoie ses formulaires de demande d&#8217;immigration au Canada compl\u00e9t\u00e9s \u00e0 Abrams &amp; Krochak pour examen. Le client ne doit pas envoyer d&#8217;autres documents pour le moment, \u00e0 l&#8217;exception des r\u00e9sultats des tests linguistiques et des \u00e9valuations des dipl\u00f4mes d&#8217;\u00e9tudes pour les candidats \u00e0 Entr\u00e9e express, ainsi que des copies de la page de donn\u00e9es biographiques des passeports du ou des demandeurs et du parrain pour les demandes de la cat\u00e9gorie de la famille. <\/p>\n<\/div>\n<\/div>\n\t\t\t\t\t\t<\/div>\n\t\t\t\t<\/div>\n\t\t\t\t\t<\/div>\n\t\t\t\t<\/div>\n\t\t<div class=\"elementor-element elementor-element-3b4008a3 e-flex e-con-boxed e-con e-parent\" data-id=\"3b4008a3\" data-element_type=\"container\" data-settings=\"{&quot;background_background&quot;:&quot;classic&quot;}\">\n\t\t\t\t\t<div class=\"e-con-inner\">\n\t\t\t\t<div class=\"elementor-element elementor-element-4b7ad6a8 elementor-widget elementor-widget-heading\" data-id=\"4b7ad6a8\" data-element_type=\"widget\" data-widget_type=\"heading.default\">\n\t\t\t\t<div class=\"elementor-widget-container\">\n\t\t\t<h2 class=\"elementor-heading-title elementor-size-default\">4<\/h2>\t\t<\/div>\n\t\t\t\t<\/div>\n\t\t\t\t<div class=\"elementor-element elementor-element-495804f6 key-steps elementor-widget elementor-widget-text-editor\" data-id=\"495804f6\" data-element_type=\"widget\" data-widget_type=\"text-editor.default\">\n\t\t\t\t<div class=\"elementor-widget-container\">\n\t\t\t\t\t\t\t<h3>Formulaires de demande g\u00e9n\u00e9r\u00e9s par ordinateur\/Profil en ligne Entr\u00e9e express cr\u00e9\u00e9<\/h3>\n<p>Le cabinet examine les formulaires de demande d&#8217;immigration au Canada du client. Une fois que les formulaires sont confirm\u00e9s comme \u00e9tant complets, dans le cas des demandeurs de la cat\u00e9gorie Affaires et de la cat\u00e9gorie Regroupement familial, le cabinet renvoie par courriel les formulaires de demande r\u00e9vis\u00e9s au client pour approbation. Dans le cas des demandeurs de la cat\u00e9gorie Travailleurs qualifi\u00e9s (f\u00e9d\u00e9ral)\/M\u00e9tiers sp\u00e9cialis\u00e9s (f\u00e9d\u00e9ral)\/Cat\u00e9gorie de l&#8217;exp\u00e9rience canadienne, le cabinet cr\u00e9e le profil en ligne Entr\u00e9e express du demandeur. Dans tous les cas, si des informations ou des pr\u00e9cisions suppl\u00e9mentaires sont requises de la part du client, celui-ci en sera inform\u00e9 par courriel.   <\/p>\n\t\t\t\t\t\t<\/div>\n\t\t\t\t<\/div>\n\t\t\t\t\t<\/div>\n\t\t\t\t<\/div>\n\t\t<div class=\"elementor-element elementor-element-2929092c e-flex e-con-boxed e-con e-parent\" data-id=\"2929092c\" data-element_type=\"container\" data-settings=\"{&quot;background_background&quot;:&quot;classic&quot;}\">\n\t\t\t\t\t<div class=\"e-con-inner\">\n\t\t\t\t<div class=\"elementor-element elementor-element-3eb17da6 elementor-widget elementor-widget-heading\" data-id=\"3eb17da6\" data-element_type=\"widget\" data-widget_type=\"heading.default\">\n\t\t\t\t<div class=\"elementor-widget-container\">\n\t\t\t<h2 class=\"elementor-heading-title elementor-size-default\">5<\/h2>\t\t<\/div>\n\t\t\t\t<\/div>\n\t\t\t\t<div class=\"elementor-element elementor-element-4d3cc02e key-steps elementor-widget elementor-widget-text-editor\" data-id=\"4d3cc02e\" data-element_type=\"widget\" data-widget_type=\"text-editor.default\">\n\t\t\t\t<div class=\"elementor-widget-container\">\n\t\t\t\t\t\t\t<div class=\"col-xs-10 col-md-11\">\n<h3>Envoyez des documents \u00e0 notre bureau<\/h3>  Dans le cas des demandeurs de la classe Affaires et de la classe Regroupement familial, le client envoie tous ses documents au cabinet par courriel. Le client doit \u00e9galement envoyer les frais du gouvernement du Canada \u00e0 Abrams &amp; Krochak \u00e0 ce moment. Il en va de m\u00eame pour les demandeurs d&#8217;Entr\u00e9e express, s&#8217;ils sont invit\u00e9s par Citoyennet\u00e9 et Immigration Canada \u00e0 pr\u00e9senter une demande de r\u00e9sidence permanente au Canada.    <\/div>\t\t\t\t\t\t<\/div>\n\t\t\t\t<\/div>\n\t\t\t\t\t<\/div>\n\t\t\t\t<\/div>\n\t\t<div class=\"elementor-element elementor-element-432b2241 e-flex e-con-boxed e-con e-parent\" data-id=\"432b2241\" data-element_type=\"container\" data-settings=\"{&quot;background_background&quot;:&quot;classic&quot;}\">\n\t\t\t\t\t<div class=\"e-con-inner\">\n\t\t\t\t<div class=\"elementor-element elementor-element-1cb5a024 elementor-widget elementor-widget-heading\" data-id=\"1cb5a024\" data-element_type=\"widget\" data-widget_type=\"heading.default\">\n\t\t\t\t<div class=\"elementor-widget-container\">\n\t\t\t<h2 class=\"elementor-heading-title elementor-size-default\">6<\/h2>\t\t<\/div>\n\t\t\t\t<\/div>\n\t\t\t\t<div class=\"elementor-element elementor-element-5c9668dd key-steps elementor-widget elementor-widget-text-editor\" data-id=\"5c9668dd\" data-element_type=\"widget\" data-widget_type=\"text-editor.default\">\n\t\t\t\t<div class=\"elementor-widget-container\">\n\t\t\t\t\t\t\t<div class=\"col-xs-10 col-md-11\">\n<div class=\"col-xs-10 col-md-11\">\n<h3>Arguments juridiques pr\u00e9par\u00e9s pour les candidats de la classe affaires et d&#8217;autres types de candidatures selon les besoins<\/h3>\n<p>Dans le cas des candidats de la classe affaires et d&#8217;autres candidats selon les besoins, si les documents du client sont acceptables, le cabinet pr\u00e9parera des arguments juridiques \u00e9crits d\u00e9taill\u00e9s pour accompagner le dossier de demande d&#8217;immigration au Canada du client et enverra par courrier \u00e9lectronique les arguments juridiques \u00e9crits au client pour approbation avant de les inclure dans la demande d&#8217;immigration au Canada.<\/p>\n<\/div>\n<\/div>\n\t\t\t\t\t\t<\/div>\n\t\t\t\t<\/div>\n\t\t\t\t\t<\/div>\n\t\t\t\t<\/div>\n\t\t<div class=\"elementor-element elementor-element-552db37a e-flex e-con-boxed e-con e-parent\" data-id=\"552db37a\" data-element_type=\"container\" data-settings=\"{&quot;background_background&quot;:&quot;classic&quot;}\">\n\t\t\t\t\t<div class=\"e-con-inner\">\n\t\t\t\t<div class=\"elementor-element elementor-element-57fe0089 elementor-widget elementor-widget-heading\" data-id=\"57fe0089\" data-element_type=\"widget\" data-widget_type=\"heading.default\">\n\t\t\t\t<div class=\"elementor-widget-container\">\n\t\t\t<h2 class=\"elementor-heading-title elementor-size-default\">7<\/h2>\t\t<\/div>\n\t\t\t\t<\/div>\n\t\t\t\t<div class=\"elementor-element elementor-element-34d46eb6 key-steps elementor-widget elementor-widget-text-editor\" data-id=\"34d46eb6\" data-element_type=\"widget\" data-widget_type=\"text-editor.default\">\n\t\t\t\t<div class=\"elementor-widget-container\">\n\t\t\t\t\t\t\t<div class=\"col-xs-10 col-md-11\">\n<div class=\"col-xs-10 col-md-11\">\n<h3>Envoyez votre demande \u00e0 IRCC<\/h3>\n<p>Dans le cas des demandeurs de la cat\u00e9gorie affaires et de la cat\u00e9gorie famille, lorsque les documents justificatifs ont \u00e9t\u00e9 examin\u00e9s et confirm\u00e9s comme \u00e9tant complets, l&#8217;entreprise remplit les formulaires de demande en ligne, demande les formulaires de demande sign\u00e9s le cas \u00e9ch\u00e9ant et t\u00e9l\u00e9charge les formulaires et documents sign\u00e9s dans le portail de demande de r\u00e9sidence permanente d&#8217;IRCC. Une fois que le client a approuv\u00e9 la demande en ligne et qu&#8217;il a sign\u00e9 la demande, l&#8217;entreprise soumet la demande via le portail en ligne \u00e0 IRCC. <\/p>\n<p>Dans le cas d&#8217;Entr\u00e9e express, une fois compil\u00e9s selon les sp\u00e9cifications d&#8217;IRCC et approuv\u00e9s par le client, les documents sont t\u00e9l\u00e9charg\u00e9s et soumis via le portail du repr\u00e9sentant autoris\u00e9.<\/p>\n<\/div>\n<\/div>\n\t\t\t\t\t\t<\/div>\n\t\t\t\t<\/div>\n\t\t\t\t\t<\/div>\n\t\t\t\t<\/div>\n\t\t<div class=\"elementor-element elementor-element-1ed1dd59 e-flex e-con-boxed e-con e-parent\" data-id=\"1ed1dd59\" data-element_type=\"container\" data-settings=\"{&quot;background_background&quot;:&quot;classic&quot;}\">\n\t\t\t\t\t<div class=\"e-con-inner\">\n\t\t\t\t<div class=\"elementor-element elementor-element-4ed5dacc elementor-widget elementor-widget-heading\" data-id=\"4ed5dacc\" data-element_type=\"widget\" data-widget_type=\"heading.default\">\n\t\t\t\t<div class=\"elementor-widget-container\">\n\t\t\t<h2 class=\"elementor-heading-title elementor-size-default\">8<\/h2>\t\t<\/div>\n\t\t\t\t<\/div>\n\t\t\t\t<div class=\"elementor-element elementor-element-507f1a56 key-steps elementor-widget elementor-widget-text-editor\" data-id=\"507f1a56\" data-element_type=\"widget\" data-widget_type=\"text-editor.default\">\n\t\t\t\t<div class=\"elementor-widget-container\">\n\t\t\t\t\t\t\t<div class=\"col-xs-10 col-md-11\">\n<div class=\"col-xs-10 col-md-11\">\n<h3>Accus\u00e9 de r\u00e9ception et autres demandes d&#8217;action\/documentation<\/h3>\n<p>Le bureau des visas ou le centre de traitement du Canada accusera r\u00e9ception de la demande d&#8217;immigration au Canada. Au cours du traitement de la demande, des mesures suppl\u00e9mentaires seront requises, comme la r\u00e9alisation de donn\u00e9es biom\u00e9triques et l&#8217;examen m\u00e9dical. IRCC demandera \u00e9galement tout certificat de police qui n\u00e9cessite une lettre de demande officielle au cours du traitement de la demande, en fonction des exigences sp\u00e9cifiques du pays. Des documents\/informations suppl\u00e9mentaires peuvent \u00e9galement \u00eatre demand\u00e9s au cours du traitement, \u00e0 la discr\u00e9tion d&#8217;IRCC.   <\/p>\n<\/div>\n<\/div>\n\t\t\t\t\t\t<\/div>\n\t\t\t\t<\/div>\n\t\t\t\t\t<\/div>\n\t\t\t\t<\/div>\n\t\t<div class=\"elementor-element elementor-element-627cf341 e-flex e-con-boxed e-con e-parent\" data-id=\"627cf341\" data-element_type=\"container\" data-settings=\"{&quot;background_background&quot;:&quot;classic&quot;}\">\n\t\t\t\t\t<div class=\"e-con-inner\">\n\t\t\t\t<div class=\"elementor-element elementor-element-6cb66d38 elementor-widget elementor-widget-heading\" data-id=\"6cb66d38\" data-element_type=\"widget\" data-widget_type=\"heading.default\">\n\t\t\t\t<div class=\"elementor-widget-container\">\n\t\t\t<h2 class=\"elementor-heading-title elementor-size-default\">9<\/h2>\t\t<\/div>\n\t\t\t\t<\/div>\n\t\t\t\t<div class=\"elementor-element elementor-element-75b61989 key-steps elementor-widget elementor-widget-text-editor\" data-id=\"75b61989\" data-element_type=\"widget\" data-widget_type=\"text-editor.default\">\n\t\t\t\t<div class=\"elementor-widget-container\">\n\t\t\t\t\t\t\t<h3>Date de l&#8217;entretien<\/h3>\n<p>Si une entrevue est requise, le bureau des visas du Canada ou le centre de traitement informera Abrams &amp; Krochak de la date de l&#8217;entrevue du client. Des documents suppl\u00e9mentaires peuvent \u00e9galement \u00eatre demand\u00e9s \u00e0 ce moment-l\u00e0. <\/p>\n\t\t\t\t\t\t<\/div>\n\t\t\t\t<\/div>\n\t\t\t\t\t<\/div>\n\t\t\t\t<\/div>\n\t\t<div class=\"elementor-element elementor-element-53e4a600 e-flex e-con-boxed e-con e-parent\" data-id=\"53e4a600\" data-element_type=\"container\" data-settings=\"{&quot;background_background&quot;:&quot;classic&quot;}\">\n\t\t\t\t\t<div class=\"e-con-inner\">\n\t\t\t\t<div class=\"elementor-element elementor-element-1560a3d1 elementor-widget elementor-widget-heading\" data-id=\"1560a3d1\" data-element_type=\"widget\" data-widget_type=\"heading.default\">\n\t\t\t\t<div class=\"elementor-widget-container\">\n\t\t\t<h2 class=\"elementor-heading-title elementor-size-default\">10<\/h2>\t\t<\/div>\n\t\t\t\t<\/div>\n\t\t\t\t<div class=\"elementor-element elementor-element-6155687c key-steps elementor-widget elementor-widget-text-editor\" data-id=\"6155687c\" data-element_type=\"widget\" data-widget_type=\"text-editor.default\">\n\t\t\t\t<div class=\"elementor-widget-container\">\n\t\t\t\t\t\t\t<div class=\"col-xs-10 col-md-11\">\n<div class=\"col-xs-10 col-md-11\">\n<h3>Pr\u00e9paration \u00e0 l&#8217;entretien<\/h3>\n<p>Si une entrevue est requise, le dossier de pr\u00e9paration \u00e0 l&#8217;entrevue d&#8217;Abrams &amp; Krochak est envoy\u00e9 au client par courrier \u00e9lectronique, comprenant des exemples de questions d&#8217;entrevue. Veuillez noter que la majorit\u00e9 de nos clients ne sont pas tenus de passer une entrevue. <\/p>\n<\/div>\n<\/div>\n\t\t\t\t\t\t<\/div>\n\t\t\t\t<\/div>\n\t\t\t\t\t<\/div>\n\t\t\t\t<\/div>\n\t\t<div class=\"elementor-element elementor-element-5a9cfeff e-flex e-con-boxed e-con e-parent\" data-id=\"5a9cfeff\" data-element_type=\"container\" data-settings=\"{&quot;background_background&quot;:&quot;classic&quot;}\">\n\t\t\t\t\t<div class=\"e-con-inner\">\n\t\t\t\t<div class=\"elementor-element elementor-element-121e1f8f elementor-widget elementor-widget-heading\" data-id=\"121e1f8f\" data-element_type=\"widget\" data-widget_type=\"heading.default\">\n\t\t\t\t<div class=\"elementor-widget-container\">\n\t\t\t<h2 class=\"elementor-heading-title elementor-size-default\">11<\/h2>\t\t<\/div>\n\t\t\t\t<\/div>\n\t\t\t\t<div class=\"elementor-element elementor-element-7c7ec580 key-steps elementor-widget elementor-widget-text-editor\" data-id=\"7c7ec580\" data-element_type=\"widget\" data-widget_type=\"text-editor.default\">\n\t\t\t\t<div class=\"elementor-widget-container\">\n\t\t\t\t\t\t\t<div class=\"col-xs-10 col-md-11\">\n<div class=\"col-xs-10 col-md-11\">\n<h3>Analyse des r\u00e9ponses \u00e0 l&#8217;entretien<\/h3>\n<p>Si une entrevue est requise, le client soumet ses r\u00e9ponses aux exemples de questions d&#8217;entrevue d&#8217;Abrams &amp; Krochak au cabinet pour examen et analyse.<\/p>\n<\/div>\n<\/div>\n\t\t\t\t\t\t<\/div>\n\t\t\t\t<\/div>\n\t\t\t\t\t<\/div>\n\t\t\t\t<\/div>\n\t\t<div class=\"elementor-element elementor-element-47db0207 e-flex e-con-boxed e-con e-parent\" data-id=\"47db0207\" data-element_type=\"container\" data-settings=\"{&quot;background_background&quot;:&quot;classic&quot;}\">\n\t\t\t\t\t<div class=\"e-con-inner\">\n\t\t\t\t<div class=\"elementor-element elementor-element-2bbce379 elementor-widget elementor-widget-heading\" data-id=\"2bbce379\" data-element_type=\"widget\" data-widget_type=\"heading.default\">\n\t\t\t\t<div class=\"elementor-widget-container\">\n\t\t\t<h2 class=\"elementor-heading-title elementor-size-default\">12<\/h2>\t\t<\/div>\n\t\t\t\t<\/div>\n\t\t\t\t<div class=\"elementor-element elementor-element-7c4c8c34 key-steps elementor-widget elementor-widget-text-editor\" data-id=\"7c4c8c34\" data-element_type=\"widget\" data-widget_type=\"text-editor.default\">\n\t\t\t\t<div class=\"elementor-widget-container\">\n\t\t\t\t\t\t\t<h3>Entretien<\/h3>\n<p>Si une entrevue est requise, le client se pr\u00e9sente \u00e0 l\u2019entrevue au bureau des visas canadien.<\/p>\n\t\t\t\t\t\t<\/div>\n\t\t\t\t<\/div>\n\t\t\t\t\t<\/div>\n\t\t\t\t<\/div>\n\t\t<div class=\"elementor-element elementor-element-9dbc3b6 e-flex e-con-boxed e-con e-parent\" data-id=\"9dbc3b6\" data-element_type=\"container\" data-settings=\"{&quot;background_background&quot;:&quot;classic&quot;}\">\n\t\t\t\t\t<div class=\"e-con-inner\">\n\t\t\t\t<div class=\"elementor-element elementor-element-79f9f941 elementor-widget elementor-widget-heading\" data-id=\"79f9f941\" data-element_type=\"widget\" data-widget_type=\"heading.default\">\n\t\t\t\t<div class=\"elementor-widget-container\">\n\t\t\t<h2 class=\"elementor-heading-title elementor-size-default\">13<\/h2>\t\t<\/div>\n\t\t\t\t<\/div>\n\t\t\t\t<div class=\"elementor-element elementor-element-82435ae key-steps elementor-widget elementor-widget-text-editor\" data-id=\"82435ae\" data-element_type=\"widget\" data-widget_type=\"text-editor.default\">\n\t\t\t\t<div class=\"elementor-widget-container\">\n\t\t\t\t\t\t\t<h3>D\u00e9cision<\/h3>\n<p>La d\u00e9cision est prise par le bureau des visas ou le centre de traitement canadien. Si la d\u00e9cision est positive, les frais de r\u00e9sidence permanente du gouvernement du Canada doivent \u00eatre pay\u00e9s (s&#8217;ils n&#8217;ont pas \u00e9t\u00e9 pay\u00e9s au moment du d\u00e9p\u00f4t de la demande) et le client sera invit\u00e9 \u00e0 transmettre son passeport au bureau des visas canadien pour l&#8217;insertion du visa d&#8217;immigrant. <\/p>\n\t\t\t\t\t\t<\/div>\n\t\t\t\t<\/div>\n\t\t\t\t\t<\/div>\n\t\t\t\t<\/div>\n\t\t<div class=\"elementor-element elementor-element-a12e782 e-flex e-con-boxed e-con e-parent\" data-id=\"a12e782\" data-element_type=\"container\" data-settings=\"{&quot;background_background&quot;:&quot;classic&quot;}\">\n\t\t\t\t\t<div class=\"e-con-inner\">\n\t\t\t\t<div class=\"elementor-element elementor-element-4343b491 elementor-widget elementor-widget-heading\" data-id=\"4343b491\" data-element_type=\"widget\" data-widget_type=\"heading.default\">\n\t\t\t\t<div class=\"elementor-widget-container\">\n\t\t\t<h2 class=\"elementor-heading-title elementor-size-default\">14<\/h2>\t\t<\/div>\n\t\t\t\t<\/div>\n\t\t\t\t<div class=\"elementor-element elementor-element-2a4ec80b key-steps elementor-widget elementor-widget-text-editor\" data-id=\"2a4ec80b\" data-element_type=\"widget\" data-widget_type=\"text-editor.default\">\n\t\t\t\t<div class=\"elementor-widget-container\">\n\t\t\t\t\t\t\t<div class=\"col-xs-10 col-md-11\"><div class=\"col-xs-10 col-md-11\"><h3>Ach\u00e8vement<\/h3><p>Si la d\u00e9cision est positive, le passeport est retourn\u00e9 au client avec le visa d&#8217;immigrant appos\u00e9 dessus et la confirmation de r\u00e9sidence permanente. Pour les demandeurs provenant d&#8217;un pays n&#8217;exigeant pas de visa pour se rendre au Canada, la confirmation de r\u00e9sidence permanente sera envoy\u00e9e au client. Le visa d&#8217;immigrant et la confirmation de r\u00e9sidence permanente porteront une date d&#8217;expiration et le client devra arriver au Canada avant la date d&#8217;expiration pour obtenir le droit d&#8217;\u00e9tablissement. F\u00e9licitations ! S&#8217;il arrive \u00e0 Toronto , le client est invit\u00e9 \u00e0 se rendre <a href=\"https:\/\/www.akcanada.com\/contact.php\" target=\"_blank\" rel=\"noopener\">au bureau d&#8217;Abrams &amp; Krochak<\/a> pour recevoir des conseils gratuits sur son installation.<\/p><\/div><\/div>\t\t\t\t\t\t<\/div>\n\t\t\t\t<\/div>\n\t\t\t\t\t<\/div>\n\t\t\t\t<\/div>\n\t\t\t\t<\/div>\n\t\t","protected":false},"excerpt":{"rendered":"<p>Comment immigrer au Canada : \u00c9tapes cl\u00e9s de l\u2019immigration canadienne Processus Lorsqu&#8217;un demandeur d&#8217;immigration au Canada devient client d&#8217;Abrams &amp; Krochak, la toute premi\u00e8re chose qu&#8217;il recevra du cabinet est le dossier pr\u00e9liminaire d&#8217;immigration au Canada du cabinet, qui contient tous les formulaires, listes de contr\u00f4le des documents, instructions et informations n\u00e9cessaires pour permettre au [&hellip;]<\/p>\n","protected":false},"author":1,"featured_media":0,"parent":0,"menu_order":0,"comment_status":"closed","ping_status":"closed","template":"","meta":{"footnotes":""},"class_list":["post-3520","page","type-page","status-publish","hentry"],"_links":{"self":[{"href":"https:\/\/www.akcanada.com\/fr\/wp-json\/wp\/v2\/pages\/3520"}],"collection":[{"href":"https:\/\/www.akcanada.com\/fr\/wp-json\/wp\/v2\/pages"}],"about":[{"href":"https:\/\/www.akcanada.com\/fr\/wp-json\/wp\/v2\/types\/page"}],"author":[{"embeddable":true,"href":"https:\/\/www.akcanada.com\/fr\/wp-json\/wp\/v2\/users\/1"}],"replies":[{"embeddable":true,"href":"https:\/\/www.akcanada.com\/fr\/wp-json\/wp\/v2\/comments?post=3520"}],"version-history":[{"count":4,"href":"https:\/\/www.akcanada.com\/fr\/wp-json\/wp\/v2\/pages\/3520\/revisions"}],"predecessor-version":[{"id":4030,"href":"https:\/\/www.akcanada.com\/fr\/wp-json\/wp\/v2\/pages\/3520\/revisions\/4030"}],"wp:attachment":[{"href":"https:\/\/www.akcanada.com\/fr\/wp-json\/wp\/v2\/media?parent=3520"}],"curies":[{"name":"wp","href":"https:\/\/api.w.org\/{rel}","templated":true}]}}