{"id":3514,"date":"2023-12-05T19:50:45","date_gmt":"2023-12-05T19:50:45","guid":{"rendered":"https:\/\/www.akcanada.com\/immigration-canadienne-programme-des-candidats-des-provinces\/"},"modified":"2025-01-20T15:23:03","modified_gmt":"2025-01-20T15:23:03","slug":"immigration-canadienne-programme-des-candidats-des-provinces","status":"publish","type":"page","link":"https:\/\/www.akcanada.com\/fr\/immigration-canadienne-programme-des-candidats-des-provinces\/","title":{"rendered":"Immigration canadienne \u2013 Programme des candidats des provinces"},"content":{"rendered":"\t\t<div data-elementor-type=\"wp-page\" data-elementor-id=\"3514\" class=\"elementor elementor-3514 elementor-1765\">\n\t\t\t\t<div class=\"elementor-element elementor-element-7fddb509 e-flex e-con-boxed e-con e-parent\" data-id=\"7fddb509\" data-element_type=\"container\">\n\t\t\t\t\t<div class=\"e-con-inner\">\n\t\t\t\t<div class=\"elementor-element elementor-element-b9bec4c elementor-widget elementor-widget-heading\" data-id=\"b9bec4c\" data-element_type=\"widget\" data-widget_type=\"heading.default\">\n\t\t\t\t<div class=\"elementor-widget-container\">\n\t\t\t<h1 class=\"elementor-heading-title elementor-size-default\">Immigrer au Canada :<br> Programme des candidats des provinces<\/h1>\t\t<\/div>\n\t\t\t\t<\/div>\n\t\t\t\t<div class=\"elementor-element elementor-element-7cda52ef elementor-widget-divider--view-line elementor-widget elementor-widget-divider\" data-id=\"7cda52ef\" data-element_type=\"widget\" data-widget_type=\"divider.default\">\n\t\t\t\t<div class=\"elementor-widget-container\">\n\t\t\t\t\t<div class=\"elementor-divider\">\n\t\t\t<span class=\"elementor-divider-separator\">\n\t\t\t\t\t\t<\/span>\n\t\t<\/div>\n\t\t\t\t<\/div>\n\t\t\t\t<\/div>\n\t\t\t\t\t<\/div>\n\t\t\t\t<\/div>\n\t\t<div class=\"elementor-element elementor-element-5e9e0117 e-flex e-con-boxed e-con e-parent\" data-id=\"5e9e0117\" data-element_type=\"container\">\n\t\t\t\t\t<div class=\"e-con-inner\">\n\t\t<div class=\"elementor-element elementor-element-7c7f51f1 e-con-full e-flex e-con e-child\" data-id=\"7c7f51f1\" data-element_type=\"container\">\n\t\t\t\t<div class=\"elementor-element elementor-element-58bb7aec elementor-widget elementor-widget-heading\" data-id=\"58bb7aec\" data-element_type=\"widget\" data-widget_type=\"heading.default\">\n\t\t\t\t<div class=\"elementor-widget-container\">\n\t\t\t<h2 class=\"elementor-heading-title elementor-size-default\">Comment obtenir un visa canadien \u2013 Programme des candidats des provinces<\/h2>\t\t<\/div>\n\t\t\t\t<\/div>\n\t\t\t\t<div class=\"elementor-element elementor-element-57b694d1 elementor-widget elementor-widget-text-editor\" data-id=\"57b694d1\" data-element_type=\"widget\" data-widget_type=\"text-editor.default\">\n\t\t\t\t<div class=\"elementor-widget-container\">\n\t\t\t\t\t\t\t<p>Les personnes qui immigrent au Canada dans le cadre du Programme des candidats des provinces poss\u00e8dent les comp\u00e9tences, l\u2019\u00e9ducation et l\u2019exp\u00e9rience de travail n\u00e9cessaires pour apporter une contribution \u00e9conomique imm\u00e9diate \u00e0 la province ou au territoire qui les d\u00e9signe. Elles sont pr\u00eates \u00e0 s\u2019\u00e9tablir avec succ\u00e8s en tant que r\u00e9sidents permanents au Canada. <\/p>\n<p>Pour pr\u00e9senter une demande dans le cadre du Programme des candidats des provinces, les candidats doivent \u00eatre nomm\u00e9s par une province ou un territoire canadien.<\/p>\n<p>La plupart des provinces canadiennes ont conclu une entente avec le gouvernement du Canada qui leur permet de d\u00e9signer des immigrants qui souhaitent s\u2019\u00e9tablir dans cette province. Si vous choisissez d\u2019immigrer au Canada en tant que candidat provincial, vous devez d\u2019abord pr\u00e9senter une demande \u00e0 la province dans laquelle vous souhaitez vous \u00e9tablir et compl\u00e9ter son processus de d\u00e9signation provinciale. La province examinera votre demande en fonction de ses besoins en mati\u00e8re d\u2019immigration et de votre intention r\u00e9elle de vous y \u00e9tablir.  <\/p>\n<p>Voici la liste des provinces et d&#8217;un territoire qui participent actuellement \u00e0 ce programme. \u00c9tant donn\u00e9 que les crit\u00e8res varient d&#8217;une province \u00e0 l&#8217;autre, vous devriez consulter leurs sites Web pour obtenir de plus amples renseignements. <\/p>\n<ul>\n<li><a href=\"http:\/\/www.alberta-canada.com\/pnp\/\" target=\"_blank\" rel=\"noopener\">Alberta<\/a><\/li>\n<li><a href=\"http:\/\/www.gov.mb.ca\/labour\/immigrate\/index.html\" target=\"_blank\" rel=\"noopener\">Manitoba<\/a><\/li>\n<li><a href=\"http:\/\/www.nlpnp.ca\/\" target=\"_blank\" rel=\"noopener\">Terre-Neuve-et-Labrador<\/a><\/li>\n<li><a href=\"http:\/\/www.ontarioimmigration.ca\/english\/pnp.asp\" target=\"_blank\" rel=\"noopener\">Ontario<\/a><\/li>\n<li><a href=\"http:\/\/www.aee.gov.sk.ca\/immigration\/sinp\/default.shtml\" target=\"_blank\" rel=\"noopener\">Saskatchewan<\/a><\/li>\n<li><a href=\"http:\/\/www.ecdev.gov.bc.ca\/ProgramsAndServices\/PNP\/index.htm\" target=\"_blank\" rel=\"noopener\">Colombie-Britannique<\/a><\/li>\n<li><a href=\"http:\/\/www.gnb.ca\/immigration\/index-e.asp\" target=\"_blank\" rel=\"noopener\">Nouveau-Brunswick<\/a><\/li>\n<li><a href=\"http:\/\/www.novascotiaimmigration.com\/\" target=\"_blank\" rel=\"noopener\">Nouvelle-\u00c9cosse<\/a><\/li>\n<li><a href=\"http:\/\/www.gov.pe.ca\/immigration\/index.php3?number=1014385&amp;lang=E\" target=\"_blank\" rel=\"noopener\">\u00cele-du-Prince-\u00c9douard<\/a><\/li>\n<li><a href=\"http:\/\/www.immigration.gov.yk.ca\/ynp_overview.html\" target=\"_blank\" rel=\"noopener\">Yukon<\/a><\/li>\n<\/ul>\n<p>Une fois que vous avez \u00e9t\u00e9 d\u00e9sign\u00e9 par une province ou un territoire, vous devez pr\u00e9senter une demande distincte de r\u00e9sidence permanente \u00e0 Citoyennet\u00e9 et Immigration Canada (CIC). Un agent de CIC \u00e9valuera ensuite votre demande en fonction des r\u00e8glements canadiens en mati\u00e8re d&#8217;immigration. <\/p>\n<p>Vous devrez passer un examen m\u00e9dical et des contr\u00f4les de s\u00e9curit\u00e9 et criminels.<\/p>\n<p>Vous devez \u00e9galement d\u00e9montrer que vous disposez de suffisamment d\u2019argent pour subvenir \u00e0 vos besoins et \u00e0 ceux de vos personnes \u00e0 charge apr\u00e8s votre arriv\u00e9e au Canada.<\/p>\n<p>Les candidats des provinces ne sont pas \u00e9valu\u00e9s selon les six facteurs de s\u00e9lection du Programme des travailleurs qualifi\u00e9s (f\u00e9d\u00e9ral).<\/p>\n<p><strong>Si vous pensez avoir les exigences n\u00e9cessaires pour commencer la demande du Programme des candidats des provinces, vous pouvez <a href=\"https:\/\/www.akcanada.com\/contact.php\">contacter<\/a> Abrams &amp; Krochak pour demander de l&#8217;aide, en indiquant le Programme des candidats des provinces qui vous int\u00e9resse et pourquoi vous pensez \u00eatre admissible. Nous confirmerons ensuite votre admissibilit\u00e9 en fonction des informations que vous avez fournies et, si nous sommes convaincus que vous pouvez proc\u00e9der, nous vous enverrons notre accord et nos instructions de paiement pour obtenir de l&#8217;aide concernant le Programme des candidats des provinces. <\/strong><\/p>\n\t\t\t\t\t\t<\/div>\n\t\t\t\t<\/div>\n\t\t\t\t<div class=\"elementor-element elementor-element-815d6de elementor-align-center elementor-widget elementor-widget-button\" data-id=\"815d6de\" data-element_type=\"widget\" data-widget_type=\"button.default\">\n\t\t\t\t<div class=\"elementor-widget-container\">\n\t\t\t\t\t\t\t<div class=\"elementor-button-wrapper\">\n\t\t\t\t\t<a class=\"elementor-button elementor-button-link elementor-size-sm\" href=\"https:\/\/www.akcanada.com\/contact.php\" id=\"contact-us-button-png\">\n\t\t\t\t\t\t<span class=\"elementor-button-content-wrapper\">\n\t\t\t\t\t\t\t\t\t<span class=\"elementor-button-text\">Contactez-nous aujourd'hui pour immigrer dans le cadre du Programme des candidats des provinces<\/span>\n\t\t\t\t\t<\/span>\n\t\t\t\t\t<\/a>\n\t\t\t\t<\/div>\n\t\t\t\t\t\t<\/div>\n\t\t\t\t<\/div>\n\t\t\t\t<\/div>\n\t\t<div class=\"elementor-element elementor-element-3fbeb6c e-con-full e-flex e-con e-child\" data-id=\"3fbeb6c\" data-element_type=\"container\">\n\t\t\t\t<div class=\"elementor-element elementor-element-308a555 elementor-widget elementor-widget-heading\" data-id=\"308a555\" data-element_type=\"widget\" data-widget_type=\"heading.default\">\n\t\t\t\t<div class=\"elementor-widget-container\">\n\t\t\t<h2 class=\"elementor-heading-title elementor-size-default\">Statut permanent \u2013 Cat\u00e9gories d\u2019immigration au Canada :<\/h2>\t\t<\/div>\n\t\t\t\t<\/div>\n\t\t\t\t<div class=\"elementor-element elementor-element-4a9494a elementor-align-justify elementor-widget elementor-widget-button\" data-id=\"4a9494a\" data-element_type=\"widget\" data-widget_type=\"button.default\">\n\t\t\t\t<div class=\"elementor-widget-container\">\n\t\t\t\t\t\t\t<div class=\"elementor-button-wrapper\">\n\t\t\t\t\t<a class=\"elementor-button elementor-button-link elementor-size-sm\" href=\"https:\/\/www.akcanada.com\/fr\/immigration-canadienne-categorie-des-travailleurs-qualifies-federal\/\" id=\"fsw-top-right-pnp-page\">\n\t\t\t\t\t\t<span class=\"elementor-button-content-wrapper\">\n\t\t\t\t\t\t\t\t\t<span class=\"elementor-button-text\">Cat\u00e9gorie des travailleurs qualifi\u00e9s (f\u00e9d\u00e9ral)<\/span>\n\t\t\t\t\t<\/span>\n\t\t\t\t\t<\/a>\n\t\t\t\t<\/div>\n\t\t\t\t\t\t<\/div>\n\t\t\t\t<\/div>\n\t\t\t\t<div class=\"elementor-element elementor-element-f152864 elementor-align-justify elementor-widget elementor-widget-button\" data-id=\"f152864\" data-element_type=\"widget\" data-widget_type=\"button.default\">\n\t\t\t\t<div class=\"elementor-widget-container\">\n\t\t\t\t\t\t\t<div class=\"elementor-button-wrapper\">\n\t\t\t\t\t<a class=\"elementor-button elementor-button-link elementor-size-sm\" href=\"https:\/\/www.akcanada.com\/canadian-immigration-provincial-nominee-program\/\" id=\"pnp-top-right-pnp-page\">\n\t\t\t\t\t\t<span class=\"elementor-button-content-wrapper\">\n\t\t\t\t\t\t\t\t\t<span class=\"elementor-button-text\">Programme des candidats des provinces<\/span>\n\t\t\t\t\t<\/span>\n\t\t\t\t\t<\/a>\n\t\t\t\t<\/div>\n\t\t\t\t\t\t<\/div>\n\t\t\t\t<\/div>\n\t\t\t\t<div class=\"elementor-element elementor-element-5bfb4aa elementor-align-justify elementor-widget elementor-widget-button\" data-id=\"5bfb4aa\" data-element_type=\"widget\" data-widget_type=\"button.default\">\n\t\t\t\t<div class=\"elementor-widget-container\">\n\t\t\t\t\t\t\t<div class=\"elementor-button-wrapper\">\n\t\t\t\t\t<a class=\"elementor-button elementor-button-link elementor-size-sm\" href=\"https:\/\/www.akcanada.com\/fr\/immigration-canadienne-categorie-de-lexperience-canadienne\/\" id=\"cec-top-right-pnp-page\">\n\t\t\t\t\t\t<span class=\"elementor-button-content-wrapper\">\n\t\t\t\t\t\t\t\t\t<span class=\"elementor-button-text\">Cat\u00e9gorie de l\u2019exp\u00e9rience canadienne<\/span>\n\t\t\t\t\t<\/span>\n\t\t\t\t\t<\/a>\n\t\t\t\t<\/div>\n\t\t\t\t\t\t<\/div>\n\t\t\t\t<\/div>\n\t\t\t\t<div class=\"elementor-element elementor-element-8a55ed7 elementor-align-justify elementor-widget elementor-widget-button\" data-id=\"8a55ed7\" data-element_type=\"widget\" data-widget_type=\"button.default\">\n\t\t\t\t<div class=\"elementor-widget-container\">\n\t\t\t\t\t\t\t<div class=\"elementor-button-wrapper\">\n\t\t\t\t\t<a class=\"elementor-button elementor-button-link elementor-size-sm\" href=\"https:\/\/www.akcanada.com\/fr\/immigration-canadienne-categorie-des-travailleurs-de-metiers-specialises-federal\/\" id=\"fst-top-right-pnp-page\">\n\t\t\t\t\t\t<span class=\"elementor-button-content-wrapper\">\n\t\t\t\t\t\t\t\t\t<span class=\"elementor-button-text\">Cat\u00e9gorie des travailleurs de m\u00e9tiers sp\u00e9cialis\u00e9s f\u00e9d\u00e9raux<\/span>\n\t\t\t\t\t<\/span>\n\t\t\t\t\t<\/a>\n\t\t\t\t<\/div>\n\t\t\t\t\t\t<\/div>\n\t\t\t\t<\/div>\n\t\t\t\t<div class=\"elementor-element elementor-element-d9553bc elementor-align-justify elementor-widget elementor-widget-button\" data-id=\"d9553bc\" data-element_type=\"widget\" data-widget_type=\"button.default\">\n\t\t\t\t<div class=\"elementor-widget-container\">\n\t\t\t\t\t\t\t<div class=\"elementor-button-wrapper\">\n\t\t\t\t\t<a class=\"elementor-button elementor-button-link elementor-size-sm\" href=\"https:\/\/www.akcanada.com\/fr\/immigration-canadienne-categorie-de-la-famille\/\" id=\"fc-top-right-pnp-page\">\n\t\t\t\t\t\t<span class=\"elementor-button-content-wrapper\">\n\t\t\t\t\t\t\t\t\t<span class=\"elementor-button-text\">Classe familiale<\/span>\n\t\t\t\t\t<\/span>\n\t\t\t\t\t<\/a>\n\t\t\t\t<\/div>\n\t\t\t\t\t\t<\/div>\n\t\t\t\t<\/div>\n\t\t\t\t<div class=\"elementor-element elementor-element-913d376 elementor-align-justify elementor-widget elementor-widget-button\" data-id=\"913d376\" data-element_type=\"widget\" data-widget_type=\"button.default\">\n\t\t\t\t<div class=\"elementor-widget-container\">\n\t\t\t\t\t\t\t<div class=\"elementor-button-wrapper\">\n\t\t\t\t\t<a class=\"elementor-button elementor-button-link elementor-size-sm\" href=\"https:\/\/www.akcanada.com\/canadian-immigration-business-class-self-employed\/\" id=\"bse-top-right-pnp-page\">\n\t\t\t\t\t\t<span class=\"elementor-button-content-wrapper\">\n\t\t\t\t\t\t\t\t\t<span class=\"elementor-button-text\">Entreprise Travailleur ind\u00e9pendant<\/span>\n\t\t\t\t\t<\/span>\n\t\t\t\t\t<\/a>\n\t\t\t\t<\/div>\n\t\t\t\t\t\t<\/div>\n\t\t\t\t<\/div>\n\t\t\t\t<div class=\"elementor-element elementor-element-b436d24 elementor-align-justify elementor-widget elementor-widget-button\" data-id=\"b436d24\" data-element_type=\"widget\" data-widget_type=\"button.default\">\n\t\t\t\t<div class=\"elementor-widget-container\">\n\t\t\t\t\t\t\t<div class=\"elementor-button-wrapper\">\n\t\t\t\t\t<a class=\"elementor-button elementor-button-link elementor-size-sm\" href=\"https:\/\/www.akcanada.com\/canadian-immigration-business-class-start-up-visa\/\" id=\"bsuv-top-right-pnp-page\">\n\t\t\t\t\t\t<span class=\"elementor-button-content-wrapper\">\n\t\t\t\t\t\t\t\t\t<span class=\"elementor-button-text\">Visa de cr\u00e9ation d'entreprise<\/span>\n\t\t\t\t\t<\/span>\n\t\t\t\t\t<\/a>\n\t\t\t\t<\/div>\n\t\t\t\t\t\t<\/div>\n\t\t\t\t<\/div>\n\t\t\t\t<div class=\"elementor-element elementor-element-e739b94 elementor-widget elementor-widget-heading\" data-id=\"e739b94\" data-element_type=\"widget\" data-widget_type=\"heading.default\">\n\t\t\t\t<div class=\"elementor-widget-container\">\n\t\t\t<h2 class=\"elementor-heading-title elementor-size-default\">Statut temporaire au Canada :<\/h2>\t\t<\/div>\n\t\t\t\t<\/div>\n\t\t\t\t<div class=\"elementor-element elementor-element-3b6142b elementor-widget elementor-widget-text-editor\" data-id=\"3b6142b\" data-element_type=\"widget\" data-widget_type=\"text-editor.default\">\n\t\t\t\t<div class=\"elementor-widget-container\">\n\t\t\t\t\t\t\t<p>Si vous souhaitez venir au Canada de fa\u00e7on temporaire, vous pouvez venir en tant que visiteur, \u00e9tudiant ou travailleur, \u00e0 condition, bien s\u00fbr, que vous r\u00e9pondiez aux crit\u00e8res d\u2019admissibilit\u00e9.<\/p>\n\t\t\t\t\t\t<\/div>\n\t\t\t\t<\/div>\n\t\t\t\t<div class=\"elementor-element elementor-element-293d146 elementor-align-justify elementor-widget elementor-widget-button\" data-id=\"293d146\" data-element_type=\"widget\" data-widget_type=\"button.default\">\n\t\t\t\t<div class=\"elementor-widget-container\">\n\t\t\t\t\t\t\t<div class=\"elementor-button-wrapper\">\n\t\t\t\t\t<a class=\"elementor-button elementor-button-link elementor-size-sm\" href=\"https:\/\/www.akcanada.com\/canadian-study-permits\/\">\n\t\t\t\t\t\t<span class=\"elementor-button-content-wrapper\">\n\t\t\t\t\t\t\t\t\t<span class=\"elementor-button-text\">Permis d'\u00e9tudes<\/span>\n\t\t\t\t\t<\/span>\n\t\t\t\t\t<\/a>\n\t\t\t\t<\/div>\n\t\t\t\t\t\t<\/div>\n\t\t\t\t<\/div>\n\t\t\t\t<div class=\"elementor-element elementor-element-8bd4290 elementor-align-justify elementor-widget elementor-widget-button\" data-id=\"8bd4290\" data-element_type=\"widget\" data-widget_type=\"button.default\">\n\t\t\t\t<div class=\"elementor-widget-container\">\n\t\t\t\t\t\t\t<div class=\"elementor-button-wrapper\">\n\t\t\t\t\t<a class=\"elementor-button elementor-button-link elementor-size-sm\" href=\"https:\/\/www.akcanada.com\/canadian-temporary-resident-visitor-visas\/\">\n\t\t\t\t\t\t<span class=\"elementor-button-content-wrapper\">\n\t\t\t\t\t\t\t\t\t<span class=\"elementor-button-text\">Visas de r\u00e9sident temporaire (visiteur)<\/span>\n\t\t\t\t\t<\/span>\n\t\t\t\t\t<\/a>\n\t\t\t\t<\/div>\n\t\t\t\t\t\t<\/div>\n\t\t\t\t<\/div>\n\t\t\t\t<div class=\"elementor-element elementor-element-074e18f elementor-align-justify elementor-widget elementor-widget-button\" data-id=\"074e18f\" data-element_type=\"widget\" data-widget_type=\"button.default\">\n\t\t\t\t<div class=\"elementor-widget-container\">\n\t\t\t\t\t\t\t<div class=\"elementor-button-wrapper\">\n\t\t\t\t\t<a class=\"elementor-button elementor-button-link elementor-size-sm\" href=\"https:\/\/www.akcanada.com\/fr\/permis-de-travail-canadiens\/\">\n\t\t\t\t\t\t<span class=\"elementor-button-content-wrapper\">\n\t\t\t\t\t\t\t\t\t<span class=\"elementor-button-text\">Permis de travail<\/span>\n\t\t\t\t\t<\/span>\n\t\t\t\t\t<\/a>\n\t\t\t\t<\/div>\n\t\t\t\t\t\t<\/div>\n\t\t\t\t<\/div>\n\t\t\t\t<\/div>\n\t\t\t\t\t<\/div>\n\t\t\t\t<\/div>\n\t\t<div class=\"elementor-element elementor-element-38fe54d6 e-flex e-con-boxed e-con e-parent\" data-id=\"38fe54d6\" data-element_type=\"container\">\n\t\t\t\t\t<div class=\"e-con-inner\">\n\t\t\t\t<div class=\"elementor-element elementor-element-fac9e93 elementor-widget elementor-widget-spacer\" data-id=\"fac9e93\" data-element_type=\"widget\" data-widget_type=\"spacer.default\">\n\t\t\t\t<div class=\"elementor-widget-container\">\n\t\t\t\t\t<div class=\"elementor-spacer\">\n\t\t\t<div class=\"elementor-spacer-inner\"><\/div>\n\t\t<\/div>\n\t\t\t\t<\/div>\n\t\t\t\t<\/div>\n\t\t\t\t\t<\/div>\n\t\t\t\t<\/div>\n\t\t\t\t<\/div>\n\t\t","protected":false},"excerpt":{"rendered":"<p>Immigrer au Canada : Programme des candidats des provinces Comment obtenir un visa canadien \u2013 Programme des candidats des provinces Les personnes qui immigrent au Canada dans le cadre du Programme des candidats des provinces poss\u00e8dent les comp\u00e9tences, l\u2019\u00e9ducation et l\u2019exp\u00e9rience de travail n\u00e9cessaires pour apporter une contribution \u00e9conomique imm\u00e9diate \u00e0 la province ou au [&hellip;]<\/p>\n","protected":false},"author":1,"featured_media":0,"parent":0,"menu_order":0,"comment_status":"closed","ping_status":"closed","template":"","meta":{"footnotes":""},"class_list":["post-3514","page","type-page","status-publish","hentry"],"_links":{"self":[{"href":"https:\/\/www.akcanada.com\/fr\/wp-json\/wp\/v2\/pages\/3514"}],"collection":[{"href":"https:\/\/www.akcanada.com\/fr\/wp-json\/wp\/v2\/pages"}],"about":[{"href":"https:\/\/www.akcanada.com\/fr\/wp-json\/wp\/v2\/types\/page"}],"author":[{"embeddable":true,"href":"https:\/\/www.akcanada.com\/fr\/wp-json\/wp\/v2\/users\/1"}],"replies":[{"embeddable":true,"href":"https:\/\/www.akcanada.com\/fr\/wp-json\/wp\/v2\/comments?post=3514"}],"version-history":[{"count":1,"href":"https:\/\/www.akcanada.com\/fr\/wp-json\/wp\/v2\/pages\/3514\/revisions"}],"predecessor-version":[{"id":3515,"href":"https:\/\/www.akcanada.com\/fr\/wp-json\/wp\/v2\/pages\/3514\/revisions\/3515"}],"wp:attachment":[{"href":"https:\/\/www.akcanada.com\/fr\/wp-json\/wp\/v2\/media?parent=3514"}],"curies":[{"name":"wp","href":"https:\/\/api.w.org\/{rel}","templated":true}]}}