{"id":3512,"date":"2023-12-05T20:32:06","date_gmt":"2023-12-05T20:32:06","guid":{"rendered":"https:\/\/www.akcanada.com\/immigration-canadienne-categorie-de-la-famille\/"},"modified":"2025-01-20T15:20:14","modified_gmt":"2025-01-20T15:20:14","slug":"immigration-canadienne-categorie-de-la-famille","status":"publish","type":"page","link":"https:\/\/www.akcanada.com\/fr\/immigration-canadienne-categorie-de-la-famille\/","title":{"rendered":"Immigration canadienne \u2013 Cat\u00e9gorie de la famille"},"content":{"rendered":"\t\t<div data-elementor-type=\"wp-page\" data-elementor-id=\"3512\" class=\"elementor elementor-3512 elementor-1792\">\n\t\t\t\t<div class=\"elementor-element elementor-element-707c0e20 e-flex e-con-boxed e-con e-parent\" data-id=\"707c0e20\" data-element_type=\"container\">\n\t\t\t\t\t<div class=\"e-con-inner\">\n\t\t\t\t<div class=\"elementor-element elementor-element-38bc66c elementor-widget elementor-widget-heading\" data-id=\"38bc66c\" data-element_type=\"widget\" data-widget_type=\"heading.default\">\n\t\t\t\t<div class=\"elementor-widget-container\">\n\t\t\t<h1 class=\"elementor-heading-title elementor-size-default\">Immigrer au Canada :<br> Classe familiale<\/h1>\t\t<\/div>\n\t\t\t\t<\/div>\n\t\t\t\t<div class=\"elementor-element elementor-element-79407b2c elementor-widget-divider--view-line elementor-widget elementor-widget-divider\" data-id=\"79407b2c\" data-element_type=\"widget\" data-widget_type=\"divider.default\">\n\t\t\t\t<div class=\"elementor-widget-container\">\n\t\t\t\t\t<div class=\"elementor-divider\">\n\t\t\t<span class=\"elementor-divider-separator\">\n\t\t\t\t\t\t<\/span>\n\t\t<\/div>\n\t\t\t\t<\/div>\n\t\t\t\t<\/div>\n\t\t\t\t\t<\/div>\n\t\t\t\t<\/div>\n\t\t<div class=\"elementor-element elementor-element-61d7dd7 e-flex e-con-boxed e-con e-parent\" data-id=\"61d7dd7\" data-element_type=\"container\">\n\t\t\t\t\t<div class=\"e-con-inner\">\n\t\t<div class=\"elementor-element elementor-element-48a3dc70 e-con-full e-flex e-con e-child\" data-id=\"48a3dc70\" data-element_type=\"container\">\n\t\t\t\t<div class=\"elementor-element elementor-element-66be11c8 elementor-widget elementor-widget-heading\" data-id=\"66be11c8\" data-element_type=\"widget\" data-widget_type=\"heading.default\">\n\t\t\t\t<div class=\"elementor-widget-container\">\n\t\t\t<h2 class=\"elementor-heading-title elementor-size-default\">Immigration au Canada : cat\u00e9gorie de la famille<\/h2>\t\t<\/div>\n\t\t\t\t<\/div>\n\t\t\t\t<div class=\"elementor-element elementor-element-72116df0 elementor-widget elementor-widget-text-editor\" data-id=\"72116df0\" data-element_type=\"widget\" data-widget_type=\"text-editor.default\">\n\t\t\t\t<div class=\"elementor-widget-container\">\n\t\t\t\t\t\t\t<p>Les ressortissants \u00e9trangers peuvent \u00eatre s\u00e9lectionn\u00e9s comme membres de la cat\u00e9gorie de la famille en fonction de leur lien avec un citoyen canadien ou un r\u00e9sident permanent. Les citoyens canadiens (y compris, dans certaines circonstances, ceux qui r\u00e9sident \u00e0 l&#8217;\u00e9tranger avec l&#8217;intention de revenir au Canada pour y r\u00e9sider) et les r\u00e9sidents permanents (limit\u00e9s \u00e0 ceux qui r\u00e9sident au Canada uniquement), \u00e2g\u00e9s de dix-huit (18) ans et plus, peuvent parrainer les membres suivants de la cat\u00e9gorie de la famille (sous r\u00e9serve de satisfaire aux crit\u00e8res d&#8217;admissibilit\u00e9) pour l&#8217;immigration au Canada : <\/p>\n<ul>\n<li>leur conjoint<\/li>\n<li>leur conjoint de fait\/partenaire de m\u00eame sexe<\/li>\n<li>leur partenaire conjugal<\/li>\n<li>leurs enfants \u00e0 charge de moins de dix-neuf (19) ans<\/li>\n<li>leurs enfants \u00e0 charge \u00e2g\u00e9s de dix-neuf (19) ans et plus (s&#8217;ils sont handicap\u00e9s mentalement ou physiquement et d\u00e9pendants de leur(s) parent(s))<\/li>\n<li>les enfants adopt\u00e9s ou \u00e0 adopter par eux, ou sous leur tutelle<\/li>\n<li>parents<\/li>\n<li>grands-parents<\/li>\n<li>autres membres de la famille prescrits (c&#8217;est-\u00e0-dire le dernier membre de la famille restant pour des raisons humanitaires et de compassion lorsque cela est justifi\u00e9).<\/li>\n<\/ul>\n\t\t\t\t\t\t<\/div>\n\t\t\t\t<\/div>\n\t\t\t\t<div class=\"elementor-element elementor-element-3894e9f elementor-hidden-desktop elementor-hidden-tablet elementor-hidden-mobile elementor-widget elementor-widget-text-editor\" data-id=\"3894e9f\" data-element_type=\"widget\" data-widget_type=\"text-editor.default\">\n\t\t\t\t<div class=\"elementor-widget-container\">\n\t\t\t\t\t\t\t<p><strong>D\u00e9couvrez si vous ou un de vos proches \u00eates admissible \u00e0 la r\u00e9sidence permanente au Canada.<\/strong><\/p>\n<p>R\u00e9pondez \u00e0 quelques questions simples et nous vous dirons si vous ou un membre de votre famille \u00eates admissible \u00e0 l&#8217;immigration de cat\u00e9gorie familiale :<\/p>\n<div class=\"row\">\n<div class=\"col-md-4\">\n<p><strong>Parrainer un conjoint, un partenaire ou un enfant \u00e0 charge<\/strong><\/p>\n<\/div>\n<div class=\"col-md-8\">\n<p><a href=\"https:\/\/www.akcanada.com\/assessment3.php\" data-wplink-edit=\"true\">\u00c9valuation gratuite de l&#8217;admissibilit\u00e9 \u00e0 l&#8217;immigration au Canada<\/a><\/p>\n<\/div>\n<\/div>\n<div class=\"row\">\n<div class=\"col-md-4\">\n<p><strong>Parrainer un parent ou un grand-parent<\/strong><\/p>\n<\/div>\n<div class=\"col-md-8\">\n<p><a href=\"https:\/\/www.akcanada.com\/assessment4.php\">\u00c9valuation gratuite de l&#8217;admissibilit\u00e9 \u00e0 l&#8217;immigration au Canada<\/a><\/p>\n<\/div>\n<\/div>\n<p><strong>En guise d&#8217;alternative au parrainage d&#8217;un parent ou d&#8217;un grand-parent, le gouvernement du Canada offre le \u00ab super visa pour parents et grands-parents \u00bb, qui sera valide pendant une p\u00e9riode maximale de dix (10) ans. Ce visa \u00e0 entr\u00e9es multiples permettra au demandeur de rester au Canada pendant une p\u00e9riode maximale de vingt-quatre (24) mois sans avoir \u00e0 renouveler son statut. Citoyennet\u00e9 et Immigration Canada pourra d\u00e9livrer les visas, en moyenne, dans les huit (8) semaines suivant la demande. Cela signifie qu&#8217;au lieu d&#8217;attendre huit (8) ans, un parent ou un grand-parent peut venir au Canada dans un d\u00e9lai de huit (8) semaines. Les demandeurs de super visa pour parents et grands-parents devront souscrire une assurance maladie priv\u00e9e canadienne pour leur s\u00e9jour au Canada.      <\/strong><\/p>\n\t\t\t\t\t\t<\/div>\n\t\t\t\t<\/div>\n\t\t\t\t<div class=\"elementor-element elementor-element-6669fb3 elementor-widget elementor-widget-text-editor\" data-id=\"6669fb3\" data-element_type=\"widget\" data-widget_type=\"text-editor.default\">\n\t\t\t\t<div class=\"elementor-widget-container\">\n\t\t\t\t\t\t\t<p><strong>D\u00e9couvrez si vous ou un de vos proches \u00eates admissible \u00e0 la r\u00e9sidence permanente au Canada.<\/strong><\/p>\n<p><strong>R\u00e9pondez \u00e0 quelques questions simples et nous vous dirons si vous ou un membre de votre famille \u00eates admissible \u00e0 l&#8217;immigration de cat\u00e9gorie familiale :<\/strong><\/p>\n\t\t\t\t\t\t<\/div>\n\t\t\t\t<\/div>\n\t\t\t\t<div class=\"elementor-element elementor-element-c5994fe elementor-align-center elementor-widget elementor-widget-button\" data-id=\"c5994fe\" data-element_type=\"widget\" data-widget_type=\"button.default\">\n\t\t\t\t<div class=\"elementor-widget-container\">\n\t\t\t\t\t\t\t<div class=\"elementor-button-wrapper\">\n\t\t\t\t\t<a class=\"elementor-button elementor-button-link elementor-size-sm\" href=\"https:\/\/www.akcanada.com\/assessment3.php\" id=\"spdc-bottom-button1-fc-page\">\n\t\t\t\t\t\t<span class=\"elementor-button-content-wrapper\">\n\t\t\t\t\t\t\t\t\t<span class=\"elementor-button-text\">\u00c9valuation gratuite de la cat\u00e9gorie familiale pour le conjoint, le partenaire ou l'enfant \u00e0 charge<\/span>\n\t\t\t\t\t<\/span>\n\t\t\t\t\t<\/a>\n\t\t\t\t<\/div>\n\t\t\t\t\t\t<\/div>\n\t\t\t\t<\/div>\n\t\t\t\t<div class=\"elementor-element elementor-element-1641704 elementor-align-center elementor-widget elementor-widget-button\" data-id=\"1641704\" data-element_type=\"widget\" data-widget_type=\"button.default\">\n\t\t\t\t<div class=\"elementor-widget-container\">\n\t\t\t\t\t\t\t<div class=\"elementor-button-wrapper\">\n\t\t\t\t\t<a class=\"elementor-button elementor-button-link elementor-size-sm\" href=\"https:\/\/www.akcanada.com\/assessment4.php\" id=\"fcpog-bottom-button2-fc-page\">\n\t\t\t\t\t\t<span class=\"elementor-button-content-wrapper\">\n\t\t\t\t\t\t\t\t\t<span class=\"elementor-button-text\">\u00c9valuation gratuite de la classe familiale pour les parents ou les grands-parents<\/span>\n\t\t\t\t\t<\/span>\n\t\t\t\t\t<\/a>\n\t\t\t\t<\/div>\n\t\t\t\t\t\t<\/div>\n\t\t\t\t<\/div>\n\t\t\t\t<div class=\"elementor-element elementor-element-705e42a elementor-widget elementor-widget-text-editor\" data-id=\"705e42a\" data-element_type=\"widget\" data-widget_type=\"text-editor.default\">\n\t\t\t\t<div class=\"elementor-widget-container\">\n\t\t\t\t\t\t\t<p><strong>En guise d&#8217;alternative au parrainage d&#8217;un parent ou d&#8217;un grand-parent, le gouvernement du Canada offre le \u00ab super visa pour parents et grands-parents \u00bb, qui sera valide pendant une p\u00e9riode maximale de dix (10) ans. Ce visa \u00e0 entr\u00e9es multiples permettra au demandeur de rester au Canada pendant une p\u00e9riode maximale de vingt-quatre (24) mois sans avoir \u00e0 renouveler son statut. Citoyennet\u00e9 et Immigration Canada pourra d\u00e9livrer les visas, en moyenne, dans les huit (8) semaines suivant la demande. Cela signifie qu&#8217;au lieu d&#8217;attendre huit (8) ans, un parent ou un grand-parent peut venir au Canada dans un d\u00e9lai de huit (8) semaines. Les demandeurs de super visa pour parents et grands-parents devront souscrire une assurance maladie priv\u00e9e canadienne pour leur s\u00e9jour au Canada.      <\/strong><\/p>\n\t\t\t\t\t\t<\/div>\n\t\t\t\t<\/div>\n\t\t\t\t<\/div>\n\t\t<div class=\"elementor-element elementor-element-5aae48b e-con-full e-flex e-con e-child\" data-id=\"5aae48b\" data-element_type=\"container\">\n\t\t\t\t<div class=\"elementor-element elementor-element-3aeda59 elementor-widget elementor-widget-heading\" data-id=\"3aeda59\" data-element_type=\"widget\" data-widget_type=\"heading.default\">\n\t\t\t\t<div class=\"elementor-widget-container\">\n\t\t\t<h2 class=\"elementor-heading-title elementor-size-default\">Statut permanent \u2013 Cat\u00e9gories d\u2019immigration au Canada :<\/h2>\t\t<\/div>\n\t\t\t\t<\/div>\n\t\t\t\t<div class=\"elementor-element elementor-element-09b1b56 elementor-align-justify elementor-widget elementor-widget-button\" data-id=\"09b1b56\" data-element_type=\"widget\" data-widget_type=\"button.default\">\n\t\t\t\t<div class=\"elementor-widget-container\">\n\t\t\t\t\t\t\t<div class=\"elementor-button-wrapper\">\n\t\t\t\t\t<a class=\"elementor-button elementor-button-link elementor-size-sm\" href=\"https:\/\/www.akcanada.com\/fr\/immigration-canadienne-categorie-des-travailleurs-qualifies-federal\/\" id=\"fsw-top-right-fc-page\">\n\t\t\t\t\t\t<span class=\"elementor-button-content-wrapper\">\n\t\t\t\t\t\t\t\t\t<span class=\"elementor-button-text\">Cat\u00e9gorie des travailleurs qualifi\u00e9s (f\u00e9d\u00e9ral)<\/span>\n\t\t\t\t\t<\/span>\n\t\t\t\t\t<\/a>\n\t\t\t\t<\/div>\n\t\t\t\t\t\t<\/div>\n\t\t\t\t<\/div>\n\t\t\t\t<div class=\"elementor-element elementor-element-1219517 elementor-align-justify elementor-widget elementor-widget-button\" data-id=\"1219517\" data-element_type=\"widget\" data-widget_type=\"button.default\">\n\t\t\t\t<div class=\"elementor-widget-container\">\n\t\t\t\t\t\t\t<div class=\"elementor-button-wrapper\">\n\t\t\t\t\t<a class=\"elementor-button elementor-button-link elementor-size-sm\" href=\"https:\/\/www.akcanada.com\/canadian-immigration-provincial-nominee-program\/\" id=\"pnp-top-right-fc-page\">\n\t\t\t\t\t\t<span class=\"elementor-button-content-wrapper\">\n\t\t\t\t\t\t\t\t\t<span class=\"elementor-button-text\">Programme des candidats des provinces<\/span>\n\t\t\t\t\t<\/span>\n\t\t\t\t\t<\/a>\n\t\t\t\t<\/div>\n\t\t\t\t\t\t<\/div>\n\t\t\t\t<\/div>\n\t\t\t\t<div class=\"elementor-element elementor-element-7309b44 elementor-align-justify elementor-widget elementor-widget-button\" data-id=\"7309b44\" data-element_type=\"widget\" data-widget_type=\"button.default\">\n\t\t\t\t<div class=\"elementor-widget-container\">\n\t\t\t\t\t\t\t<div class=\"elementor-button-wrapper\">\n\t\t\t\t\t<a class=\"elementor-button elementor-button-link elementor-size-sm\" href=\"https:\/\/www.akcanada.com\/fr\/immigration-canadienne-categorie-de-lexperience-canadienne\/\" id=\"cec-top-right-fc-page\">\n\t\t\t\t\t\t<span class=\"elementor-button-content-wrapper\">\n\t\t\t\t\t\t\t\t\t<span class=\"elementor-button-text\">Cat\u00e9gorie de l\u2019exp\u00e9rience canadienne<\/span>\n\t\t\t\t\t<\/span>\n\t\t\t\t\t<\/a>\n\t\t\t\t<\/div>\n\t\t\t\t\t\t<\/div>\n\t\t\t\t<\/div>\n\t\t\t\t<div class=\"elementor-element elementor-element-1b712b9 elementor-align-justify elementor-widget elementor-widget-button\" data-id=\"1b712b9\" data-element_type=\"widget\" data-widget_type=\"button.default\">\n\t\t\t\t<div class=\"elementor-widget-container\">\n\t\t\t\t\t\t\t<div class=\"elementor-button-wrapper\">\n\t\t\t\t\t<a class=\"elementor-button elementor-button-link elementor-size-sm\" href=\"https:\/\/www.akcanada.com\/fr\/immigration-canadienne-categorie-des-travailleurs-de-metiers-specialises-federal\/\" id=\"fst-top-right-fc-page\">\n\t\t\t\t\t\t<span class=\"elementor-button-content-wrapper\">\n\t\t\t\t\t\t\t\t\t<span class=\"elementor-button-text\">Cat\u00e9gorie des travailleurs de m\u00e9tiers sp\u00e9cialis\u00e9s f\u00e9d\u00e9raux<\/span>\n\t\t\t\t\t<\/span>\n\t\t\t\t\t<\/a>\n\t\t\t\t<\/div>\n\t\t\t\t\t\t<\/div>\n\t\t\t\t<\/div>\n\t\t\t\t<div class=\"elementor-element elementor-element-ca0003f elementor-align-justify elementor-widget elementor-widget-button\" data-id=\"ca0003f\" data-element_type=\"widget\" data-widget_type=\"button.default\">\n\t\t\t\t<div class=\"elementor-widget-container\">\n\t\t\t\t\t\t\t<div class=\"elementor-button-wrapper\">\n\t\t\t\t\t<a class=\"elementor-button elementor-button-link elementor-size-sm\" href=\"https:\/\/www.akcanada.com\/canadian-immigration-family-class\/\" id=\"fc-top-right-fc-page\">\n\t\t\t\t\t\t<span class=\"elementor-button-content-wrapper\">\n\t\t\t\t\t\t\t\t\t<span class=\"elementor-button-text\">Classe familiale<\/span>\n\t\t\t\t\t<\/span>\n\t\t\t\t\t<\/a>\n\t\t\t\t<\/div>\n\t\t\t\t\t\t<\/div>\n\t\t\t\t<\/div>\n\t\t\t\t<div class=\"elementor-element elementor-element-761c134 elementor-align-justify elementor-widget elementor-widget-button\" data-id=\"761c134\" data-element_type=\"widget\" data-widget_type=\"button.default\">\n\t\t\t\t<div class=\"elementor-widget-container\">\n\t\t\t\t\t\t\t<div class=\"elementor-button-wrapper\">\n\t\t\t\t\t<a class=\"elementor-button elementor-button-link elementor-size-sm\" href=\"https:\/\/www.akcanada.com\/canadian-immigration-business-class-self-employed\/\" id=\"bse-top-right-fc-page\">\n\t\t\t\t\t\t<span class=\"elementor-button-content-wrapper\">\n\t\t\t\t\t\t\t\t\t<span class=\"elementor-button-text\">Entreprise Travailleur ind\u00e9pendant<\/span>\n\t\t\t\t\t<\/span>\n\t\t\t\t\t<\/a>\n\t\t\t\t<\/div>\n\t\t\t\t\t\t<\/div>\n\t\t\t\t<\/div>\n\t\t\t\t<div class=\"elementor-element elementor-element-972c40d elementor-align-justify elementor-widget elementor-widget-button\" data-id=\"972c40d\" data-element_type=\"widget\" data-widget_type=\"button.default\">\n\t\t\t\t<div class=\"elementor-widget-container\">\n\t\t\t\t\t\t\t<div class=\"elementor-button-wrapper\">\n\t\t\t\t\t<a class=\"elementor-button elementor-button-link elementor-size-sm\" href=\"https:\/\/www.akcanada.com\/canadian-immigration-business-class-start-up-visa\/\" id=\"bsuv-top-right-fc-page\">\n\t\t\t\t\t\t<span class=\"elementor-button-content-wrapper\">\n\t\t\t\t\t\t\t\t\t<span class=\"elementor-button-text\">Visa de cr\u00e9ation d'entreprise<\/span>\n\t\t\t\t\t<\/span>\n\t\t\t\t\t<\/a>\n\t\t\t\t<\/div>\n\t\t\t\t\t\t<\/div>\n\t\t\t\t<\/div>\n\t\t\t\t<div class=\"elementor-element elementor-element-c6fdd5c elementor-widget elementor-widget-heading\" data-id=\"c6fdd5c\" data-element_type=\"widget\" data-widget_type=\"heading.default\">\n\t\t\t\t<div class=\"elementor-widget-container\">\n\t\t\t<h2 class=\"elementor-heading-title elementor-size-default\">Statut temporaire au Canada :<\/h2>\t\t<\/div>\n\t\t\t\t<\/div>\n\t\t\t\t<div class=\"elementor-element elementor-element-4b1a4a0 elementor-widget elementor-widget-text-editor\" data-id=\"4b1a4a0\" data-element_type=\"widget\" data-widget_type=\"text-editor.default\">\n\t\t\t\t<div class=\"elementor-widget-container\">\n\t\t\t\t\t\t\t<p>Si vous souhaitez venir au Canada de fa\u00e7on temporaire, vous pouvez venir en tant que visiteur, \u00e9tudiant ou travailleur, \u00e0 condition, bien s\u00fbr, que vous r\u00e9pondiez aux crit\u00e8res d\u2019admissibilit\u00e9.<\/p>\n\t\t\t\t\t\t<\/div>\n\t\t\t\t<\/div>\n\t\t\t\t<div class=\"elementor-element elementor-element-129194a elementor-align-justify elementor-widget elementor-widget-button\" data-id=\"129194a\" data-element_type=\"widget\" data-widget_type=\"button.default\">\n\t\t\t\t<div class=\"elementor-widget-container\">\n\t\t\t\t\t\t\t<div class=\"elementor-button-wrapper\">\n\t\t\t\t\t<a class=\"elementor-button elementor-button-link elementor-size-sm\" href=\"https:\/\/www.akcanada.com\/canadian-study-permits\/\">\n\t\t\t\t\t\t<span class=\"elementor-button-content-wrapper\">\n\t\t\t\t\t\t\t\t\t<span class=\"elementor-button-text\">Permis d'\u00e9tudes<\/span>\n\t\t\t\t\t<\/span>\n\t\t\t\t\t<\/a>\n\t\t\t\t<\/div>\n\t\t\t\t\t\t<\/div>\n\t\t\t\t<\/div>\n\t\t\t\t<div class=\"elementor-element elementor-element-e3f7278 elementor-align-justify elementor-widget elementor-widget-button\" data-id=\"e3f7278\" data-element_type=\"widget\" data-widget_type=\"button.default\">\n\t\t\t\t<div class=\"elementor-widget-container\">\n\t\t\t\t\t\t\t<div class=\"elementor-button-wrapper\">\n\t\t\t\t\t<a class=\"elementor-button elementor-button-link elementor-size-sm\" href=\"https:\/\/www.akcanada.com\/canadian-temporary-resident-visitor-visas\/\">\n\t\t\t\t\t\t<span class=\"elementor-button-content-wrapper\">\n\t\t\t\t\t\t\t\t\t<span class=\"elementor-button-text\">Visas de r\u00e9sident temporaire (visiteur)<\/span>\n\t\t\t\t\t<\/span>\n\t\t\t\t\t<\/a>\n\t\t\t\t<\/div>\n\t\t\t\t\t\t<\/div>\n\t\t\t\t<\/div>\n\t\t\t\t<div class=\"elementor-element elementor-element-36c7c9a elementor-align-justify elementor-widget elementor-widget-button\" data-id=\"36c7c9a\" data-element_type=\"widget\" data-widget_type=\"button.default\">\n\t\t\t\t<div class=\"elementor-widget-container\">\n\t\t\t\t\t\t\t<div class=\"elementor-button-wrapper\">\n\t\t\t\t\t<a class=\"elementor-button elementor-button-link elementor-size-sm\" href=\"https:\/\/www.akcanada.com\/fr\/permis-de-travail-canadiens\/\">\n\t\t\t\t\t\t<span class=\"elementor-button-content-wrapper\">\n\t\t\t\t\t\t\t\t\t<span class=\"elementor-button-text\">Permis de travail<\/span>\n\t\t\t\t\t<\/span>\n\t\t\t\t\t<\/a>\n\t\t\t\t<\/div>\n\t\t\t\t\t\t<\/div>\n\t\t\t\t<\/div>\n\t\t\t\t<\/div>\n\t\t\t\t\t<\/div>\n\t\t\t\t<\/div>\n\t\t<div class=\"elementor-element elementor-element-402dfc2f e-flex e-con-boxed e-con e-parent\" data-id=\"402dfc2f\" data-element_type=\"container\">\n\t\t\t\t\t<div class=\"e-con-inner\">\n\t\t\t\t<div class=\"elementor-element elementor-element-34e9bd61 elementor-widget elementor-widget-spacer\" data-id=\"34e9bd61\" data-element_type=\"widget\" data-widget_type=\"spacer.default\">\n\t\t\t\t<div class=\"elementor-widget-container\">\n\t\t\t\t\t<div class=\"elementor-spacer\">\n\t\t\t<div class=\"elementor-spacer-inner\"><\/div>\n\t\t<\/div>\n\t\t\t\t<\/div>\n\t\t\t\t<\/div>\n\t\t\t\t\t<\/div>\n\t\t\t\t<\/div>\n\t\t\t\t<\/div>\n\t\t","protected":false},"excerpt":{"rendered":"<p>Immigrer au Canada : Classe familiale Immigration au Canada : cat\u00e9gorie de la famille Les ressortissants \u00e9trangers peuvent \u00eatre s\u00e9lectionn\u00e9s comme membres de la cat\u00e9gorie de la famille en fonction de leur lien avec un citoyen canadien ou un r\u00e9sident permanent. Les citoyens canadiens (y compris, dans certaines circonstances, ceux qui r\u00e9sident \u00e0 l&#8217;\u00e9tranger avec [&hellip;]<\/p>\n","protected":false},"author":1,"featured_media":0,"parent":0,"menu_order":0,"comment_status":"closed","ping_status":"closed","template":"","meta":{"footnotes":""},"class_list":["post-3512","page","type-page","status-publish","hentry"],"_links":{"self":[{"href":"https:\/\/www.akcanada.com\/fr\/wp-json\/wp\/v2\/pages\/3512"}],"collection":[{"href":"https:\/\/www.akcanada.com\/fr\/wp-json\/wp\/v2\/pages"}],"about":[{"href":"https:\/\/www.akcanada.com\/fr\/wp-json\/wp\/v2\/types\/page"}],"author":[{"embeddable":true,"href":"https:\/\/www.akcanada.com\/fr\/wp-json\/wp\/v2\/users\/1"}],"replies":[{"embeddable":true,"href":"https:\/\/www.akcanada.com\/fr\/wp-json\/wp\/v2\/comments?post=3512"}],"version-history":[{"count":1,"href":"https:\/\/www.akcanada.com\/fr\/wp-json\/wp\/v2\/pages\/3512\/revisions"}],"predecessor-version":[{"id":3513,"href":"https:\/\/www.akcanada.com\/fr\/wp-json\/wp\/v2\/pages\/3512\/revisions\/3513"}],"wp:attachment":[{"href":"https:\/\/www.akcanada.com\/fr\/wp-json\/wp\/v2\/media?parent=3512"}],"curies":[{"name":"wp","href":"https:\/\/api.w.org\/{rel}","templated":true}]}}