{"id":3506,"date":"2023-12-05T20:29:54","date_gmt":"2023-12-05T20:29:54","guid":{"rendered":"https:\/\/www.akcanada.com\/immigration-canadienne-categorie-des-travailleurs-de-metiers-specialises-federal\/"},"modified":"2025-01-20T15:11:22","modified_gmt":"2025-01-20T15:11:22","slug":"immigration-canadienne-categorie-des-travailleurs-de-metiers-specialises-federal","status":"publish","type":"page","link":"https:\/\/www.akcanada.com\/fr\/immigration-canadienne-categorie-des-travailleurs-de-metiers-specialises-federal\/","title":{"rendered":"Immigration canadienne \u2013 Cat\u00e9gorie des travailleurs de m\u00e9tiers sp\u00e9cialis\u00e9s (f\u00e9d\u00e9ral)"},"content":{"rendered":"\t\t<div data-elementor-type=\"wp-page\" data-elementor-id=\"3506\" class=\"elementor elementor-3506 elementor-1783\">\n\t\t\t\t<div class=\"elementor-element elementor-element-79adff5a e-flex e-con-boxed e-con e-parent\" data-id=\"79adff5a\" data-element_type=\"container\">\n\t\t\t\t\t<div class=\"e-con-inner\">\n\t\t\t\t<div class=\"elementor-element elementor-element-13dd4db8 elementor-widget elementor-widget-heading\" data-id=\"13dd4db8\" data-element_type=\"widget\" data-widget_type=\"heading.default\">\n\t\t\t\t<div class=\"elementor-widget-container\">\n\t\t\t<h1 class=\"elementor-heading-title elementor-size-default\">Immigrer au Canada :<br> Cat\u00e9gorie des travailleurs de m\u00e9tiers sp\u00e9cialis\u00e9s f\u00e9d\u00e9raux  <\/h1>\t\t<\/div>\n\t\t\t\t<\/div>\n\t\t\t\t<div class=\"elementor-element elementor-element-440149a elementor-widget-divider--view-line elementor-widget elementor-widget-divider\" data-id=\"440149a\" data-element_type=\"widget\" data-widget_type=\"divider.default\">\n\t\t\t\t<div class=\"elementor-widget-container\">\n\t\t\t\t\t<div class=\"elementor-divider\">\n\t\t\t<span class=\"elementor-divider-separator\">\n\t\t\t\t\t\t<\/span>\n\t\t<\/div>\n\t\t\t\t<\/div>\n\t\t\t\t<\/div>\n\t\t\t\t\t<\/div>\n\t\t\t\t<\/div>\n\t\t<div class=\"elementor-element elementor-element-73ae6841 e-flex e-con-boxed e-con e-parent\" data-id=\"73ae6841\" data-element_type=\"container\">\n\t\t\t\t\t<div class=\"e-con-inner\">\n\t\t<div class=\"elementor-element elementor-element-a6dbd8e e-con-full e-flex e-con e-child\" data-id=\"a6dbd8e\" data-element_type=\"container\">\n\t\t\t\t<div class=\"elementor-element elementor-element-75779ebf elementor-widget elementor-widget-heading\" data-id=\"75779ebf\" data-element_type=\"widget\" data-widget_type=\"heading.default\">\n\t\t\t\t<div class=\"elementor-widget-container\">\n\t\t\t<h2 class=\"elementor-heading-title elementor-size-default\">A. Satisfaire aux exigences d\u2019admissibilit\u00e9<\/h2>\t\t<\/div>\n\t\t\t\t<\/div>\n\t\t\t\t<div class=\"elementor-element elementor-element-4c93afd2 elementor-widget elementor-widget-text-editor\" data-id=\"4c93afd2\" data-element_type=\"widget\" data-widget_type=\"text-editor.default\">\n\t\t\t\t<div class=\"elementor-widget-container\">\n\t\t\t\t\t\t\t<p>Pour qu&#8217;une personne r\u00e9ponde aux crit\u00e8res d&#8217;admissibilit\u00e9 de la cat\u00e9gorie des travailleurs de m\u00e9tiers sp\u00e9cialis\u00e9s (f\u00e9d\u00e9ral), elle doit avoir au moins deux (2) ann\u00e9es d&#8217;exp\u00e9rience de travail r\u00e9mun\u00e9r\u00e9 \u00e0 temps plein (ou une exp\u00e9rience \u00e9quivalente de travail r\u00e9mun\u00e9r\u00e9 \u00e0 temps partiel) dans un m\u00e9tier sp\u00e9cialis\u00e9 au cours des cinq (5) derni\u00e8res ann\u00e9es ET une offre d&#8217;emploi \u00e0 temps plein pour une p\u00e9riode totale d&#8217;au moins un (1) an ou un certificat de qualification dans ce m\u00e9tier sp\u00e9cialis\u00e9 d\u00e9livr\u00e9 par un organisme provincial ou territorial. Elle doit satisfaire \u00e0 toutes les exigences d&#8217;emploi pour ce m\u00e9tier sp\u00e9cialis\u00e9 telles qu&#8217;elles sont \u00e9nonc\u00e9es dans la Classification nationale des professions (CNP). <\/p>\n<p>La CNP a \u00e9t\u00e9 \u00e9labor\u00e9e par Emploi et D\u00e9veloppement social Canada (EDSC) pour constituer un r\u00e9pertoire syst\u00e9matique des professions du march\u00e9 du travail canadien. La CNP est divis\u00e9e en six (6) cat\u00e9gories de la TEER : <\/p>\n<div class=\"table-responsive\">\n<table class=\"table table-striped\">\n<tbody>\n<tr>\n<td>TEER 0<\/td>\n<td>M\u00e9tiers de gestion<\/td>\n<\/tr>\n<tr>\n<td>TEER 1<\/td>\n<td>Professions qui n\u00e9cessitent g\u00e9n\u00e9ralement un dipl\u00f4me universitaire<\/td>\n<\/tr>\n<tr>\n<td>TEER 2<\/td>\n<td>Les professions qui n\u00e9cessitent habituellement<\/p>\n<ul>\n<li>un dipl\u00f4me d&#8217;\u00e9tudes coll\u00e9giales<\/li>\n<li>une formation en apprentissage de 2 ans ou plus, ou<\/li>\n<li>professions de supervision<\/li>\n<\/ul>\n<\/td>\n<\/tr>\n<tr>\n<td>TEER 3<\/td>\n<td>Les professions qui n\u00e9cessitent habituellement<\/p>\n<ul>\n<li>un dipl\u00f4me d&#8217;\u00e9tudes coll\u00e9giales<\/li>\n<li>une formation en apprentissage de moins de 2 ans, ou<\/li>\n<li>plus de 6 mois de formation en milieu de travail<\/li>\n<\/ul>\n<\/td>\n<\/tr>\n<tr>\n<td>TEER 4<\/td>\n<td>Les professions qui n\u00e9cessitent habituellement<\/p>\n<ul>\n<li>un dipl\u00f4me d\u2019\u00e9tudes secondaires, ou<\/li>\n<li>plusieurs semaines de formation en milieu de travail<\/li>\n<\/ul>\n<\/td>\n<\/tr>\n<tr>\n<td>TEER 5<\/td>\n<td>Professions qui n\u00e9cessitent g\u00e9n\u00e9ralement une d\u00e9monstration de travail \u00e0 court terme et aucune formation formelle<\/td>\n<\/tr>\n<\/tbody>\n<\/table>\n<\/div>\n<p>Il\/elle doit \u00e9galement satisfaire au niveau minimum de comp\u00e9tence linguistique canadien (NCLC) 5 pour l&#8217;expression orale et l&#8217;\u00e9coute, en anglais ou en fran\u00e7ais, et au niveau de comp\u00e9tence linguistique canadien (NCLC) 4 pour la lecture et l&#8217;\u00e9criture, en anglais ou en fran\u00e7ais.<\/p>\n\t\t\t\t\t\t<\/div>\n\t\t\t\t<\/div>\n\t\t\t\t<div class=\"elementor-element elementor-element-10be0258 elementor-widget elementor-widget-heading\" data-id=\"10be0258\" data-element_type=\"widget\" data-widget_type=\"heading.default\">\n\t\t\t\t<div class=\"elementor-widget-container\">\n\t\t\t<h2 class=\"elementor-heading-title elementor-size-default\">B. Pr\u00e9senter une demande dans le cadre d\u2019Entr\u00e9e express<\/h2>\t\t<\/div>\n\t\t\t\t<\/div>\n\t\t\t\t<div class=\"elementor-element elementor-element-a3c6021 elementor-widget elementor-widget-text-editor\" data-id=\"a3c6021\" data-element_type=\"widget\" data-widget_type=\"text-editor.default\">\n\t\t\t\t<div class=\"elementor-widget-container\">\n\t\t\t\t\t\t\tCitoyennet\u00e9 et Immigration Canada a mis en place une nouvelle m\u00e9thode de traitement des demandes d&#8217;immigration au Canada pour les cat\u00e9gories des travailleurs qualifi\u00e9s (f\u00e9d\u00e9ral)\/des travailleurs de m\u00e9tiers sp\u00e9cialis\u00e9s (f\u00e9d\u00e9ral)\/de l&#8217;exp\u00e9rience canadienne, appel\u00e9e Entr\u00e9e express. Le syst\u00e8me Entr\u00e9e express comporte deux (2) \u00e9tapes :   <h3>\u00c9tape 1 : Remplissage du profil Entr\u00e9e express en ligne<\/h3>  Pour qu&#8217;une personne puisse remplir un profil Entr\u00e9e express en ligne et \u00e9ventuellement \u00eatre invit\u00e9e \u00e0 pr\u00e9senter une demande de r\u00e9sidence permanente au Canada, elle doit \u00eatre admissible \u00e0 la cat\u00e9gorie des travailleurs qualifi\u00e9s (f\u00e9d\u00e9ral) OU \u00e0 la cat\u00e9gorie des travailleurs de m\u00e9tiers sp\u00e9cialis\u00e9s (f\u00e9d\u00e9ral) OU \u00e0 la cat\u00e9gorie de l&#8217;exp\u00e9rience canadienne. Les candidats devront remplir un profil Entr\u00e9e express en ligne. Il s&#8217;agit d&#8217;un formulaire s\u00e9curis\u00e9 qui recueille des informations sur :   <ul>\n \t<li>comp\u00e9tences,<\/li>\n \t<li>exp\u00e9rience professionnelle,<\/li>\n \t<li>capacit\u00e9 linguistique,<\/li>\n \t<li>l&#8217;\u00e9ducation et<\/li>\n \t<li>d\u2019autres d\u00e9tails qui aideront Citoyennet\u00e9 et Immigration Canada \u00e0 \u00e9valuer leur admissibilit\u00e9.<\/li>\n<\/ul>  Les personnes qui r\u00e9pondent aux crit\u00e8res de Citoyennet\u00e9 et Immigration Canada seront accept\u00e9es dans un bassin de candidats. Toute personne qui n&#8217;a pas d\u00e9j\u00e0 re\u00e7u une offre d&#8217;emploi appuy\u00e9e par une \u00e9tude d&#8217;impact sur le march\u00e9 du travail (LMIA) (si n\u00e9cessaire) ou une nomination d&#8217;une province ou d&#8217;un territoire doit s&#8217;inscrire au Guichet-Emplois d&#8217;Emploi et D\u00e9veloppement social Canada (EDSC). Le Guichet-Emplois aidera \u00e9ventuellement \u00e0 mettre en relation les candidats d&#8217;Entr\u00e9e express avec des employeurs admissibles au Canada.  Les candidats sont \u00e9galement encourag\u00e9s \u00e0 se promouvoir aupr\u00e8s des employeurs par d\u2019autres moyens, par exemple en utilisant des sites d\u2019emploi, des recruteurs, etc. Dans la plupart des cas, lorsqu\u2019un emploi est offert \u00e0 un candidat, les employeurs auront besoin d\u2019une LMIA d\u2019EDSC. Le processus LMIA garantit que les employeurs ont fait des efforts pour embaucher des Canadiens pour les emplois disponibles. Aucuns frais gouvernementaux ne seront exig\u00e9s pour les demandes LMIA qui appuient uniquement une demande de r\u00e9sidence permanente. Des frais gouvernementaux sont exig\u00e9s pour les demandes LMIA qui appuient une demande de permis de travail.    <h3>\u00c9tape 2 Les candidats les mieux class\u00e9s du bassin seront invit\u00e9s \u00e0 pr\u00e9senter une demande de r\u00e9sidence permanente<\/h3>  Les candidats seront class\u00e9s par rapport aux autres candidats du groupe \u00e0 l&#8217;aide d&#8217;un syst\u00e8me de points appel\u00e9 le syst\u00e8me de classement global (CRS). Le CRS \u00e9valuera les informations de profil soumises par les candidats, notamment :   <ul>\n \t<li>comp\u00e9tences,<\/li>\n \t<li>exp\u00e9rience professionnelle,<\/li>\n \t<li>capacit\u00e9 linguistique,<\/li>\n \t<li>l&#8217;\u00e9ducation et d&#8217;autres facteurs.<\/li>\n<\/ul>  Un candidat peut obtenir des points suppl\u00e9mentaires pour :  <ul>\n \t<li>une offre d\u2019emploi appuy\u00e9e par une LMIA, ou<\/li>\n \t<li>une nomination par une province ou un territoire<\/li>\n<\/ul>  Citoyennet\u00e9 et Immigration Canada s\u00e9lectionnera les candidats du bassin au moyen de tirages r\u00e9guliers, en choisissant un nombre pr\u00e9d\u00e9termin\u00e9 de candidats ayant obtenu les notes les plus \u00e9lev\u00e9es du bassin et en les invitant \u00e0 pr\u00e9senter une demande de r\u00e9sidence permanente au Canada. Des tirages au sort seront effectu\u00e9s r\u00e9guli\u00e8rement dans le bassin d&#8217;Entr\u00e9e express. Chaque tirage sera accompagn\u00e9 d&#8217;une s\u00e9rie d&#8217;instructions que le syst\u00e8me \u00e9lectronique utilisera pour s\u00e9lectionner les candidats du bassin. Ces instructions seront publi\u00e9es sur le site Web de Citoyennet\u00e9 et Immigration Canada avant chaque tirage.   Ces instructions comprendront&nbsp;:  <ul>\n \t<li>la date du prochain tirage,<\/li>\n \t<li>le nombre de candidats qui recevront une invitation \u00e0 postuler, et<\/li>\n \t<li>si tel est le cas, quels programmes d\u2019immigration sp\u00e9cifiques seront inclus dans le tirage.<\/li>\n<\/ul>  Si les instructions ne pr\u00e9cisent pas \u00e0 quel programme d\u2019immigration les candidats doivent \u00eatre admissibles, le tirage au sort sera bas\u00e9 sur le score CRS. Si une personne est invit\u00e9e \u00e0 pr\u00e9senter une demande, elle disposera de soixante (60) jours pour soumettre une demande de r\u00e9sidence permanente en ligne. Citoyennet\u00e9 et Immigration Canada traitera la majorit\u00e9 des demandes compl\u00e8tes (c&#8217;est-\u00e0-dire celles accompagn\u00e9es de tous les documents justificatifs n\u00e9cessaires) dans un d\u00e9lai de six (6) mois ou moins. Les candidats peuvent rester dans le bassin jusqu\u2019\u00e0 douze (12) mois. S\u2019ils ne re\u00e7oivent pas d\u2019invitation \u00e0 pr\u00e9senter une demande de r\u00e9sidence permanente dans les douze (12) mois suivant la soumission d\u2019un profil Entr\u00e9e express, ils peuvent soumettre un nouveau profil. S\u2019ils r\u00e9pondent toujours aux crit\u00e8res, ils peuvent r\u00e9int\u00e9grer le bassin. Cela permettra d\u2019\u00e9viter les retards et de garantir des d\u00e9lais de traitement rapides.     \t\t\t\t\t\t<\/div>\n\t\t\t\t<\/div>\n\t\t\t\t<div class=\"elementor-element elementor-element-e5da124 elementor-widget elementor-widget-text-editor\" data-id=\"e5da124\" data-element_type=\"widget\" data-widget_type=\"text-editor.default\">\n\t\t\t\t<div class=\"elementor-widget-container\">\n\t\t\t\t\t\t\t<p><strong>R\u00e9pondez \u00e0 quelques questions simples et nous vous dirons si vous \u00eates admissible \u00e0 l&#8217;immigration au Canada dans le cadre de l&#8217;Entr\u00e9e express<\/strong><\/p>\n\t\t\t\t\t\t<\/div>\n\t\t\t\t<\/div>\n\t\t\t\t<div class=\"elementor-element elementor-element-7ab0c76 elementor-align-center elementor-widget elementor-widget-button\" data-id=\"7ab0c76\" data-element_type=\"widget\" data-widget_type=\"button.default\">\n\t\t\t\t<div class=\"elementor-widget-container\">\n\t\t\t\t\t\t\t<div class=\"elementor-button-wrapper\">\n\t\t\t\t\t<a class=\"elementor-button elementor-button-link elementor-size-sm\" href=\"https:\/\/www.akcanada.com\/assessment1.php\">\n\t\t\t\t\t\t<span class=\"elementor-button-content-wrapper\">\n\t\t\t\t\t\t\t\t\t<span class=\"elementor-button-text\">\u00c9valuation gratuite des m\u00e9tiers sp\u00e9cialis\u00e9s f\u00e9d\u00e9raux<\/span>\n\t\t\t\t\t<\/span>\n\t\t\t\t\t<\/a>\n\t\t\t\t<\/div>\n\t\t\t\t\t\t<\/div>\n\t\t\t\t<\/div>\n\t\t\t\t<\/div>\n\t\t<div class=\"elementor-element elementor-element-e82df02 e-con-full e-flex e-con e-child\" data-id=\"e82df02\" data-element_type=\"container\">\n\t\t\t\t<div class=\"elementor-element elementor-element-654eea1 elementor-widget elementor-widget-heading\" data-id=\"654eea1\" data-element_type=\"widget\" data-widget_type=\"heading.default\">\n\t\t\t\t<div class=\"elementor-widget-container\">\n\t\t\t<h2 class=\"elementor-heading-title elementor-size-default\">Statut permanent \u2013 Cat\u00e9gories d\u2019immigration au Canada :<\/h2>\t\t<\/div>\n\t\t\t\t<\/div>\n\t\t\t\t<div class=\"elementor-element elementor-element-6b3eddf elementor-align-justify elementor-widget elementor-widget-button\" data-id=\"6b3eddf\" data-element_type=\"widget\" data-widget_type=\"button.default\">\n\t\t\t\t<div class=\"elementor-widget-container\">\n\t\t\t\t\t\t\t<div class=\"elementor-button-wrapper\">\n\t\t\t\t\t<a class=\"elementor-button elementor-button-link elementor-size-sm\" href=\"https:\/\/www.akcanada.com\/fr\/immigration-canadienne-categorie-des-travailleurs-qualifies-federal\/\" id=\"fsw-top-right-fst-page\">\n\t\t\t\t\t\t<span class=\"elementor-button-content-wrapper\">\n\t\t\t\t\t\t\t\t\t<span class=\"elementor-button-text\">Cat\u00e9gorie des travailleurs qualifi\u00e9s (f\u00e9d\u00e9ral)<\/span>\n\t\t\t\t\t<\/span>\n\t\t\t\t\t<\/a>\n\t\t\t\t<\/div>\n\t\t\t\t\t\t<\/div>\n\t\t\t\t<\/div>\n\t\t\t\t<div class=\"elementor-element elementor-element-f53a3d3 elementor-align-justify elementor-widget elementor-widget-button\" data-id=\"f53a3d3\" data-element_type=\"widget\" data-widget_type=\"button.default\">\n\t\t\t\t<div class=\"elementor-widget-container\">\n\t\t\t\t\t\t\t<div class=\"elementor-button-wrapper\">\n\t\t\t\t\t<a class=\"elementor-button elementor-button-link elementor-size-sm\" href=\"https:\/\/www.akcanada.com\/canadian-immigration-provincial-nominee-program\/\" id=\"pnp-top-right-fst-page\">\n\t\t\t\t\t\t<span class=\"elementor-button-content-wrapper\">\n\t\t\t\t\t\t\t\t\t<span class=\"elementor-button-text\">Programme des candidats des provinces<\/span>\n\t\t\t\t\t<\/span>\n\t\t\t\t\t<\/a>\n\t\t\t\t<\/div>\n\t\t\t\t\t\t<\/div>\n\t\t\t\t<\/div>\n\t\t\t\t<div class=\"elementor-element elementor-element-c0d29c9 elementor-align-justify elementor-widget elementor-widget-button\" data-id=\"c0d29c9\" data-element_type=\"widget\" data-widget_type=\"button.default\">\n\t\t\t\t<div class=\"elementor-widget-container\">\n\t\t\t\t\t\t\t<div class=\"elementor-button-wrapper\">\n\t\t\t\t\t<a class=\"elementor-button elementor-button-link elementor-size-sm\" href=\"https:\/\/www.akcanada.com\/canadian-immigration-canadian-experience-class\/\" id=\"cec-top-right-fst-page\">\n\t\t\t\t\t\t<span class=\"elementor-button-content-wrapper\">\n\t\t\t\t\t\t\t\t\t<span class=\"elementor-button-text\">Cat\u00e9gorie de l\u2019exp\u00e9rience canadienne<\/span>\n\t\t\t\t\t<\/span>\n\t\t\t\t\t<\/a>\n\t\t\t\t<\/div>\n\t\t\t\t\t\t<\/div>\n\t\t\t\t<\/div>\n\t\t\t\t<div class=\"elementor-element elementor-element-45d011c elementor-align-justify elementor-widget elementor-widget-button\" data-id=\"45d011c\" data-element_type=\"widget\" data-widget_type=\"button.default\">\n\t\t\t\t<div class=\"elementor-widget-container\">\n\t\t\t\t\t\t\t<div class=\"elementor-button-wrapper\">\n\t\t\t\t\t<a class=\"elementor-button elementor-button-link elementor-size-sm\" href=\"https:\/\/www.akcanada.com\/canadian-immigration-federal-skilled-trades-class\/\" id=\"fst-top-right-fst-page\">\n\t\t\t\t\t\t<span class=\"elementor-button-content-wrapper\">\n\t\t\t\t\t\t\t\t\t<span class=\"elementor-button-text\">Cat\u00e9gorie des travailleurs de m\u00e9tiers sp\u00e9cialis\u00e9s f\u00e9d\u00e9raux<\/span>\n\t\t\t\t\t<\/span>\n\t\t\t\t\t<\/a>\n\t\t\t\t<\/div>\n\t\t\t\t\t\t<\/div>\n\t\t\t\t<\/div>\n\t\t\t\t<div class=\"elementor-element elementor-element-c89a0c1 elementor-align-justify elementor-widget elementor-widget-button\" data-id=\"c89a0c1\" data-element_type=\"widget\" data-widget_type=\"button.default\">\n\t\t\t\t<div class=\"elementor-widget-container\">\n\t\t\t\t\t\t\t<div class=\"elementor-button-wrapper\">\n\t\t\t\t\t<a class=\"elementor-button elementor-button-link elementor-size-sm\" href=\"https:\/\/www.akcanada.com\/canadian-immigration-family-class\/\">\n\t\t\t\t\t\t<span class=\"elementor-button-content-wrapper\">\n\t\t\t\t\t\t\t\t\t<span class=\"elementor-button-text\">Classe familiale<\/span>\n\t\t\t\t\t<\/span>\n\t\t\t\t\t<\/a>\n\t\t\t\t<\/div>\n\t\t\t\t\t\t<\/div>\n\t\t\t\t<\/div>\n\t\t\t\t<div class=\"elementor-element elementor-element-9c875c7 elementor-align-justify elementor-widget elementor-widget-button\" data-id=\"9c875c7\" data-element_type=\"widget\" data-widget_type=\"button.default\">\n\t\t\t\t<div class=\"elementor-widget-container\">\n\t\t\t\t\t\t\t<div class=\"elementor-button-wrapper\">\n\t\t\t\t\t<a class=\"elementor-button elementor-button-link elementor-size-sm\" href=\"https:\/\/www.akcanada.com\/canadian-immigration-business-class-self-employed\/\" id=\"bse-top-right-fst-page\">\n\t\t\t\t\t\t<span class=\"elementor-button-content-wrapper\">\n\t\t\t\t\t\t\t\t\t<span class=\"elementor-button-text\">Entreprise Travailleur ind\u00e9pendant<\/span>\n\t\t\t\t\t<\/span>\n\t\t\t\t\t<\/a>\n\t\t\t\t<\/div>\n\t\t\t\t\t\t<\/div>\n\t\t\t\t<\/div>\n\t\t\t\t<div class=\"elementor-element elementor-element-d04f1fd elementor-align-justify elementor-widget elementor-widget-button\" data-id=\"d04f1fd\" data-element_type=\"widget\" data-widget_type=\"button.default\">\n\t\t\t\t<div class=\"elementor-widget-container\">\n\t\t\t\t\t\t\t<div class=\"elementor-button-wrapper\">\n\t\t\t\t\t<a class=\"elementor-button elementor-button-link elementor-size-sm\" href=\"https:\/\/www.akcanada.com\/canadian-immigration-business-class-start-up-visa\/\" id=\"bsuv-top-right-fst-page\">\n\t\t\t\t\t\t<span class=\"elementor-button-content-wrapper\">\n\t\t\t\t\t\t\t\t\t<span class=\"elementor-button-text\">Visa de cr\u00e9ation d'entreprise<\/span>\n\t\t\t\t\t<\/span>\n\t\t\t\t\t<\/a>\n\t\t\t\t<\/div>\n\t\t\t\t\t\t<\/div>\n\t\t\t\t<\/div>\n\t\t\t\t<div class=\"elementor-element elementor-element-72fe7e8 elementor-widget elementor-widget-heading\" data-id=\"72fe7e8\" data-element_type=\"widget\" data-widget_type=\"heading.default\">\n\t\t\t\t<div class=\"elementor-widget-container\">\n\t\t\t<h2 class=\"elementor-heading-title elementor-size-default\">Statut temporaire au Canada :<\/h2>\t\t<\/div>\n\t\t\t\t<\/div>\n\t\t\t\t<div class=\"elementor-element elementor-element-90a25d9 elementor-widget elementor-widget-text-editor\" data-id=\"90a25d9\" data-element_type=\"widget\" data-widget_type=\"text-editor.default\">\n\t\t\t\t<div class=\"elementor-widget-container\">\n\t\t\t\t\t\t\t<p>Si vous souhaitez venir au Canada de fa\u00e7on temporaire, vous pouvez venir en tant que visiteur, \u00e9tudiant ou travailleur, \u00e0 condition, bien s\u00fbr, que vous r\u00e9pondiez aux crit\u00e8res d\u2019admissibilit\u00e9.<\/p>\n\t\t\t\t\t\t<\/div>\n\t\t\t\t<\/div>\n\t\t\t\t<div class=\"elementor-element elementor-element-61ca883 elementor-align-justify elementor-widget elementor-widget-button\" data-id=\"61ca883\" data-element_type=\"widget\" data-widget_type=\"button.default\">\n\t\t\t\t<div class=\"elementor-widget-container\">\n\t\t\t\t\t\t\t<div class=\"elementor-button-wrapper\">\n\t\t\t\t\t<a class=\"elementor-button elementor-button-link elementor-size-sm\" href=\"https:\/\/www.akcanada.com\/canadian-study-permits\/\">\n\t\t\t\t\t\t<span class=\"elementor-button-content-wrapper\">\n\t\t\t\t\t\t\t\t\t<span class=\"elementor-button-text\">Permis d'\u00e9tudes<\/span>\n\t\t\t\t\t<\/span>\n\t\t\t\t\t<\/a>\n\t\t\t\t<\/div>\n\t\t\t\t\t\t<\/div>\n\t\t\t\t<\/div>\n\t\t\t\t<div class=\"elementor-element elementor-element-0cc190a elementor-align-justify elementor-widget elementor-widget-button\" data-id=\"0cc190a\" data-element_type=\"widget\" data-widget_type=\"button.default\">\n\t\t\t\t<div class=\"elementor-widget-container\">\n\t\t\t\t\t\t\t<div class=\"elementor-button-wrapper\">\n\t\t\t\t\t<a class=\"elementor-button elementor-button-link elementor-size-sm\" href=\"https:\/\/www.akcanada.com\/canadian-temporary-resident-visitor-visas\/\">\n\t\t\t\t\t\t<span class=\"elementor-button-content-wrapper\">\n\t\t\t\t\t\t\t\t\t<span class=\"elementor-button-text\">Visas de r\u00e9sident temporaire (visiteur)<\/span>\n\t\t\t\t\t<\/span>\n\t\t\t\t\t<\/a>\n\t\t\t\t<\/div>\n\t\t\t\t\t\t<\/div>\n\t\t\t\t<\/div>\n\t\t\t\t<div class=\"elementor-element elementor-element-86c0ec2 elementor-align-justify elementor-widget elementor-widget-button\" data-id=\"86c0ec2\" data-element_type=\"widget\" data-widget_type=\"button.default\">\n\t\t\t\t<div class=\"elementor-widget-container\">\n\t\t\t\t\t\t\t<div class=\"elementor-button-wrapper\">\n\t\t\t\t\t<a class=\"elementor-button elementor-button-link elementor-size-sm\" href=\"https:\/\/www.akcanada.com\/fr\/permis-de-travail-canadiens\/\">\n\t\t\t\t\t\t<span class=\"elementor-button-content-wrapper\">\n\t\t\t\t\t\t\t\t\t<span class=\"elementor-button-text\">Permis de travail<\/span>\n\t\t\t\t\t<\/span>\n\t\t\t\t\t<\/a>\n\t\t\t\t<\/div>\n\t\t\t\t\t\t<\/div>\n\t\t\t\t<\/div>\n\t\t\t\t<\/div>\n\t\t\t\t\t<\/div>\n\t\t\t\t<\/div>\n\t\t<div class=\"elementor-element elementor-element-7027220 e-flex e-con-boxed e-con e-parent\" data-id=\"7027220\" data-element_type=\"container\">\n\t\t\t\t\t<div class=\"e-con-inner\">\n\t\t\t\t<div class=\"elementor-element elementor-element-4c5d3457 elementor-widget elementor-widget-spacer\" data-id=\"4c5d3457\" data-element_type=\"widget\" data-widget_type=\"spacer.default\">\n\t\t\t\t<div class=\"elementor-widget-container\">\n\t\t\t\t\t<div class=\"elementor-spacer\">\n\t\t\t<div class=\"elementor-spacer-inner\"><\/div>\n\t\t<\/div>\n\t\t\t\t<\/div>\n\t\t\t\t<\/div>\n\t\t\t\t\t<\/div>\n\t\t\t\t<\/div>\n\t\t\t\t<\/div>\n\t\t","protected":false},"excerpt":{"rendered":"<p>Immigrer au Canada : Cat\u00e9gorie des travailleurs de m\u00e9tiers sp\u00e9cialis\u00e9s f\u00e9d\u00e9raux A. Satisfaire aux exigences d\u2019admissibilit\u00e9 Pour qu&#8217;une personne r\u00e9ponde aux crit\u00e8res d&#8217;admissibilit\u00e9 de la cat\u00e9gorie des travailleurs de m\u00e9tiers sp\u00e9cialis\u00e9s (f\u00e9d\u00e9ral), elle doit avoir au moins deux (2) ann\u00e9es d&#8217;exp\u00e9rience de travail r\u00e9mun\u00e9r\u00e9 \u00e0 temps plein (ou une exp\u00e9rience \u00e9quivalente de travail r\u00e9mun\u00e9r\u00e9 \u00e0 [&hellip;]<\/p>\n","protected":false},"author":1,"featured_media":0,"parent":0,"menu_order":0,"comment_status":"closed","ping_status":"closed","template":"","meta":{"footnotes":""},"class_list":["post-3506","page","type-page","status-publish","hentry"],"_links":{"self":[{"href":"https:\/\/www.akcanada.com\/fr\/wp-json\/wp\/v2\/pages\/3506"}],"collection":[{"href":"https:\/\/www.akcanada.com\/fr\/wp-json\/wp\/v2\/pages"}],"about":[{"href":"https:\/\/www.akcanada.com\/fr\/wp-json\/wp\/v2\/types\/page"}],"author":[{"embeddable":true,"href":"https:\/\/www.akcanada.com\/fr\/wp-json\/wp\/v2\/users\/1"}],"replies":[{"embeddable":true,"href":"https:\/\/www.akcanada.com\/fr\/wp-json\/wp\/v2\/comments?post=3506"}],"version-history":[{"count":1,"href":"https:\/\/www.akcanada.com\/fr\/wp-json\/wp\/v2\/pages\/3506\/revisions"}],"predecessor-version":[{"id":3507,"href":"https:\/\/www.akcanada.com\/fr\/wp-json\/wp\/v2\/pages\/3506\/revisions\/3507"}],"wp:attachment":[{"href":"https:\/\/www.akcanada.com\/fr\/wp-json\/wp\/v2\/media?parent=3506"}],"curies":[{"name":"wp","href":"https:\/\/api.w.org\/{rel}","templated":true}]}}