{"id":3500,"date":"2023-12-05T19:14:02","date_gmt":"2023-12-05T19:14:02","guid":{"rendered":"https:\/\/www.akcanada.com\/emplois-au-canada\/"},"modified":"2025-01-20T14:47:57","modified_gmt":"2025-01-20T14:47:57","slug":"emplois-au-canada","status":"publish","type":"page","link":"https:\/\/www.akcanada.com\/fr\/emplois-au-canada\/","title":{"rendered":"Emplois au Canada"},"content":{"rendered":"\t\t<div data-elementor-type=\"wp-page\" data-elementor-id=\"3500\" class=\"elementor elementor-3500 elementor-1729\">\n\t\t\t\t<div class=\"elementor-element elementor-element-3866179e all-breadcrumbs e-flex e-con-boxed e-con e-parent\" data-id=\"3866179e\" data-element_type=\"container\">\n\t\t\t\t\t<div class=\"e-con-inner\">\n\t\t\t\t<div class=\"elementor-element elementor-element-6c56a447 elementor-widget elementor-widget-shortcode\" data-id=\"6c56a447\" data-element_type=\"widget\" data-widget_type=\"shortcode.default\">\n\t\t\t\t<div class=\"elementor-widget-container\">\n\t\t\t\t\t<div class=\"elementor-shortcode\"><nav aria-label=\"breadcrumbs\" class=\"rank-math-breadcrumb\"><p><span class=\"last\">Home<\/span><\/p><\/nav><\/div>\n\t\t\t\t<\/div>\n\t\t\t\t<\/div>\n\t\t\t\t\t<\/div>\n\t\t\t\t<\/div>\n\t\t<div class=\"elementor-element elementor-element-7b1e7573 e-flex e-con-boxed e-con e-parent\" data-id=\"7b1e7573\" data-element_type=\"container\">\n\t\t\t\t\t<div class=\"e-con-inner\">\n\t\t\t\t<div class=\"elementor-element elementor-element-17ff8036 elementor-widget elementor-widget-heading\" data-id=\"17ff8036\" data-element_type=\"widget\" data-widget_type=\"heading.default\">\n\t\t\t\t<div class=\"elementor-widget-container\">\n\t\t\t<h1 class=\"elementor-heading-title elementor-size-default\">Emplois au Canada<\/h1>\t\t<\/div>\n\t\t\t\t<\/div>\n\t\t\t\t<div class=\"elementor-element elementor-element-58f905a elementor-widget-divider--view-line elementor-widget elementor-widget-divider\" data-id=\"58f905a\" data-element_type=\"widget\" data-widget_type=\"divider.default\">\n\t\t\t\t<div class=\"elementor-widget-container\">\n\t\t\t\t\t<div class=\"elementor-divider\">\n\t\t\t<span class=\"elementor-divider-separator\">\n\t\t\t\t\t\t<\/span>\n\t\t<\/div>\n\t\t\t\t<\/div>\n\t\t\t\t<\/div>\n\t\t\t\t<div class=\"elementor-element elementor-element-6e3178fa elementor-widget elementor-widget-text-editor\" data-id=\"6e3178fa\" data-element_type=\"widget\" data-widget_type=\"text-editor.default\">\n\t\t\t\t<div class=\"elementor-widget-container\">\n\t\t\t\t\t\t\t<p>L\u2019un des principaux avantages de l\u2019utilisation des services d\u2019Abrams &amp; Krochak est l\u2019acc\u00e8s au programme exclusif de recherche d\u2019emploi d\u2019Abrams &amp; Krochak (EESP), qui aide des milliers de nos clients \u00e0 trouver un emploi lucratif au Canada. L&#8217;EESP vous fournit des informations d\u00e9taill\u00e9es et des conseils strat\u00e9giques qui vous mettent en contact avec des employeurs de premier plan dans toutes les r\u00e9gions du Canada. L&#8217;EESP vous offre \u00e9galement un acc\u00e8s facile \u00e0 notre base de donn\u00e9es d&#8217;emploi confidentielle contenant des milliers de postes au Canada. Tous les clients payants d&#8217;Abrams &amp; Krochak ont acc\u00e8s \u00e0 ce programme.<\/p>\n\t\t\t\t\t\t<\/div>\n\t\t\t\t<\/div>\n\t\t\t\t\t<\/div>\n\t\t\t\t<\/div>\n\t\t<div class=\"elementor-element elementor-element-1c62fa04 e-flex e-con-boxed e-con e-parent\" data-id=\"1c62fa04\" data-element_type=\"container\">\n\t\t\t\t\t<div class=\"e-con-inner\">\n\t\t\t\t<div class=\"elementor-element elementor-element-7f943655 elementor-align-center elementor-widget elementor-widget-button\" data-id=\"7f943655\" data-element_type=\"widget\" data-widget_type=\"button.default\">\n\t\t\t\t<div class=\"elementor-widget-container\">\n\t\t\t\t\t\t\t<div class=\"elementor-button-wrapper\">\n\t\t\t\t\t<a class=\"elementor-button elementor-button-link elementor-size-sm\" href=\"https:\/\/www.akcanada.com\/fr\/\">\n\t\t\t\t\t\t<span class=\"elementor-button-content-wrapper\">\n\t\t\t\t\t\t\t\t\t<span class=\"elementor-button-text\">Commencez votre \u00e9valuation en ligne GRATUITE d\u00e8s aujourd\u2019hui et commencez \u00e0 postuler \u00e0 des emplois&nbsp;!<\/span>\n\t\t\t\t\t<\/span>\n\t\t\t\t\t<\/a>\n\t\t\t\t<\/div>\n\t\t\t\t\t\t<\/div>\n\t\t\t\t<\/div>\n\t\t\t\t<div class=\"elementor-element elementor-element-6d485585 elementor-widget elementor-widget-spacer\" data-id=\"6d485585\" data-element_type=\"widget\" data-widget_type=\"spacer.default\">\n\t\t\t\t<div class=\"elementor-widget-container\">\n\t\t\t\t\t<div class=\"elementor-spacer\">\n\t\t\t<div class=\"elementor-spacer-inner\"><\/div>\n\t\t<\/div>\n\t\t\t\t<\/div>\n\t\t\t\t<\/div>\n\t\t\t\t\t<\/div>\n\t\t\t\t<\/div>\n\t\t\t\t<\/div>\n\t\t","protected":false},"excerpt":{"rendered":"<p>Emplois au Canada L\u2019un des principaux avantages de l\u2019utilisation des services d\u2019Abrams &amp; Krochak est l\u2019acc\u00e8s au programme exclusif de recherche d\u2019emploi d\u2019Abrams &amp; Krochak (EESP), qui aide des milliers de nos clients \u00e0 trouver un emploi lucratif au Canada. L&#8217;EESP vous fournit des informations d\u00e9taill\u00e9es et des conseils strat\u00e9giques qui vous mettent en contact [&hellip;]<\/p>\n","protected":false},"author":1,"featured_media":0,"parent":0,"menu_order":0,"comment_status":"closed","ping_status":"closed","template":"","meta":{"footnotes":""},"class_list":["post-3500","page","type-page","status-publish","hentry"],"_links":{"self":[{"href":"https:\/\/www.akcanada.com\/fr\/wp-json\/wp\/v2\/pages\/3500"}],"collection":[{"href":"https:\/\/www.akcanada.com\/fr\/wp-json\/wp\/v2\/pages"}],"about":[{"href":"https:\/\/www.akcanada.com\/fr\/wp-json\/wp\/v2\/types\/page"}],"author":[{"embeddable":true,"href":"https:\/\/www.akcanada.com\/fr\/wp-json\/wp\/v2\/users\/1"}],"replies":[{"embeddable":true,"href":"https:\/\/www.akcanada.com\/fr\/wp-json\/wp\/v2\/comments?post=3500"}],"version-history":[{"count":1,"href":"https:\/\/www.akcanada.com\/fr\/wp-json\/wp\/v2\/pages\/3500\/revisions"}],"predecessor-version":[{"id":3501,"href":"https:\/\/www.akcanada.com\/fr\/wp-json\/wp\/v2\/pages\/3500\/revisions\/3501"}],"wp:attachment":[{"href":"https:\/\/www.akcanada.com\/fr\/wp-json\/wp\/v2\/media?parent=3500"}],"curies":[{"name":"wp","href":"https:\/\/api.w.org\/{rel}","templated":true}]}}