{"id":3494,"date":"2023-12-05T20:41:00","date_gmt":"2023-12-05T20:41:00","guid":{"rendered":"https:\/\/www.akcanada.com\/vivre-au-canada-un-pays-fonde-sur-la-diversite-culturelle\/"},"modified":"2025-01-20T14:39:41","modified_gmt":"2025-01-20T14:39:41","slug":"vivre-au-canada-un-pays-fonde-sur-la-diversite-culturelle","status":"publish","type":"page","link":"https:\/\/www.akcanada.com\/fr\/vivre-au-canada-un-pays-fonde-sur-la-diversite-culturelle\/","title":{"rendered":"Vivre au Canada \u2013 Un pays fond\u00e9 sur la diversit\u00e9 culturelle"},"content":{"rendered":"\t\t<div data-elementor-type=\"wp-page\" data-elementor-id=\"3494\" class=\"elementor elementor-3494 elementor-1817\">\n\t\t\t\t<div class=\"elementor-element elementor-element-4eb6a5e7 all-breadcrumbs e-flex e-con-boxed e-con e-parent\" data-id=\"4eb6a5e7\" data-element_type=\"container\">\n\t\t\t\t\t<div class=\"e-con-inner\">\n\t\t\t\t<div class=\"elementor-element elementor-element-65c7ed0c elementor-widget elementor-widget-shortcode\" data-id=\"65c7ed0c\" data-element_type=\"widget\" data-widget_type=\"shortcode.default\">\n\t\t\t\t<div class=\"elementor-widget-container\">\n\t\t\t\t\t<div class=\"elementor-shortcode\"><nav aria-label=\"breadcrumbs\" class=\"rank-math-breadcrumb\"><p><span class=\"last\">Home<\/span><\/p><\/nav><\/div>\n\t\t\t\t<\/div>\n\t\t\t\t<\/div>\n\t\t\t\t\t<\/div>\n\t\t\t\t<\/div>\n\t\t<div class=\"elementor-element elementor-element-3a4c2244 e-flex e-con-boxed e-con e-parent\" data-id=\"3a4c2244\" data-element_type=\"container\">\n\t\t\t\t\t<div class=\"e-con-inner\">\n\t\t\t\t<div class=\"elementor-element elementor-element-745e6581 elementor-widget elementor-widget-heading\" data-id=\"745e6581\" data-element_type=\"widget\" data-widget_type=\"heading.default\">\n\t\t\t\t<div class=\"elementor-widget-container\">\n\t\t\t<h1 class=\"elementor-heading-title elementor-size-default\">Vivre au Canada : une approche fond\u00e9e sur la diversit\u00e9 culturelle  <\/h1>\t\t<\/div>\n\t\t\t\t<\/div>\n\t\t\t\t<div class=\"elementor-element elementor-element-2d96cf0 elementor-widget-divider--view-line elementor-widget elementor-widget-divider\" data-id=\"2d96cf0\" data-element_type=\"widget\" data-widget_type=\"divider.default\">\n\t\t\t\t<div class=\"elementor-widget-container\">\n\t\t\t\t\t<div class=\"elementor-divider\">\n\t\t\t<span class=\"elementor-divider-separator\">\n\t\t\t\t\t\t<\/span>\n\t\t<\/div>\n\t\t\t\t<\/div>\n\t\t\t\t<\/div>\n\t\t\t\t\t<\/div>\n\t\t\t\t<\/div>\n\t\t<div class=\"elementor-element elementor-element-760426fc e-con-full e-flex e-con e-parent\" data-id=\"760426fc\" data-element_type=\"container\">\n\t\t\t\t<div class=\"elementor-element elementor-element-523e8b05 elementor-widget elementor-widget-image\" data-id=\"523e8b05\" data-element_type=\"widget\" data-widget_type=\"image.default\">\n\t\t\t\t<div class=\"elementor-widget-container\">\n\t\t\t\t\t\t\t\t\t\t\t\t\t<img fetchpriority=\"high\" decoding=\"async\" width=\"1300\" height=\"400\" src=\"https:\/\/www.akcanada.com\/wp-content\/uploads\/2023\/12\/bg-ontario.jpg\" class=\"attachment-full size-full wp-image-3236\" alt=\"\" srcset=\"https:\/\/www.akcanada.com\/wp-content\/uploads\/2023\/12\/bg-ontario.jpg 1300w, https:\/\/www.akcanada.com\/wp-content\/uploads\/2023\/12\/bg-ontario-300x92.jpg 300w, https:\/\/www.akcanada.com\/wp-content\/uploads\/2023\/12\/bg-ontario-1024x315.jpg 1024w, https:\/\/www.akcanada.com\/wp-content\/uploads\/2023\/12\/bg-ontario-768x236.jpg 768w\" sizes=\"(max-width: 1300px) 100vw, 1300px\" \/>\t\t\t\t\t\t\t\t\t\t\t\t\t<\/div>\n\t\t\t\t<\/div>\n\t\t\t\t<\/div>\n\t\t<div class=\"elementor-element elementor-element-18f13e81 e-flex e-con-boxed e-con e-parent\" data-id=\"18f13e81\" data-element_type=\"container\">\n\t\t\t\t\t<div class=\"e-con-inner\">\n\t\t\t\t<div class=\"elementor-element elementor-element-458fa29d elementor-widget elementor-widget-spacer\" data-id=\"458fa29d\" data-element_type=\"widget\" data-widget_type=\"spacer.default\">\n\t\t\t\t<div class=\"elementor-widget-container\">\n\t\t\t\t\t<div class=\"elementor-spacer\">\n\t\t\t<div class=\"elementor-spacer-inner\"><\/div>\n\t\t<\/div>\n\t\t\t\t<\/div>\n\t\t\t\t<\/div>\n\t\t\t\t<div class=\"elementor-element elementor-element-79cb62aa elementor-widget elementor-widget-text-editor\" data-id=\"79cb62aa\" data-element_type=\"widget\" data-widget_type=\"text-editor.default\">\n\t\t\t\t<div class=\"elementor-widget-container\">\n\t\t\t\t\t\t\t<div class=\"row\">\n<div class=\"col-md-8 col-md-offset-2\">\n<p>Le Canada est souvent d\u00e9crit comme une mosa\u00efque culturelle, construite par une soci\u00e9t\u00e9 qui respecte et c\u00e9l\u00e8bre les cultures de nombreux pays du monde entier. Avec l&#8217;un des taux d&#8217;immigration par habitant les plus \u00e9lev\u00e9s au monde, de nombreux nouveaux immigrants canadiens sont attir\u00e9s par les grandes zones urbaines comme Toronto, Vancouver ou Montr\u00e9al. <\/p>\n<p>Le Canada occupe la majeure partie de l&#8217;Am\u00e9rique du Nord et partage ses fronti\u00e8res avec les \u00c9tats-Unis au sud et l&#8217;Alaska au nord-ouest. S&#8217;\u00e9tendant de l&#8217;oc\u00e9an Atlantique \u00e0 l&#8217;est jusqu&#8217;\u00e0 l&#8217;oc\u00e9an Pacifique \u00e0 l&#8217;ouest, le Canada est la deuxi\u00e8me plus grande \u00e9tendue terrestre du monde. En raison d&#8217;une population relativement faible, les nouveaux immigrants peuvent s&#8217;attendre \u00e0 de nombreux espaces ouverts et \u00e0 de magnifiques et vastes parcs dans les 10 provinces et les 3 territoires.  <\/p>\n<p><a href=\"https:\/\/en.wikipedia.org\/wiki\/Newfoundland_and_Labrador\" target=\"_blank\" rel=\"noopener\">Terre-Neuve-et-Labrador<\/a><br \/><a href=\"https:\/\/en.wikipedia.org\/wiki\/Prince_Edward_Island\" target=\"_blank\" rel=\"noopener\">\u00cele-du-Prince-\u00c9douard<\/a><br \/><a href=\"https:\/\/en.wikipedia.org\/wiki\/Nova_Scotia\" target=\"_blank\" rel=\"noopener\">Nouvelle-\u00c9cosse<\/a><br \/><a href=\"https:\/\/en.wikipedia.org\/wiki\/New_Brunswick\" target=\"_blank\" rel=\"noopener\">Nouveau-Brunswick<\/a><br \/><a href=\"https:\/\/en.wikipedia.org\/wiki\/Quebec\" target=\"_blank\" rel=\"noopener\">Qu\u00e9bec<\/a><br \/><a href=\"https:\/\/en.wikipedia.org\/wiki\/Ontario\" target=\"_blank\" rel=\"noopener\">Ontario<\/a><br \/><a href=\"https:\/\/en.wikipedia.org\/wiki\/Manitoba\" target=\"_blank\" rel=\"noopener\">Manitoba<\/a><br \/><a href=\"https:\/\/en.wikipedia.org\/wiki\/Saskatchewan\" target=\"_blank\" rel=\"noopener\">Saskatchewan<\/a><br \/><a href=\"https:\/\/en.wikipedia.org\/wiki\/Alberta\" target=\"_blank\" rel=\"noopener\">Alberta<\/a><br \/><a href=\"https:\/\/en.wikipedia.org\/wiki\/British_Columbia\" target=\"_blank\" rel=\"noopener\">Colombie-Britannique<\/a><br \/><a href=\"https:\/\/en.wikipedia.org\/wiki\/Yukon\" target=\"_blank\" rel=\"noopener\">Territoire du Yukon<\/a><br \/><a href=\"https:\/\/en.wikipedia.org\/wiki\/Northwest_Territories\" target=\"_blank\" rel=\"noopener\">Territoires du Nord-Ouest<\/a><br \/><a href=\"https:\/\/en.wikipedia.org\/wiki\/Nunavut\" target=\"_blank\" rel=\"noopener\">Nunavut<\/a><\/p>\n<\/div>\n<\/div>\n\t\t\t\t\t\t<\/div>\n\t\t\t\t<\/div>\n\t\t\t\t<div class=\"elementor-element elementor-element-56287f15 elementor-widget elementor-widget-spacer\" data-id=\"56287f15\" data-element_type=\"widget\" data-widget_type=\"spacer.default\">\n\t\t\t\t<div class=\"elementor-widget-container\">\n\t\t\t\t\t<div class=\"elementor-spacer\">\n\t\t\t<div class=\"elementor-spacer-inner\"><\/div>\n\t\t<\/div>\n\t\t\t\t<\/div>\n\t\t\t\t<\/div>\n\t\t\t\t\t<\/div>\n\t\t\t\t<\/div>\n\t\t\t\t<\/div>\n\t\t","protected":false},"excerpt":{"rendered":"<p>Vivre au Canada : une approche fond\u00e9e sur la diversit\u00e9 culturelle Le Canada est souvent d\u00e9crit comme une mosa\u00efque culturelle, construite par une soci\u00e9t\u00e9 qui respecte et c\u00e9l\u00e8bre les cultures de nombreux pays du monde entier. Avec l&#8217;un des taux d&#8217;immigration par habitant les plus \u00e9lev\u00e9s au monde, de nombreux nouveaux immigrants canadiens sont attir\u00e9s [&hellip;]<\/p>\n","protected":false},"author":1,"featured_media":0,"parent":0,"menu_order":0,"comment_status":"closed","ping_status":"closed","template":"","meta":{"footnotes":""},"class_list":["post-3494","page","type-page","status-publish","hentry"],"_links":{"self":[{"href":"https:\/\/www.akcanada.com\/fr\/wp-json\/wp\/v2\/pages\/3494"}],"collection":[{"href":"https:\/\/www.akcanada.com\/fr\/wp-json\/wp\/v2\/pages"}],"about":[{"href":"https:\/\/www.akcanada.com\/fr\/wp-json\/wp\/v2\/types\/page"}],"author":[{"embeddable":true,"href":"https:\/\/www.akcanada.com\/fr\/wp-json\/wp\/v2\/users\/1"}],"replies":[{"embeddable":true,"href":"https:\/\/www.akcanada.com\/fr\/wp-json\/wp\/v2\/comments?post=3494"}],"version-history":[{"count":1,"href":"https:\/\/www.akcanada.com\/fr\/wp-json\/wp\/v2\/pages\/3494\/revisions"}],"predecessor-version":[{"id":3495,"href":"https:\/\/www.akcanada.com\/fr\/wp-json\/wp\/v2\/pages\/3494\/revisions\/3495"}],"wp:attachment":[{"href":"https:\/\/www.akcanada.com\/fr\/wp-json\/wp\/v2\/media?parent=3494"}],"curies":[{"name":"wp","href":"https:\/\/api.w.org\/{rel}","templated":true}]}}