{"id":3487,"date":"2023-12-05T17:46:13","date_gmt":"2023-12-05T17:46:13","guid":{"rendered":"https:\/\/www.akcanada.com\/a-propos-de-nos-services-dimmigration-au-canada\/"},"modified":"2026-01-05T15:46:11","modified_gmt":"2026-01-05T15:46:11","slug":"a-propos-de-nos-services-dimmigration-au-canada","status":"publish","type":"page","link":"https:\/\/www.akcanada.com\/fr\/a-propos-de-nos-services-dimmigration-au-canada\/","title":{"rendered":"\u00c0 propos de nos services d\u2019immigration au Canada"},"content":{"rendered":"\t\t<div data-elementor-type=\"wp-page\" data-elementor-id=\"3487\" class=\"elementor elementor-3487 elementor-1666\">\n\t\t\t\t<div class=\"elementor-element elementor-element-43c4cb21 all-breadcrumbs e-flex e-con-boxed e-con e-parent\" data-id=\"43c4cb21\" data-element_type=\"container\">\n\t\t\t\t\t<div class=\"e-con-inner\">\n\t\t\t\t<div class=\"elementor-element elementor-element-24c6e24c elementor-widget elementor-widget-shortcode\" data-id=\"24c6e24c\" data-element_type=\"widget\" data-widget_type=\"shortcode.default\">\n\t\t\t\t<div class=\"elementor-widget-container\">\n\t\t\t\t\t<div class=\"elementor-shortcode\"><nav aria-label=\"breadcrumbs\" class=\"rank-math-breadcrumb\"><p><span class=\"last\">Home<\/span><\/p><\/nav><\/div>\n\t\t\t\t<\/div>\n\t\t\t\t<\/div>\n\t\t\t\t\t<\/div>\n\t\t\t\t<\/div>\n\t\t<div class=\"elementor-element elementor-element-2a920aec e-flex e-con-boxed e-con e-parent\" data-id=\"2a920aec\" data-element_type=\"container\">\n\t\t\t\t\t<div class=\"e-con-inner\">\n\t\t\t\t<div class=\"elementor-element elementor-element-30650db7 elementor-widget elementor-widget-heading\" data-id=\"30650db7\" data-element_type=\"widget\" data-widget_type=\"heading.default\">\n\t\t\t\t<div class=\"elementor-widget-container\">\n\t\t\t<h1 class=\"elementor-heading-title elementor-size-default\">\u00c0 propos de nous<br> Services d\u2019immigration canadiens  <\/h1>\t\t<\/div>\n\t\t\t\t<\/div>\n\t\t\t\t<div class=\"elementor-element elementor-element-3c78df13 elementor-widget-divider--view-line elementor-widget elementor-widget-divider\" data-id=\"3c78df13\" data-element_type=\"widget\" data-widget_type=\"divider.default\">\n\t\t\t\t<div class=\"elementor-widget-container\">\n\t\t\t\t\t<div class=\"elementor-divider\">\n\t\t\t<span class=\"elementor-divider-separator\">\n\t\t\t\t\t\t<\/span>\n\t\t<\/div>\n\t\t\t\t<\/div>\n\t\t\t\t<\/div>\n\t\t\t\t\t<\/div>\n\t\t\t\t<\/div>\n\t\t<div class=\"elementor-element elementor-element-6ddd5f7b e-flex e-con-boxed e-con e-parent\" data-id=\"6ddd5f7b\" data-element_type=\"container\">\n\t\t\t\t\t<div class=\"e-con-inner\">\n\t\t<div class=\"elementor-element elementor-element-20b44cda e-con-full e-flex e-con e-child\" data-id=\"20b44cda\" data-element_type=\"container\">\n\t\t\t\t<div class=\"elementor-element elementor-element-34fe008a elementor-widget elementor-widget-text-editor\" data-id=\"34fe008a\" data-element_type=\"widget\" data-widget_type=\"text-editor.default\">\n\t\t\t\t<div class=\"elementor-widget-container\">\n\t\t\t\t\t\t\t<div class=\"col-md-6\">\n<p>Abrams &amp; Krochak est devenu l&#8217;un des cabinets d&#8217;avocats en droit de l&#8217;immigration les plus respect\u00e9s au Canada au cours des deux derni\u00e8res d\u00e9cennies, offrant un service personnalis\u00e9 et une compr\u00e9hension unique des probl\u00e8mes d&#8217;immigration et de la fa\u00e7on dont ils affectent la vie des gens. Chaque jour, nous mettons en pratique nos plus de 40 ann\u00e9es d\u2019exp\u00e9rience combin\u00e9e, en faisant venir des professionnels qualifi\u00e9s et des membres de leur famille au Canada et en aidant des gens comme vous \u00e0 r\u00e9aliser votre r\u00eave d\u2019une <a href=\"https:\/\/www.akcanada.com\/fr\/vivre-au-canada-un-pays-fonde-sur-la-diversite-culturelle\/\">vie meilleure au Canada<\/a> .<\/p>\n<p>Notre bilan presque parfait en mati\u00e8re de conversion de candidats \u00e0 l\u2019immigration au Canada en r\u00e9sidents canadiens t\u00e9moigne de notre haut niveau de professionnalisme et de notre souci du d\u00e9tail.* Nous appliquons la m\u00eame approche \u00e0 chaque personne qui demande l\u2019immigration au Canada.<\/p>\n<p>Bon nombre de nos <a href=\"https:\/\/www.akcanada.com\/testimonials.php\">clients obtiennent la r\u00e9sidence permanente au Canada<\/a> sans m\u00eame avoir \u00e0 assister \u00e0 une entrevue d&#8217;immigration, car leurs documents d\u00e9pos\u00e9s sont pr\u00e9par\u00e9s par Jeffrey Abrams et Peter Krochak conform\u00e9ment aux normes rigoureuses de Citoyennet\u00e9 et Immigration Canada.<\/p>\n<p>La <a href=\"https:\/\/www.akcanada.com\/fr\/akcanada-la-difference-des-avocats-en-immigration-canadienne\/\">diff\u00e9rence AKCanada<\/a> garantit que la demande de chaque personne est toujours trait\u00e9e par Abrams &amp; Krochak avec l&#8217;attention et la priorit\u00e9 qu&#8217;elle m\u00e9rite.<\/p>\n<p><em>\u00ab Nous nous engageons \u00e0 faire tout notre possible pour r\u00e9pondre \u00e0 chacune de vos questions dans un d\u00e9lai d&#8217;un (1) jour ouvrable. \u00bb<\/em><\/p>\n<\/div>\n\t\t\t\t\t\t<\/div>\n\t\t\t\t<\/div>\n\t\t\t\t<\/div>\n\t\t<div class=\"elementor-element elementor-element-115de32 e-con-full e-flex e-con e-child\" data-id=\"115de32\" data-element_type=\"container\">\n\t\t\t\t<div class=\"elementor-element elementor-element-6c35fb3b elementor-widget elementor-widget-image\" data-id=\"6c35fb3b\" data-element_type=\"widget\" data-widget_type=\"image.default\">\n\t\t\t\t<div class=\"elementor-widget-container\">\n\t\t\t\t\t\t\t\t\t\t\t\t\t<img fetchpriority=\"high\" decoding=\"async\" width=\"500\" height=\"350\" src=\"https:\/\/www.akcanada.com\/wp-content\/uploads\/2023\/12\/parliament-hill.jpg\" class=\"attachment-full size-full wp-image-3326\" alt=\"\" srcset=\"https:\/\/www.akcanada.com\/wp-content\/uploads\/2023\/12\/parliament-hill.jpg 500w, https:\/\/www.akcanada.com\/wp-content\/uploads\/2023\/12\/parliament-hill-300x210.jpg 300w\" sizes=\"(max-width: 500px) 100vw, 500px\" \/>\t\t\t\t\t\t\t\t\t\t\t\t\t<\/div>\n\t\t\t\t<\/div>\n\t\t\t\t<\/div>\n\t\t\t\t\t<\/div>\n\t\t\t\t<\/div>\n\t\t<div class=\"elementor-element elementor-element-15ce25b5 e-flex e-con-boxed e-con e-parent\" data-id=\"15ce25b5\" data-element_type=\"container\">\n\t\t\t\t\t<div class=\"e-con-inner\">\n\t\t\t\t<div class=\"elementor-element elementor-element-5a9e717f elementor-widget elementor-widget-heading\" data-id=\"5a9e717f\" data-element_type=\"widget\" data-widget_type=\"heading.default\">\n\t\t\t\t<div class=\"elementor-widget-container\">\n\t\t\t<h2 class=\"elementor-heading-title elementor-size-default\">Les Partenaires<\/h2>\t\t<\/div>\n\t\t\t\t<\/div>\n\t\t\t\t\t<\/div>\n\t\t\t\t<\/div>\n\t\t<div class=\"elementor-element elementor-element-73ed7986 e-flex e-con-boxed e-con e-parent\" data-id=\"73ed7986\" data-element_type=\"container\">\n\t\t\t\t\t<div class=\"e-con-inner\">\n\t\t<div class=\"elementor-element elementor-element-1c1d1440 e-con-full e-flex e-con e-child\" data-id=\"1c1d1440\" data-element_type=\"container\">\n\t\t\t\t<div class=\"elementor-element elementor-element-baff6b6 elementor-widget elementor-widget-heading\" data-id=\"baff6b6\" data-element_type=\"widget\" data-widget_type=\"heading.default\">\n\t\t\t\t<div class=\"elementor-widget-container\">\n\t\t\t<p class=\"elementor-heading-title elementor-size-default\">Jeffrey Abrams<\/p>\t\t<\/div>\n\t\t\t\t<\/div>\n\t\t\t\t<div class=\"elementor-element elementor-element-2102776e elementor-widget elementor-widget-heading\" data-id=\"2102776e\" data-element_type=\"widget\" data-widget_type=\"heading.default\">\n\t\t\t\t<div class=\"elementor-widget-container\">\n\t\t\t<p class=\"elementor-heading-title elementor-size-default\">BA, JD, avocat et notaire<\/p>\t\t<\/div>\n\t\t\t\t<\/div>\n\t\t\t\t<div class=\"elementor-element elementor-element-73c9f607 elementor-position-left elementor-vertical-align-top elementor-widget elementor-widget-image-box\" data-id=\"73c9f607\" data-element_type=\"widget\" data-widget_type=\"image-box.default\">\n\t\t\t\t<div class=\"elementor-widget-container\">\n\t\t\t<div class=\"elementor-image-box-wrapper\"><figure class=\"elementor-image-box-img\"><img decoding=\"async\" width=\"130\" height=\"130\" src=\"https:\/\/www.akcanada.com\/wp-content\/uploads\/2023\/12\/about-jeffrey.gif\" class=\"attachment-full size-full wp-image-3333\" alt=\"\" \/><\/figure><div class=\"elementor-image-box-content\"><p class=\"elementor-image-box-description\">Jeffrey Abrams parle couramment le fran\u00e7ais et l'espagnol. Il a obtenu son baccalaur\u00e9at \u00e8s arts de l\u2019Universit\u00e9 de Toronto et a obtenu son dipl\u00f4me avec grande distinction. Parall\u00e8lement, il a obtenu son baccalaur\u00e9at en droit de la Osgoode Hall Law School de l\u2019Universit\u00e9 York. Il est avocat dans la province de l'Ontario, Canada.  <\/p><\/div><\/div>\t\t<\/div>\n\t\t\t\t<\/div>\n\t\t\t\t<div class=\"elementor-element elementor-element-7137e17 elementor-widget elementor-widget-text-editor\" data-id=\"7137e17\" data-element_type=\"widget\" data-widget_type=\"text-editor.default\">\n\t\t\t\t<div class=\"elementor-widget-container\">\n\t\t\t\t\t\t\t<p>Le r\u00f4le principal de M. Abrams en tant qu&#8217;avocat au sein du cabinet est d&#8217;aider les clients et les clients potentiels \u00e0 d\u00e9terminer s&#8217;ils pourraient \u00eatre admissibles \u00e0 l&#8217;immigration au Canada et comment Abrams &amp; Krochak pourrait \u00eatre en mesure d&#8217;offrir de l&#8217;aide. Il le fait en examinant et en consid\u00e9rant les r\u00e9ponses donn\u00e9es par les personnes visitant ce site Web qui remplissent le questionnaire pratique <a href=\"http:\/\/www.abramsandkrochak.com\/\" target=\"_blank\" rel=\"noopener\">d\u2019\u00e9valuation de l\u2019admissibilit\u00e9 \u00e0 l\u2019immigration au Canada<\/a> en ligne. Il r\u00e9pond \u00e9galement aux questions relatives aux \u00e9valuations d\u2019\u00e9ligibilit\u00e9, une fois le questionnaire compl\u00e9t\u00e9 et l\u2019\u00e9valuation effectu\u00e9e. De plus, M. Abrams aide les gens \u00e0 choisir la cat\u00e9gorie d\u2019immigration au Canada qui correspond le mieux \u00e0 leurs qualifications et \u00e0 leurs aspirations.<\/p>\n<p>En plus d&#8217;\u00eatre un avocat sp\u00e9cialis\u00e9 en immigration au Canada, M. Abrams est \u00e9galement qualifi\u00e9 pour travailler comme arbitre dans la province de l&#8217;Ontario et a enseign\u00e9 des cours de droit, notamment sur l&#8217;immigration, dans divers coll\u00e8ges de la r\u00e9gion de Toronto, au Canada.<\/p>\n\t\t\t\t\t\t<\/div>\n\t\t\t\t<\/div>\n\t\t\t\t<\/div>\n\t\t<div class=\"elementor-element elementor-element-2514c04 e-con-full e-flex e-con e-child\" data-id=\"2514c04\" data-element_type=\"container\">\n\t\t\t\t<div class=\"elementor-element elementor-element-7debb068 elementor-widget elementor-widget-heading\" data-id=\"7debb068\" data-element_type=\"widget\" data-widget_type=\"heading.default\">\n\t\t\t\t<div class=\"elementor-widget-container\">\n\t\t\t<p class=\"elementor-heading-title elementor-size-default\">Peter Krochak<\/p>\t\t<\/div>\n\t\t\t\t<\/div>\n\t\t\t\t<div class=\"elementor-element elementor-element-600240c1 elementor-widget elementor-widget-heading\" data-id=\"600240c1\" data-element_type=\"widget\" data-widget_type=\"heading.default\">\n\t\t\t\t<div class=\"elementor-widget-container\">\n\t\t\t<p class=\"elementor-heading-title elementor-size-default\">Mus. Bac. Perf., JD, Avocat<\/p>\t\t<\/div>\n\t\t\t\t<\/div>\n\t\t\t\t<div class=\"elementor-element elementor-element-bb48820 elementor-position-left elementor-vertical-align-top elementor-widget elementor-widget-image-box\" data-id=\"bb48820\" data-element_type=\"widget\" data-widget_type=\"image-box.default\">\n\t\t\t\t<div class=\"elementor-widget-container\">\n\t\t\t<div class=\"elementor-image-box-wrapper\"><figure class=\"elementor-image-box-img\"><img decoding=\"async\" width=\"130\" height=\"130\" src=\"https:\/\/www.akcanada.com\/wp-content\/uploads\/2023\/12\/about-peter.gif\" class=\"attachment-full size-full wp-image-3209\" alt=\"\" \/><\/figure><div class=\"elementor-image-box-content\"><p class=\"elementor-image-box-description\">Peter Krochak a \u00e9tudi\u00e9 les langues ukrainienne et russe. M. Krochak a obtenu son baccalaur\u00e9at en droit \u00e0 la Osgoode Hall Law School de l\u2019Universit\u00e9 York et est avocat dans la province de l\u2019Ontario. Il est \u00e9galement dipl\u00f4m\u00e9 de la Facult\u00e9 de musique de l\u2019Universit\u00e9 de Toronto, o\u00f9 il a obtenu son baccalaur\u00e9at en interpr\u00e9tation, et du Conservatoire royal de musique de Toronto, dont il est membre associ\u00e9.<\/p><\/div><\/div>\t\t<\/div>\n\t\t\t\t<\/div>\n\t\t\t\t<div class=\"elementor-element elementor-element-68a2ccd6 elementor-widget elementor-widget-text-editor\" data-id=\"68a2ccd6\" data-element_type=\"widget\" data-widget_type=\"text-editor.default\">\n\t\t\t\t<div class=\"elementor-widget-container\">\n\t\t\t\t\t\t\t<div class=\"col-md-6\">\n<p>M. Krochak supervise le processus de demande de chaque client du d\u00e9but \u00e0 la fin. Il maintient \u00e9galement des communications continues avec les organismes de r\u00e9glementation gouvernementaux pendant le processus de demande de r\u00e9sidence permanente au Canada.<\/p>\n<p>Il a \u00e9galement agi \u00e0 titre d\u2019avocat lors d\u2019audiences relatives aux r\u00e9fugi\u00e9s \u00e0 Toronto et a plaid\u00e9 des affaires d\u2019immigration devant la Commission de l\u2019immigration et du statut de r\u00e9fugi\u00e9 et la Cour f\u00e9d\u00e9rale du Canada, o\u00f9 seuls les avocats sont autoris\u00e9s.<\/p>\n<\/div>\n\t\t\t\t\t\t<\/div>\n\t\t\t\t<\/div>\n\t\t\t\t<\/div>\n\t\t\t\t\t<\/div>\n\t\t\t\t<\/div>\n\t\t<div class=\"elementor-element elementor-element-49fb86c9 e-flex e-con-boxed e-con e-parent\" data-id=\"49fb86c9\" data-element_type=\"container\">\n\t\t\t\t\t<div class=\"e-con-inner\">\n\t\t\t\t<div class=\"elementor-element elementor-element-48ef832f elementor-widget elementor-widget-text-editor\" data-id=\"48ef832f\" data-element_type=\"widget\" data-widget_type=\"text-editor.default\">\n\t\t\t\t<div class=\"elementor-widget-container\">\n\t\t\t\t\t\t\t<div class=\"row\"><div class=\"col-md-12\"><p class=\"text-center\">Pour plus d&#8217;informations sur l&#8217;immigration canadienne, visitez notre section <a href=\"https:\/\/www.akcanada.com\/fr\/immigration-canadienne-faq\/\">FAQ<\/a> .<\/p><p class=\"text-center\">*Les r\u00e9sultats pass\u00e9s ne sont pas n\u00e9cessairement indicatifs des r\u00e9sultats futurs et les r\u00e9sultats varieront en fonction des faits dans des cas individuels.<\/p><\/div><\/div>\t\t\t\t\t\t<\/div>\n\t\t\t\t<\/div>\n\t\t\t\t\t<\/div>\n\t\t\t\t<\/div>\n\t\t\t\t<\/div>\n\t\t","protected":false},"excerpt":{"rendered":"<p>\u00c0 propos de nous Services d\u2019immigration canadiens Abrams &amp; Krochak est devenu l&#8217;un des cabinets d&#8217;avocats en droit de l&#8217;immigration les plus respect\u00e9s au Canada au cours des deux derni\u00e8res d\u00e9cennies, offrant un service personnalis\u00e9 et une compr\u00e9hension unique des probl\u00e8mes d&#8217;immigration et de la fa\u00e7on dont ils affectent la vie des gens. Chaque jour, [&hellip;]<\/p>\n","protected":false},"author":1,"featured_media":0,"parent":0,"menu_order":0,"comment_status":"closed","ping_status":"closed","template":"","meta":{"footnotes":""},"class_list":["post-3487","page","type-page","status-publish","hentry"],"_links":{"self":[{"href":"https:\/\/www.akcanada.com\/fr\/wp-json\/wp\/v2\/pages\/3487"}],"collection":[{"href":"https:\/\/www.akcanada.com\/fr\/wp-json\/wp\/v2\/pages"}],"about":[{"href":"https:\/\/www.akcanada.com\/fr\/wp-json\/wp\/v2\/types\/page"}],"author":[{"embeddable":true,"href":"https:\/\/www.akcanada.com\/fr\/wp-json\/wp\/v2\/users\/1"}],"replies":[{"embeddable":true,"href":"https:\/\/www.akcanada.com\/fr\/wp-json\/wp\/v2\/comments?post=3487"}],"version-history":[{"count":6,"href":"https:\/\/www.akcanada.com\/fr\/wp-json\/wp\/v2\/pages\/3487\/revisions"}],"predecessor-version":[{"id":4027,"href":"https:\/\/www.akcanada.com\/fr\/wp-json\/wp\/v2\/pages\/3487\/revisions\/4027"}],"wp:attachment":[{"href":"https:\/\/www.akcanada.com\/fr\/wp-json\/wp\/v2\/media?parent=3487"}],"curies":[{"name":"wp","href":"https:\/\/api.w.org\/{rel}","templated":true}]}}