{"id":3485,"date":"2023-12-05T18:58:16","date_gmt":"2023-12-05T18:58:16","guid":{"rendered":"https:\/\/www.akcanada.com\/akcanada-la-difference-des-avocats-en-immigration-canadienne\/"},"modified":"2026-02-24T15:37:14","modified_gmt":"2026-02-24T15:37:14","slug":"akcanada-la-difference-des-avocats-en-immigration-canadienne","status":"publish","type":"page","link":"https:\/\/www.akcanada.com\/fr\/akcanada-la-difference-des-avocats-en-immigration-canadienne\/","title":{"rendered":"AKCanada \u2013 La diff\u00e9rence des avocats en immigration canadienne"},"content":{"rendered":"\t\t<div data-elementor-type=\"wp-page\" data-elementor-id=\"3485\" class=\"elementor elementor-3485 elementor-1704\">\n\t\t\t\t<div class=\"elementor-element elementor-element-d783986 all-breadcrumbs e-flex e-con-boxed e-con e-parent\" data-id=\"d783986\" data-element_type=\"container\">\n\t\t\t\t\t<div class=\"e-con-inner\">\n\t\t\t\t<div class=\"elementor-element elementor-element-aceee6a elementor-widget elementor-widget-shortcode\" data-id=\"aceee6a\" data-element_type=\"widget\" data-widget_type=\"shortcode.default\">\n\t\t\t\t<div class=\"elementor-widget-container\">\n\t\t\t\t\t<div class=\"elementor-shortcode\"><nav aria-label=\"breadcrumbs\" class=\"rank-math-breadcrumb\"><p><span class=\"last\">Home<\/span><\/p><\/nav><\/div>\n\t\t\t\t<\/div>\n\t\t\t\t<\/div>\n\t\t\t\t\t<\/div>\n\t\t\t\t<\/div>\n\t\t<div class=\"elementor-element elementor-element-78f4c374 e-flex e-con-boxed e-con e-parent\" data-id=\"78f4c374\" data-element_type=\"container\">\n\t\t\t\t\t<div class=\"e-con-inner\">\n\t\t\t\t<div class=\"elementor-element elementor-element-3753e779 elementor-widget elementor-widget-heading\" data-id=\"3753e779\" data-element_type=\"widget\" data-widget_type=\"heading.default\">\n\t\t\t\t<div class=\"elementor-widget-container\">\n\t\t\t<h1 class=\"elementor-heading-title elementor-size-default\">La diff\u00e9rence AKCanada\n<\/h1>\t\t<\/div>\n\t\t\t\t<\/div>\n\t\t\t\t<div class=\"elementor-element elementor-element-69b29bd4 elementor-widget-divider--view-line elementor-widget elementor-widget-divider\" data-id=\"69b29bd4\" data-element_type=\"widget\" data-widget_type=\"divider.default\">\n\t\t\t\t<div class=\"elementor-widget-container\">\n\t\t\t\t\t<div class=\"elementor-divider\">\n\t\t\t<span class=\"elementor-divider-separator\">\n\t\t\t\t\t\t<\/span>\n\t\t<\/div>\n\t\t\t\t<\/div>\n\t\t\t\t<\/div>\n\t\t\t\t<div class=\"elementor-element elementor-element-6867753a elementor-widget elementor-widget-text-editor\" data-id=\"6867753a\" data-element_type=\"widget\" data-widget_type=\"text-editor.default\">\n\t\t\t\t<div class=\"elementor-widget-container\">\n\t\t\t\t\t\t\t<div class=\"container\"><div class=\"row\"><div class=\"col-md-8 col-md-offset-2\"><p class=\"text-center\">Abrams &amp; Krochak, avocats sp\u00e9cialis\u00e9s en immigration au Canada, aident les gens \u00e0 immigrer au Canada depuis 1996. Nous avons aid\u00e9 des dizaines de milliers de personnes, de tous les horizons, \u00e0 immigrer avec succ\u00e8s au Canada en provenance de presque tous les pays du monde.<\/p><\/div><\/div><\/div>\t\t\t\t\t\t<\/div>\n\t\t\t\t<\/div>\n\t\t\t\t\t<\/div>\n\t\t\t\t<\/div>\n\t\t<div class=\"elementor-element elementor-element-15721f1c e-con-full e-flex e-con e-parent\" data-id=\"15721f1c\" data-element_type=\"container\" data-settings=\"{&quot;background_background&quot;:&quot;classic&quot;}\">\n\t\t<div class=\"elementor-element elementor-element-6e67f1de e-con-full e-flex e-con e-child\" data-id=\"6e67f1de\" data-element_type=\"container\">\n\t\t\t\t<\/div>\n\t\t<div class=\"elementor-element elementor-element-d688294 e-con-full e-flex e-con e-child\" data-id=\"d688294\" data-element_type=\"container\" data-settings=\"{&quot;background_background&quot;:&quot;classic&quot;}\">\n\t\t\t\t<div class=\"elementor-element elementor-element-13ffabe8 elementor-widget elementor-widget-heading\" data-id=\"13ffabe8\" data-element_type=\"widget\" data-widget_type=\"heading.default\">\n\t\t\t\t<div class=\"elementor-widget-container\">\n\t\t\t<h2 class=\"elementor-heading-title elementor-size-default\">Tout sur les d\u00e9tails<\/h2>\t\t<\/div>\n\t\t\t\t<\/div>\n\t\t\t\t<div class=\"elementor-element elementor-element-6f5dce17 elementor-widget elementor-widget-text-editor\" data-id=\"6f5dce17\" data-element_type=\"widget\" data-widget_type=\"text-editor.default\">\n\t\t\t\t<div class=\"elementor-widget-container\">\n\t\t\t\t\t\t\t<p>Si vous souhaitez nous engager pour vous repr\u00e9senter dans le cadre de vos projets d\u2019immigration au Canada,<br> vous pouvez vous attendre \u00e0 recevoir les services sup\u00e9rieurs suivants de notre entreprise&nbsp;:<\/p>\t\t\t\t\t\t<\/div>\n\t\t\t\t<\/div>\n\t\t<div class=\"elementor-element elementor-element-249f5d69 e-flex e-con-boxed e-con e-child\" data-id=\"249f5d69\" data-element_type=\"container\" data-settings=\"{&quot;background_background&quot;:&quot;classic&quot;}\">\n\t\t\t\t\t<div class=\"e-con-inner\">\n\t\t<div class=\"elementor-element elementor-element-446fc46b e-con-full e-flex e-con e-child\" data-id=\"446fc46b\" data-element_type=\"container\">\n\t\t\t\t<div class=\"elementor-element elementor-element-63606c26 elementor-widget elementor-widget-text-editor\" data-id=\"63606c26\" data-element_type=\"widget\" data-widget_type=\"text-editor.default\">\n\t\t\t\t<div class=\"elementor-widget-container\">\n\t\t\t\t\t\t\t<div class=\"col-md-6\"><ul><li>Nous mettons tout en \u0153uvre pour r\u00e9pondre \u00e0 vos demandes par courrier \u00e9lectronique, par fax ou par t\u00e9l\u00e9phone dans un d\u00e9lai d&#8217;un (1) jour ouvrable \u00e0 compter de la date de r\u00e9ception, cinquante-deux (52) semaines par an.<\/li><li>Nous vous enverrons par courrier \u00e9lectronique un dossier pr\u00e9liminaire complet d&#8217;immigration au Canada contenant tous les formulaires, listes de contr\u00f4le des documents, instructions et informations n\u00e9cessaires pour commencer le processus de demande.<\/li><li>Un avocat sp\u00e9cialis\u00e9 en immigration canadienne examinera chaque formulaire de demande et vous en fournira une copie pour examen et approbation avant de le soumettre aux responsables de Citoyennet\u00e9 et Immigration Canada.<\/li><li>Les avantages d\u2019Abrams &amp; Krochak comprennent \u00e9galement la r\u00e9daction d\u2019arguments juridiques d\u00e9taill\u00e9s et \u00e9crits en votre nom aupr\u00e8s des fonctionnaires de Citoyennet\u00e9 et Immigration Canada \u00e0 l\u2019appui de votre demande d\u2019immigration au Canada. Cela vous donne l&#8217;occasion d&#8217;examiner et d&#8217;approuver notre travail.<\/li><li>Abrams &amp; Krochak vous aide \u00e9galement \u00e0 trouver un logement et une scolarit\u00e9 pour vos enfants (le cas \u00e9ch\u00e9ant) \u00e0 votre arriv\u00e9e au Canada et vous aide \u00e0 faire une demande de soins de sant\u00e9 et d&#8217;assurance sociale \u00e0 votre arriv\u00e9e au Canada.<\/li><\/ul><\/div>\t\t\t\t\t\t<\/div>\n\t\t\t\t<\/div>\n\t\t\t\t<\/div>\n\t\t<div class=\"elementor-element elementor-element-19406bc2 e-con-full e-flex e-con e-child\" data-id=\"19406bc2\" data-element_type=\"container\">\n\t\t\t\t<div class=\"elementor-element elementor-element-120c2bec elementor-widget elementor-widget-text-editor\" data-id=\"120c2bec\" data-element_type=\"widget\" data-widget_type=\"text-editor.default\">\n\t\t\t\t<div class=\"elementor-widget-container\">\n\t\t\t\t\t\t\t<div class=\"col-md-6\"><div class=\"col-md-6\"><ul><li>Pour les candidats commerciaux, nous pr\u00e9parons une proposition commerciale officielle pour accompagner votre demande de r\u00e9sidence permanente au Canada. Pour les demandeurs de travailleurs qualifi\u00e9s, nous vous aidons \u00e9galement en vous fournissant les d\u00e9finitions de profession de Citoyennet\u00e9 et Immigration Canada pour vos professions d\u00e9clar\u00e9es afin de vous aider \u00e0 obtenir des lettres de r\u00e9f\u00e9rence \u00e0 l&#8217;appui de votre demande de r\u00e9sidence permanente au Canada, comme l&#8217;exigent les fonctionnaires de Citoyennet\u00e9 et Immigration Canada. De m\u00eame, la r\u00e9vision et la fourniture de critiques constructives de vos projets de lettres de r\u00e9f\u00e9rence constituent \u00e9galement un \u00e9l\u00e9ment important de la diff\u00e9rence d&#8217;AKCanada.<\/li><li>Nous surveillons \u00e9galement l&#8217;\u00e9tat de votre dossier et assurons, si n\u00e9cessaire, un suivi aupr\u00e8s des responsables de Citoyennet\u00e9 et Immigration Canada et d&#8217;autres minist\u00e8res concern\u00e9s concernant l&#8217;\u00e9tat de votre demande d&#8217;immigration au Canada.<\/li><li>Nous vous aidons \u00e0 vous pr\u00e9parer et vous conseillons dans la pr\u00e9paration de votre entretien avec les agents des visas du Canada (si un entretien est n\u00e9cessaire) en vous fournissant des exemples de questions d&#8217;entretien et des commentaires sur vos r\u00e9ponses.<\/li><li>Nous offrons une vari\u00e9t\u00e9 d&#8217;outils et de services de soutien pour trouver un emploi au Canada<\/li><\/ul><\/div><\/div>\t\t\t\t\t\t<\/div>\n\t\t\t\t<\/div>\n\t\t\t\t<\/div>\n\t\t\t\t\t<\/div>\n\t\t\t\t<\/div>\n\t\t\t\t<\/div>\n\t\t<div class=\"elementor-element elementor-element-58fa3e6e e-con-full e-flex e-con e-child\" data-id=\"58fa3e6e\" data-element_type=\"container\">\n\t\t\t\t<\/div>\n\t\t\t\t<\/div>\n\t\t<div class=\"elementor-element elementor-element-60955528 e-flex e-con-boxed e-con e-parent\" data-id=\"60955528\" data-element_type=\"container\">\n\t\t\t\t\t<div class=\"e-con-inner\">\n\t\t<div class=\"elementor-element elementor-element-3e55d9ae e-con-full e-flex e-con e-child\" data-id=\"3e55d9ae\" data-element_type=\"container\">\n\t\t\t\t<div class=\"elementor-element elementor-element-10ef95e5 elementor-position-left elementor-vertical-align-top elementor-widget elementor-widget-image-box\" data-id=\"10ef95e5\" data-element_type=\"widget\" data-widget_type=\"image-box.default\">\n\t\t\t\t<div class=\"elementor-widget-container\">\n\t\t\t<div class=\"elementor-image-box-wrapper\"><figure class=\"elementor-image-box-img\"><img decoding=\"async\" width=\"165\" height=\"165\" src=\"https:\/\/www.akcanada.com\/wp-content\/uploads\/2023\/12\/difference-experience.jpg\" class=\"attachment-full size-full wp-image-3252\" alt=\"\" srcset=\"https:\/\/www.akcanada.com\/wp-content\/uploads\/2023\/12\/difference-experience.jpg 165w, https:\/\/www.akcanada.com\/wp-content\/uploads\/2023\/12\/difference-experience-150x150.jpg 150w\" sizes=\"(max-width: 165px) 100vw, 165px\" \/><\/figure><div class=\"elementor-image-box-content\"><h3 class=\"elementor-image-box-title\">Exp\u00e9rience<\/h3><p class=\"elementor-image-box-description\">Nous avons les connaissances, l\u2019exp\u00e9rience et une compr\u00e9hension unique du processus qui feront de votre demande de r\u00e9sidence permanente au Canada un succ\u00e8s. Mieux encore, notre service ne s\u2019arr\u00eate pas l\u00e0 ; nous aidons \u00e0 r\u00e9pondre \u00e0 vos questions et fournissons des outils et des connaissances pour vous aider \u00e0 b\u00e2tir votre nouvelle vie au Canada. Nous voulons vous aider \u00e0 transformer votre r\u00eave en r\u00e9alit\u00e9 d'une nouvelle maison... et cette maison, c'est le Canada&nbsp;!  <\/p><\/div><\/div>\t\t<\/div>\n\t\t\t\t<\/div>\n\t\t\t\t<\/div>\n\t\t<div class=\"elementor-element elementor-element-108ab728 e-con-full e-flex e-con e-child\" data-id=\"108ab728\" data-element_type=\"container\">\n\t\t\t\t<div class=\"elementor-element elementor-element-3e0d488c elementor-position-left elementor-vertical-align-top elementor-widget elementor-widget-image-box\" data-id=\"3e0d488c\" data-element_type=\"widget\" data-widget_type=\"image-box.default\">\n\t\t\t\t<div class=\"elementor-widget-container\">\n\t\t\t<div class=\"elementor-image-box-wrapper\"><figure class=\"elementor-image-box-img\"><img decoding=\"async\" width=\"165\" height=\"165\" src=\"https:\/\/www.akcanada.com\/wp-content\/uploads\/2023\/12\/difference-network.jpg\" class=\"attachment-full size-full wp-image-3253\" alt=\"\" srcset=\"https:\/\/www.akcanada.com\/wp-content\/uploads\/2023\/12\/difference-network.jpg 165w, https:\/\/www.akcanada.com\/wp-content\/uploads\/2023\/12\/difference-network-150x150.jpg 150w\" sizes=\"(max-width: 165px) 100vw, 165px\" \/><\/figure><div class=\"elementor-image-box-content\"><h3 class=\"elementor-image-box-title\">R\u00e9seau<\/h3><p class=\"elementor-image-box-description\">Nous pouvons vous aider \u00e0 immigrer dans toutes les provinces et territoires du Canada, car le syst\u00e8me d\u2019immigration canadien est commun \u00e0 toutes les provinces et territoires anglophones. De plus, nous disposons d\u2019un r\u00e9seau de contacts dans chaque province et territoire pour vous aider \u00e0 r\u00e9pondre \u00e0 vos besoins d\u2019\u00e9tablissement.  <\/p><\/div><\/div>\t\t<\/div>\n\t\t\t\t<\/div>\n\t\t\t\t<\/div>\n\t\t\t\t\t<\/div>\n\t\t\t\t<\/div>\n\t\t<div class=\"elementor-element elementor-element-31dd7208 e-flex e-con-boxed e-con e-parent\" data-id=\"31dd7208\" data-element_type=\"container\">\n\t\t\t\t\t<div class=\"e-con-inner\">\n\t\t<div class=\"elementor-element elementor-element-2170f4c8 e-con-full e-flex e-con e-child\" data-id=\"2170f4c8\" data-element_type=\"container\">\n\t\t\t\t<div class=\"elementor-element elementor-element-515f3f90 elementor-position-left elementor-vertical-align-top elementor-widget elementor-widget-image-box\" data-id=\"515f3f90\" data-element_type=\"widget\" data-widget_type=\"image-box.default\">\n\t\t\t\t<div class=\"elementor-widget-container\">\n\t\t\t<div class=\"elementor-image-box-wrapper\"><figure class=\"elementor-image-box-img\"><img decoding=\"async\" width=\"165\" height=\"165\" src=\"https:\/\/www.akcanada.com\/wp-content\/uploads\/2023\/12\/difference-success.jpg\" class=\"attachment-full size-full wp-image-3254\" alt=\"\" srcset=\"https:\/\/www.akcanada.com\/wp-content\/uploads\/2023\/12\/difference-success.jpg 165w, https:\/\/www.akcanada.com\/wp-content\/uploads\/2023\/12\/difference-success-150x150.jpg 150w\" sizes=\"(max-width: 165px) 100vw, 165px\" \/><\/figure><div class=\"elementor-image-box-content\"><h3 class=\"elementor-image-box-title\">Taux de r\u00e9ussite<\/h3><p class=\"elementor-image-box-description\">Nous b\u00e9n\u00e9ficions d'un taux de r\u00e9ussite quasi parfait aupr\u00e8s de nos clients, qui nous retiennent ou nous contactent soit par Internet, soit en visitant nos bureaux, ce qui fait de nous l'un des cabinets d'avocats en immigration canadienne les plus performants au pays.* Tous les dossiers de demande d'immigration canadienne d\u00e9pos\u00e9s par Abrams &amp; Krochak au nom de nos clients sont pr\u00e9par\u00e9s par une \u00e9quipe d'avocats en immigration canadienne exp\u00e9riment\u00e9s, attentifs aux d\u00e9tails et \u00e0 l'exactitude. Par cons\u00e9quent, notre cabinet d'avocats en immigration canadienne est tr\u00e8s respect\u00e9 par les agents des visas du monde entier, ce qui garantit que les demandes de r\u00e9sidence permanente au Canada de nos clients re\u00e7oivent l'attention appropri\u00e9e.  <\/p><\/div><\/div>\t\t<\/div>\n\t\t\t\t<\/div>\n\t\t\t\t<\/div>\n\t\t<div class=\"elementor-element elementor-element-4b188076 e-con-full e-flex e-con e-child\" data-id=\"4b188076\" data-element_type=\"container\">\n\t\t\t\t<div class=\"elementor-element elementor-element-190c69f1 elementor-position-left elementor-vertical-align-top elementor-widget elementor-widget-image-box\" data-id=\"190c69f1\" data-element_type=\"widget\" data-widget_type=\"image-box.default\">\n\t\t\t\t<div class=\"elementor-widget-container\">\n\t\t\t<div class=\"elementor-image-box-wrapper\"><figure class=\"elementor-image-box-img\"><img loading=\"lazy\" decoding=\"async\" width=\"165\" height=\"165\" src=\"https:\/\/www.akcanada.com\/wp-content\/uploads\/2023\/12\/difference-touch.jpg\" class=\"attachment-full size-full wp-image-3255\" alt=\"\" srcset=\"https:\/\/www.akcanada.com\/wp-content\/uploads\/2023\/12\/difference-touch.jpg 165w, https:\/\/www.akcanada.com\/wp-content\/uploads\/2023\/12\/difference-touch-150x150.jpg 150w\" sizes=\"(max-width: 165px) 100vw, 165px\" \/><\/figure><div class=\"elementor-image-box-content\"><h3 class=\"elementor-image-box-title\">Touche personnelle<\/h3><p class=\"elementor-image-box-description\">Nous invitons tous nos clients \u00e0 nous rencontrer personnellement dans nos bureaux de Toronto apr\u00e8s leur arriv\u00e9e au Canada pour nous aider \u00e0 garantir que leur d\u00e9m\u00e9nagement dans ce pays se d\u00e9roule sans probl\u00e8me. Lorsque vous recherchez un avocat en immigration au Canada, nous esp\u00e9rons que vous choisirez Abrams &amp; Krochak.<\/p><\/div><\/div>\t\t<\/div>\n\t\t\t\t<\/div>\n\t\t\t\t<\/div>\n\t\t\t\t\t<\/div>\n\t\t\t\t<\/div>\n\t\t<div class=\"elementor-element elementor-element-45af58d6 e-flex e-con-boxed e-con e-parent\" data-id=\"45af58d6\" data-element_type=\"container\">\n\t\t\t\t\t<div class=\"e-con-inner\">\n\t\t\t\t<div class=\"elementor-element elementor-element-643ab6fd elementor-widget elementor-widget-text-editor\" data-id=\"643ab6fd\" data-element_type=\"widget\" data-widget_type=\"text-editor.default\">\n\t\t\t\t<div class=\"elementor-widget-container\">\n\t\t\t\t\t\t\t<p>*Les r\u00e9sultats pass\u00e9s ne sont pas n\u00e9cessairement indicatifs des r\u00e9sultats futurs et les r\u00e9sultats varieront en fonction des faits dans des cas individuels.<\/p>\t\t\t\t\t\t<\/div>\n\t\t\t\t<\/div>\n\t\t\t\t<div class=\"elementor-element elementor-element-14c36551 elementor-widget elementor-widget-spacer\" data-id=\"14c36551\" data-element_type=\"widget\" data-widget_type=\"spacer.default\">\n\t\t\t\t<div class=\"elementor-widget-container\">\n\t\t\t\t\t<div class=\"elementor-spacer\">\n\t\t\t<div class=\"elementor-spacer-inner\"><\/div>\n\t\t<\/div>\n\t\t\t\t<\/div>\n\t\t\t\t<\/div>\n\t\t\t\t\t<\/div>\n\t\t\t\t<\/div>\n\t\t\t\t<\/div>\n\t\t","protected":false},"excerpt":{"rendered":"<p>La diff\u00e9rence AKCanada Abrams &amp; Krochak, avocats sp\u00e9cialis\u00e9s en immigration au Canada, aident les gens \u00e0 immigrer au Canada depuis 1996. Nous avons aid\u00e9 des dizaines de milliers de personnes, de tous les horizons, \u00e0 immigrer avec succ\u00e8s au Canada en provenance de presque tous les pays du monde. Tout sur les d\u00e9tails Si vous [&hellip;]<\/p>\n","protected":false},"author":1,"featured_media":0,"parent":0,"menu_order":0,"comment_status":"closed","ping_status":"closed","template":"","meta":{"footnotes":""},"class_list":["post-3485","page","type-page","status-publish","hentry"],"_links":{"self":[{"href":"https:\/\/www.akcanada.com\/fr\/wp-json\/wp\/v2\/pages\/3485"}],"collection":[{"href":"https:\/\/www.akcanada.com\/fr\/wp-json\/wp\/v2\/pages"}],"about":[{"href":"https:\/\/www.akcanada.com\/fr\/wp-json\/wp\/v2\/types\/page"}],"author":[{"embeddable":true,"href":"https:\/\/www.akcanada.com\/fr\/wp-json\/wp\/v2\/users\/1"}],"replies":[{"embeddable":true,"href":"https:\/\/www.akcanada.com\/fr\/wp-json\/wp\/v2\/comments?post=3485"}],"version-history":[{"count":2,"href":"https:\/\/www.akcanada.com\/fr\/wp-json\/wp\/v2\/pages\/3485\/revisions"}],"predecessor-version":[{"id":4158,"href":"https:\/\/www.akcanada.com\/fr\/wp-json\/wp\/v2\/pages\/3485\/revisions\/4158"}],"wp:attachment":[{"href":"https:\/\/www.akcanada.com\/fr\/wp-json\/wp\/v2\/media?parent=3485"}],"curies":[{"name":"wp","href":"https:\/\/api.w.org\/{rel}","templated":true}]}}